{"id":1473,"date":"2024-07-25T09:56:44","date_gmt":"2024-07-25T07:56:44","guid":{"rendered":"https:\/\/svamv.site-preview.ch\/contact\/"},"modified":"2026-02-11T08:28:47","modified_gmt":"2026-02-11T07:28:47","slug":"contact","status":"publish","type":"page","link":"https:\/\/svamv.ch\/fr\/contact\/","title":{"rendered":"Contact et conseils"},"content":{"rendered":"\n<h2 class=\"wp-block-heading\"><strong><span class=\"s2\">Les consultations se font par t\u00e9l\u00e9phone ou par e-mail. Vous pouvez nous \u00e9crire (formulaire de contact, e-mail, WhatsApp, SMS), nous appeler ou nous envoyer un e-mail. <\/span><\/strong>.<\/h2>\n\n<div class=\"wp-block-columns is-layout-flex wp-container-core-columns-is-layout-9d6595d7 wp-block-columns-is-layout-flex\">\n<div class=\"wp-block-column is-layout-flow wp-block-column-is-layout-flow\">\n<h3 class=\"wp-block-heading\">Association suisse<br\/>des m\u00e8res et des p\u00e8res \u00e9levant seuls leurs enfants<\/h3>\n<\/div>\n\n\n\n<div class=\"wp-block-column is-layout-flow wp-block-column-is-layout-flow\">\n<p>Case postale 334<br\/>3000 Berne 6<br\/>T\u00e9l\u00e9phone, WhatsApp, SMS <a href=\"tel:+41313517771\">077 529 67 91<\/a><br\/>Mail <a href=\"mailto:info@svamv.ch\">info@svamv.ch<\/a><\/p>\n\n\n\n<p><\/p>\n<\/div>\n<\/div>\n\n<p><\/p>\n\n<h3 class=\"wp-block-heading\">Demande via le formulaire de contact<\/h3>\n<div class=\"frm_forms  with_frm_style frm_style_sleek-smooth-style\" id=\"frm_form_1_container\" >\n<form enctype=\"multipart\/form-data\" method=\"post\" class=\"frm-show-form  frm_pro_form \" id=\"form_kontaktformular\" >\n<div class=\"frm_form_fields \">\n<fieldset>\n<legend class=\"frm_screen_reader\">Formulaire de contact<\/legend>\r\n\r\n<div class=\"frm_fields_container\">\n<input type=\"hidden\" name=\"frm_action\" value=\"create\" \/>\n<input type=\"hidden\" name=\"form_id\" value=\"1\" \/>\n<input type=\"hidden\" name=\"frm_hide_fields_1\" id=\"frm_hide_fields_1\" value=\"\" \/>\n<input type=\"hidden\" name=\"form_key\" value=\"kontaktformular\" \/>\n<input type=\"hidden\" name=\"item_meta[0]\" value=\"\" \/>\n<input type=\"hidden\" id=\"frm_submit_entry_1\" name=\"frm_submit_entry_1\" value=\"c85793c26f\" \/><input type=\"hidden\" name=\"_wp_http_referer\" value=\"\/fr\/wp-json\/wp\/v2\/pages\/1473\" \/><div id=\"frm_field_1_container\" class=\"frm_form_field form-field  frm_required_field frm_top_container frm_first frm_half\">\r\n\t<label for=\"field_qh4icy\" id=\"field_qh4icy_label\" class=\"frm_primary_label\">Pr\u00e9nom\r\n\t\t<span class=\"frm_required\" aria-hidden=\"true\">*<\/span>\r\n\t<\/label>\r\n\t<input  type=\"text\" id=\"field_qh4icy\" name=\"item_meta[1]\" value=\"\"  data-reqmsg=\"Pr\u00e9nom darf nicht leer sein.\" aria-required=\"true\" data-invmsg=\"Pr\u00e9nom n&#039;est pas valide\" aria-invalid=\"false\"   \/>\r\n\t\r\n\t\r\n<\/div>\n<div id=\"frm_field_2_container\" class=\"frm_form_field form-field  frm_required_field frm_top_container frm_half\">\r\n\t<label for=\"field_ocfup1\" id=\"field_ocfup1_label\" class=\"frm_primary_label\">Nom de famille\r\n\t\t<span class=\"frm_required\" aria-hidden=\"true\">*<\/span>\r\n\t<\/label>\r\n\t<input  type=\"text\" id=\"field_ocfup1\" name=\"item_meta[2]\" value=\"\"  data-reqmsg=\"Nom de famille darf nicht leer sein.\" aria-required=\"true\" data-invmsg=\"Nom de famille n&#039;est pas valide\" aria-invalid=\"false\"   \/>\r\n\t\r\n\t\r\n<\/div>\n<div id=\"frm_field_62_container\" class=\"frm_form_field form-field  frm_required_field frm_top_container\">\r\n\t<label for=\"field_x47er\" id=\"field_x47er_label\" class=\"frm_primary_label\">E-mail\r\n\t\t<span class=\"frm_required\" aria-hidden=\"true\">*<\/span>\r\n\t<\/label>\r\n\t<input type=\"email\" id=\"field_x47er\" name=\"item_meta[62]\" value=\"\"  autocomplete=\"email\"  data-reqmsg=\"E-mail ne doit pas \u00eatre vide.\" aria-required=\"true\" data-invmsg=\"E-mail n&#039;est pas valide\" aria-invalid=\"false\"  \/>\r\n\t\r\n\t\r\n<\/div>\n<div id=\"frm_field_7_container\" class=\"frm_form_field form-field  frm_required_field frm_top_container\">\r\n\t<label for=\"field_iblid\" id=\"field_iblid_label\" class=\"frm_primary_label\">Telefon 1\r\n\t\t<span class=\"frm_required\" aria-hidden=\"true\">*<\/span>\r\n\t<\/label>\r\n\t<input type=\"tel\" id=\"field_iblid\" name=\"item_meta[7]\" value=\"\"  data-frmmask=\"+00 00 000 00 00\" data-reqmsg=\"Telefon 1 darf nicht leer sein.\" aria-required=\"true\" data-invmsg=\"Telefon 1 n&#039;est pas valide\" aria-invalid=\"false\" pattern=\"\\+\\d\\d \\d\\d \\d\\d\\d \\d\\d \\d\\d$\"   aria-describedby=\"frm_desc_field_iblid\"\/>\r\n\t<div class=\"frm_description\" id=\"frm_desc_field_iblid\">Format: +41 79 123 45 67<\/div>\r\n\t\r\n<\/div>\n<div id=\"frm_field_63_container\" class=\"frm_form_field form-field  frm_top_container\">\r\n\t<label for=\"field_n8cr4\" id=\"field_n8cr4_label\" class=\"frm_primary_label\">T\u00e9l\u00e9phone 2\r\n\t\t<span class=\"frm_required\" aria-hidden=\"true\"><\/span>\r\n\t<\/label>\r\n\t<input type=\"tel\" id=\"field_n8cr4\" name=\"item_meta[63]\" value=\"\"  data-frmmask=\"+00 00 000 00 00\" data-invmsg=\"T\u00e9l\u00e9phone 2 n&#039;est pas valide\" aria-invalid=\"false\" pattern=\"\\+\\d\\d \\d\\d \\d\\d\\d \\d\\d \\d\\d$\"   aria-describedby=\"frm_desc_field_n8cr4\"\/>\r\n\t<div class=\"frm_description\" id=\"frm_desc_field_n8cr4\">Format: +41 79 123 45 67<\/div>\r\n\t\r\n<\/div>\n<div id=\"frm_field_19_container\" class=\"frm_form_field form-field  frm_required_field frm_top_container\">\r\n\t<label for=\"field_w7ekc\" id=\"field_w7ekc_label\" class=\"frm_primary_label\">Adresse\r\n\t\t<span class=\"frm_required\" aria-hidden=\"true\">*<\/span>\r\n\t<\/label>\r\n\t<input  type=\"text\" id=\"field_w7ekc\" name=\"item_meta[19]\" value=\"\"  data-reqmsg=\"Adresse darf nicht leer sein.\" aria-required=\"true\" data-invmsg=\"Adresse n&#039;est pas valide\" aria-invalid=\"false\"   \/>\r\n\t\r\n\t\r\n<\/div>\n<div id=\"frm_field_20_container\" class=\"frm_form_field form-field  frm_required_field frm_top_container frm_first frm_third\">\r\n\t<label for=\"field_bk9mk\" id=\"field_bk9mk_label\" class=\"frm_primary_label\">Code postal\r\n\t\t<span class=\"frm_required\" aria-hidden=\"true\">*<\/span>\r\n\t<\/label>\r\n\t<input type=\"number\" id=\"field_bk9mk\" name=\"item_meta[20]\" value=\"\" data-reqmsg=\"Code postal ne doit pas \u00eatre vide.\" aria-required=\"true\" data-invmsg=\"Code postal n&#039;est pas valide\" aria-invalid=\"false\"   min=\"0\" max=\"9999999\" step=\"any\" \/>\r\n\t\r\n\t\r\n<\/div>\n<div id=\"frm_field_65_container\" class=\"frm_form_field form-field  frm_required_field frm_top_container frm_third\">\r\n\t<label for=\"field_jocia\" id=\"field_jocia_label\" class=\"frm_primary_label\">Ort\r\n\t\t<span class=\"frm_required\" aria-hidden=\"true\">*<\/span>\r\n\t<\/label>\r\n\t<input  type=\"text\" id=\"field_jocia\" name=\"item_meta[65]\" value=\"\"  data-reqmsg=\"Ort darf nicht leer sein.\" aria-required=\"true\" data-invmsg=\"Ort ist ung\u00fcltig\" aria-invalid=\"false\"   \/>\r\n\t\r\n\t\r\n<\/div>\n<div id=\"frm_field_22_container\" class=\"frm_form_field form-field  frm_required_field frm_top_container frm_third\">\r\n\t<label for=\"field_v08mt\" id=\"field_v08mt_label\" class=\"frm_primary_label\">Canton\r\n\t\t<span class=\"frm_required\" aria-hidden=\"true\">*<\/span>\r\n\t<\/label>\r\n\t\t\t<select name=\"item_meta[22]\" id=\"field_v08mt\"  data-reqmsg=\"Canton ne doit pas \u00eatre vide.\" aria-required=\"true\" data-invmsg=\"Canton est non valide\" aria-invalid=\"false\"  >\n\t\t<option  value=\"AG\">AG<\/option><option  value=\"AI\">AI<\/option><option  value=\"AR\">AR<\/option><option  value=\"BE\">BE<\/option><option  value=\"BL\">BL<\/option><option  value=\"BS\">BS<\/option><option  value=\"FR\">FR<\/option><option  value=\"GE\">GE<\/option><option  value=\"GL\">GL<\/option><option  value=\"GR\">GR<\/option><option  value=\"JU\">JU<\/option><option  value=\"LU\">LU<\/option><option  value=\"NE\">NE<\/option><option  value=\"NW\">NW<\/option><option  value=\"OW\">OW<\/option><option  value=\"SG\">SG<\/option><option  value=\"SH\">SH<\/option><option  value=\"SO\">SO<\/option><option  value=\"SZ\">SZ<\/option><option  value=\"TG\">TG<\/option><option  value=\"TI\">TI<\/option><option  value=\"UR\">UR<\/option><option  value=\"VD\">VD<\/option><option  value=\"VS\">VS<\/option><option  value=\"ZG\">ZG<\/option><option  value=\"ZH\">ZH<\/option>\t<\/select>\n\t\r\n\t\r\n\t\r\n<\/div>\n<div id=\"frm_field_9_container\" class=\"frm_form_field form-field  frm_required_field frm_top_container\">\r\n\t<label for=\"field_iv1xf\" id=\"field_iv1xf_label\" class=\"frm_primary_label\">Sujet\r\n\t\t<span class=\"frm_required\" aria-hidden=\"true\">*<\/span>\r\n\t<\/label>\r\n\t<input  type=\"text\" id=\"field_iv1xf\" name=\"item_meta[9]\" value=\"\"  data-reqmsg=\"Sujet darf nicht leer sein.\" aria-required=\"true\" data-invmsg=\"Sujet n&#039;est pas valide\" aria-invalid=\"false\"   \/>\r\n\t\r\n\t\r\n<\/div>\n<div id=\"frm_field_5_container\" class=\"frm_form_field form-field  frm_required_field frm_top_container frm_full\">\r\n\t<label for=\"field_9jv0r1\" id=\"field_9jv0r1_label\" class=\"frm_primary_label\">Message\r\n\t\t<span class=\"frm_required\" aria-hidden=\"true\">*<\/span>\r\n\t<\/label>\r\n\t<textarea name=\"item_meta[5]\" id=\"field_9jv0r1\" rows=\"5\"  data-reqmsg=\"Message ne doit pas \u00eatre vide.\" aria-required=\"true\" data-invmsg=\"Message n&#039;est pas valide\" aria-invalid=\"false\"  ><\/textarea>\r\n\t\r\n\t\r\n<\/div>\n<div id=\"frm_field_10_container\" class=\"frm_form_field form-field  frm_required_field frm_top_container vertical_radio\">\r\n\t<div  id=\"field_8wyb4_label\" class=\"frm_primary_label\">Pouvons-nous vous envoyer notre newsletter ?\r\n\t\t<span class=\"frm_required\" aria-hidden=\"true\">*<\/span>\r\n\t<\/div>\r\n\t<div class=\"frm_opt_container\" aria-labelledby=\"field_8wyb4_label\" role=\"radiogroup\" aria-required=\"true\">\t\t<div class=\"frm_radio\" id=\"frm_radio_10-0\">\t\t\t<label  for=\"field_8wyb4-0\">\n\t\t\t\t\t<input type=\"radio\" name=\"item_meta[10]\" id=\"field_8wyb4-0\" value=\"Ja\"\n\t\t data-reqmsg=\"Pouvons-nous vous envoyer notre newsletter ? ne doit pas \u00eatre vide.\" data-invmsg=\"Pouvons-nous vous envoyer notre newsletter ? ist ung\u00fcltig\"   \/> Oui<\/label><\/div>\n\t\t<div class=\"frm_radio\" id=\"frm_radio_10-1\">\t\t\t<label  for=\"field_8wyb4-1\">\n\t\t\t\t\t<input type=\"radio\" name=\"item_meta[10]\" id=\"field_8wyb4-1\" value=\"Nein\"\n\t\t data-reqmsg=\"Pouvons-nous vous envoyer notre newsletter ? ne doit pas \u00eatre vide.\" data-invmsg=\"Pouvons-nous vous envoyer notre newsletter ? ist ung\u00fcltig\"   \/> Non<\/label><\/div>\n<\/div>\r\n\t\r\n\t\r\n<\/div>\n<div id=\"frm_field_11_container\" class=\"frm_form_field form-field  frm_required_field frm_top_container vertical_radio\">\r\n\t<div  id=\"field_tlqlk_label\" class=\"frm_primary_label\">Vous souhaitez devenir membre de notre association ? (CHF 30.-\/A)\r\n\t\t<span class=\"frm_required\" aria-hidden=\"true\">*<\/span>\r\n\t<\/div>\r\n\t<div class=\"frm_opt_container\" aria-labelledby=\"field_tlqlk_label\" role=\"radiogroup\" aria-required=\"true\">\t\t<div class=\"frm_radio\" id=\"frm_radio_11-0\">\t\t\t<label  for=\"field_tlqlk-0\">\n\t\t\t\t\t<input type=\"radio\" name=\"item_meta[11]\" id=\"field_tlqlk-0\" value=\"Ja\"\n\t\t data-reqmsg=\"Vous souhaitez devenir membre de notre association ? (CHF 30.-\/A) ne doit pas \u00eatre vide.\" data-invmsg=\"Vous souhaitez devenir membre de notre association ? (CHF 30.-\/A) ist ung\u00fcltig\"   \/> Oui<\/label><\/div>\n\t\t<div class=\"frm_radio\" id=\"frm_radio_11-1\">\t\t\t<label  for=\"field_tlqlk-1\">\n\t\t\t\t\t<input type=\"radio\" name=\"item_meta[11]\" id=\"field_tlqlk-1\" value=\"Nein\"\n\t\t data-reqmsg=\"Vous souhaitez devenir membre de notre association ? (CHF 30.-\/A) ne doit pas \u00eatre vide.\" data-invmsg=\"Vous souhaitez devenir membre de notre association ? (CHF 30.-\/A) ist ung\u00fcltig\"   \/> Non<\/label><\/div>\n<\/div>\r\n\t\r\n\t\r\n<\/div>\n<div id=\"frm_field_12_container\" class=\"frm_form_field form-field  frm_required_field frm_top_container vertical_radio frm_other_container\">\r\n\t<div  id=\"field_a29ho_label\" class=\"frm_primary_label\">Comment avez-vous d\u00e9couvert la FSFM ?\r\n\t\t<span class=\"frm_required\" aria-hidden=\"true\">*<\/span>\r\n\t<\/div>\r\n\t<div class=\"frm_opt_container\" aria-labelledby=\"field_a29ho_label\" role=\"radiogroup\" aria-required=\"true\">\t\t<div class=\"frm_radio\" id=\"frm_radio_12-0\">\t\t\t<label  for=\"field_a29ho-0\">\n\t\t\t\t\t<input type=\"radio\" name=\"item_meta[12]\" id=\"field_a29ho-0\" value=\"Pers\u00f6nliche Empfehlung\"\n\t\t data-reqmsg=\"Comment avez-vous d\u00e9couvert la FSFM ? ne doit pas \u00eatre vide.\" data-invmsg=\"Comment avez-vous d\u00e9couvert la FSFM ? ist ung\u00fcltig\"   \/> Recommandation personnelle<\/label><\/div>\n\t\t<div class=\"frm_radio\" id=\"frm_radio_12-1\">\t\t\t<label  for=\"field_a29ho-1\">\n\t\t\t\t\t<input type=\"radio\" name=\"item_meta[12]\" id=\"field_a29ho-1\" value=\"Empfehlung durch Fachperson \/ Fachstelle\"\n\t\t data-reqmsg=\"Comment avez-vous d\u00e9couvert la FSFM ? ne doit pas \u00eatre vide.\" data-invmsg=\"Comment avez-vous d\u00e9couvert la FSFM ? ist ung\u00fcltig\"   \/> Recommandation par un sp\u00e9cialiste \/ un service sp\u00e9cialis\u00e9<\/label><\/div>\n\t\t<div class=\"frm_radio\" id=\"frm_radio_12-2\">\t\t\t<label  for=\"field_a29ho-2\">\n\t\t\t\t\t<input type=\"radio\" name=\"item_meta[12]\" id=\"field_a29ho-2\" value=\"Beh\u00f6rde\"\n\t\t data-reqmsg=\"Comment avez-vous d\u00e9couvert la FSFM ? ne doit pas \u00eatre vide.\" data-invmsg=\"Comment avez-vous d\u00e9couvert la FSFM ? ist ung\u00fcltig\"   \/> Autorit\u00e9<\/label><\/div>\n\t\t<div class=\"frm_radio\" id=\"frm_radio_12-3\">\t\t\t<label  for=\"field_a29ho-3\">\n\t\t\t\t\t<input type=\"radio\" name=\"item_meta[12]\" id=\"field_a29ho-3\" value=\"Medien\"\n\t\t data-reqmsg=\"Comment avez-vous d\u00e9couvert la FSFM ? ne doit pas \u00eatre vide.\" data-invmsg=\"Comment avez-vous d\u00e9couvert la FSFM ? ist ung\u00fcltig\"   \/> M\u00e9dias<\/label><\/div>\n\t\t<div class=\"frm_radio\" id=\"frm_radio_12-4\">\t\t\t<label  for=\"field_a29ho-4\">\n\t\t\t\t\t<input type=\"radio\" name=\"item_meta[12]\" id=\"field_a29ho-4\" value=\"Internetsuche\"\n\t\t data-reqmsg=\"Comment avez-vous d\u00e9couvert la FSFM ? ne doit pas \u00eatre vide.\" data-invmsg=\"Comment avez-vous d\u00e9couvert la FSFM ? ist ung\u00fcltig\"   \/> Recherche sur Internet<\/label><\/div>\n\t\t<div class=\"frm_radio\" id=\"frm_radio_12-5\">\t\t\t<label  for=\"field_a29ho-5\">\n\t\t\t\t\t<input type=\"radio\" name=\"item_meta[12]\" id=\"field_a29ho-5\" value=\"Social Media\"\n\t\t data-reqmsg=\"Comment avez-vous d\u00e9couvert la FSFM ? ne doit pas \u00eatre vide.\" data-invmsg=\"Comment avez-vous d\u00e9couvert la FSFM ? ist ung\u00fcltig\"   \/> M\u00e9dias sociaux<\/label><\/div>\n\t\t<div class=\"frm_radio\" id=\"frm_radio_12-other_6\">\t\t\t<label  for=\"field_a29ho-other_6\">\n\t\t\t\t\t<input type=\"radio\" name=\"item_meta[12]\" id=\"field_a29ho-other_6\" value=\"Andere\"\n\t\t data-reqmsg=\"Comment avez-vous d\u00e9couvert la FSFM ? ne doit pas \u00eatre vide.\" data-invmsg=\"Comment avez-vous d\u00e9couvert la FSFM ? ist ung\u00fcltig\"   \/> Autres<\/label><label for=\"field_a29ho-other_6-otext\" class=\"frm_screen_reader frm_hidden\">Autres<\/label><input type=\"text\" id=\"field_a29ho-other_6-otext\" class=\"frm_other_input frm_pos_none\"  name=\"item_meta[other][12]\" value=\"\" \/><\/div>\n<\/div>\r\n\t\r\n\t\r\n<\/div>\n<div id=\"frm_field_67_container\" class=\"frm_form_field form-field  frm_required_field frm_top_container vertical_radio\">\n\t<div  id=\"field_gp0j1_label\" class=\"frm_primary_label\">J&rsquo;accepte que mes donn\u00e9es soient transmises au syst\u00e8me de la FSFM. Aucune donn\u00e9e ne sera transmise \u00e0 des tiers.\n\t\t<span class=\"frm_required\" aria-hidden=\"true\">*<\/span>\n\t<\/div>\n\t<div class=\"frm_opt_container\" aria-labelledby=\"field_gp0j1_label\" role=\"group\">\t\t<div class=\"frm_checkbox\" id=\"frm_checkbox_67-0\">\t\t\t<label  for=\"field_gp0j1-0\">\n\t\t\t<input type=\"checkbox\" name=\"item_meta[67][]\" id=\"field_gp0j1-0\" value=\"Ja\"  data-reqmsg=\"J&#039;accepte que mes donn\u00e9es soient transmises au syst\u00e8me de la FSFM. Aucune donn\u00e9e ne sera transmise \u00e0 des tiers. darf nicht leer sein.\" data-invmsg=\"J&#039;accepte que mes donn\u00e9es soient transmises au syst\u00e8me de la FSFM. Aucune donn\u00e9e ne sera transmise \u00e0 des tiers. est non valide\"   aria-required=\"true\"  \/> Oui<\/label><\/div>\n<\/div>\n\t\n\t\n<\/div>\n<div id=\"frm_field_17_container\" class=\"frm_form_field form-field  frm_none_container\">\r\n\t<label for=\"h-captcha-response\" id=\"field_rh92r_label\" class=\"frm_primary_label\">Captcha\r\n\t\t<span class=\"frm_required\" aria-hidden=\"true\"><\/span>\r\n\t<\/label>\r\n\t<div  id=\"field_rh92r\" class=\"h-captcha\" data-sitekey=\"16ea60ae-a954-4124-8690-7df87b0e6270\" data-size=\"normal\" data-theme=\"light\"><\/div>\r\n\t\r\n\t\r\n<\/div>\n<div id=\"frm_field_6_container\" class=\"frm_form_field form-field \">\r\n\t<div class=\"frm_submit frm_flex\">\r\n<button class=\"frm_button_submit frm_final_submit\" type=\"submit\"   formnovalidate=\"formnovalidate\">Envoyer<\/button>\r\n\r\n\r\n\r\n<\/div>\r\n<\/div>\n\t<input type=\"hidden\" name=\"item_key\" value=\"\" \/>\n\t\t\t<div id=\"frm_field_68_container\">\n\t\t\t<label for=\"field_slrz4\" >\n\t\t\t\tSi vous \u00eates un humain, ne remplissez pas ce champ.\t\t\t<\/label>\n\t\t\t<input  id=\"field_slrz4\" type=\"text\" class=\"frm_form_field form-field frm_verify\" name=\"item_meta[68]\" value=\"\"  \/>\n\t\t<\/div>\n\t\t<input name=\"frm_state\" type=\"hidden\" value=\"5GupCi3CyCNP2S7peb8p\/GMHnsHb7ElhRemNw2vxoQia3tJ4vjz9djoqYPSubvPO\" \/><\/div>\n<\/fieldset>\n<\/div>\n\n<\/form>\n<\/div>\n\n<p><a href=\"https:\/\/form.jotform.com\/232075133801042\">Vous trouverez ici le formulaire<\/a> pour une \u00e9ventuelle aide financi\u00e8re.<br\/>Veuillez le remplir directement en ligne.<br\/>Et voici le lien vers la <a href=\"https:\/\/svamv.ch\/wp-content\/uploads\/2024\/12\/Budget-Gesuch-SVAMV-SKOS-intern-002-db-1.xls\">demande de budget FSFM<\/a><br\/>Pour toute question, veuillez vous adresser \u00e0 <a href=\"mailto:info@svamv.ch\">info@svamv.ch<\/a><\/p>\n\n<p><\/p>\n","protected":false},"excerpt":{"rendered":"<p>Les consultations se font par t\u00e9l\u00e9phone ou par e-mail. Vous pouvez nous \u00e9crire (formulaire de contact, e-mail, WhatsApp, SMS), nous appeler ou nous envoyer un e-mail. . Association suissedes m\u00e8res et des p\u00e8res \u00e9levant seuls leurs enfants Case postale 3343000 Berne 6T\u00e9l\u00e9phone, WhatsApp, SMS 077 529 67 91Mail info@svamv.ch Demande via le formulaire de contact [&hellip;]<\/p>\n","protected":false},"author":1,"featured_media":0,"parent":0,"menu_order":0,"comment_status":"closed","ping_status":"closed","template":"","meta":{"_acf_changed":false,"footnotes":""},"class_list":["post-1473","page","type-page","status-publish","hentry"],"acf":[],"yoast_head":"<!-- This site is optimized with the Yoast SEO plugin v27.3 - https:\/\/yoast.com\/product\/yoast-seo-wordpress\/ -->\n<title>Contact et conseils - SVAMV<\/title>\n<meta name=\"robots\" content=\"index, follow, max-snippet:-1, max-image-preview:large, max-video-preview:-1\" \/>\n<link rel=\"canonical\" href=\"https:\/\/svamv.ch\/fr\/contact\/\" \/>\n<meta property=\"og:locale\" content=\"fr_FR\" \/>\n<meta property=\"og:type\" content=\"article\" \/>\n<meta property=\"og:title\" content=\"Contact et conseils - SVAMV\" \/>\n<meta property=\"og:description\" content=\"Les consultations se font par t\u00e9l\u00e9phone ou par e-mail. Vous pouvez nous \u00e9crire (formulaire de contact, e-mail, WhatsApp, SMS), nous appeler ou nous envoyer un e-mail. . Association suissedes m\u00e8res et des p\u00e8res \u00e9levant seuls leurs enfants Case postale 3343000 Berne 6T\u00e9l\u00e9phone, WhatsApp, SMS 077 529 67 91Mail info@svamv.ch Demande via le formulaire de contact [&hellip;]\" \/>\n<meta property=\"og:url\" content=\"https:\/\/svamv.ch\/fr\/contact\/\" \/>\n<meta property=\"og:site_name\" content=\"SVAMV\" \/>\n<meta property=\"article:modified_time\" content=\"2026-02-11T07:28:47+00:00\" \/>\n<meta name=\"twitter:card\" content=\"summary_large_image\" \/>\n<script type=\"application\/ld+json\" class=\"yoast-schema-graph\">{\"@context\":\"https:\\\/\\\/schema.org\",\"@graph\":[{\"@type\":\"WebPage\",\"@id\":\"https:\\\/\\\/svamv.ch\\\/fr\\\/contact\\\/\",\"url\":\"https:\\\/\\\/svamv.ch\\\/fr\\\/contact\\\/\",\"name\":\"Contact et conseils - SVAMV\",\"isPartOf\":{\"@id\":\"https:\\\/\\\/svamv.ch\\\/fr\\\/#website\"},\"datePublished\":\"2024-07-25T07:56:44+00:00\",\"dateModified\":\"2026-02-11T07:28:47+00:00\",\"breadcrumb\":{\"@id\":\"https:\\\/\\\/svamv.ch\\\/fr\\\/contact\\\/#breadcrumb\"},\"inLanguage\":\"fr-FR\",\"potentialAction\":[{\"@type\":\"ReadAction\",\"target\":[\"https:\\\/\\\/svamv.ch\\\/fr\\\/contact\\\/\"]}]},{\"@type\":\"BreadcrumbList\",\"@id\":\"https:\\\/\\\/svamv.ch\\\/fr\\\/contact\\\/#breadcrumb\",\"itemListElement\":[{\"@type\":\"ListItem\",\"position\":1,\"name\":\"Startseite\",\"item\":\"https:\\\/\\\/svamv.ch\\\/fr\\\/\"},{\"@type\":\"ListItem\",\"position\":2,\"name\":\"Contact et conseils\"}]},{\"@type\":\"WebSite\",\"@id\":\"https:\\\/\\\/svamv.ch\\\/fr\\\/#website\",\"url\":\"https:\\\/\\\/svamv.ch\\\/fr\\\/\",\"name\":\"SVAMV\",\"description\":\"Allein erziehen einfacher gemacht\",\"potentialAction\":[{\"@type\":\"SearchAction\",\"target\":{\"@type\":\"EntryPoint\",\"urlTemplate\":\"https:\\\/\\\/svamv.ch\\\/fr\\\/?s={search_term_string}\"},\"query-input\":{\"@type\":\"PropertyValueSpecification\",\"valueRequired\":true,\"valueName\":\"search_term_string\"}}],\"inLanguage\":\"fr-FR\"}]}<\/script>\n<!-- \/ Yoast SEO plugin. -->","yoast_head_json":{"title":"Contact et conseils - SVAMV","robots":{"index":"index","follow":"follow","max-snippet":"max-snippet:-1","max-image-preview":"max-image-preview:large","max-video-preview":"max-video-preview:-1"},"canonical":"https:\/\/svamv.ch\/fr\/contact\/","og_locale":"fr_FR","og_type":"article","og_title":"Contact et conseils - SVAMV","og_description":"Les consultations se font par t\u00e9l\u00e9phone ou par e-mail. Vous pouvez nous \u00e9crire (formulaire de contact, e-mail, WhatsApp, SMS), nous appeler ou nous envoyer un e-mail. . Association suissedes m\u00e8res et des p\u00e8res \u00e9levant seuls leurs enfants Case postale 3343000 Berne 6T\u00e9l\u00e9phone, WhatsApp, SMS 077 529 67 91Mail info@svamv.ch Demande via le formulaire de contact [&hellip;]","og_url":"https:\/\/svamv.ch\/fr\/contact\/","og_site_name":"SVAMV","article_modified_time":"2026-02-11T07:28:47+00:00","twitter_card":"summary_large_image","schema":{"@context":"https:\/\/schema.org","@graph":[{"@type":"WebPage","@id":"https:\/\/svamv.ch\/fr\/contact\/","url":"https:\/\/svamv.ch\/fr\/contact\/","name":"Contact et conseils - SVAMV","isPartOf":{"@id":"https:\/\/svamv.ch\/fr\/#website"},"datePublished":"2024-07-25T07:56:44+00:00","dateModified":"2026-02-11T07:28:47+00:00","breadcrumb":{"@id":"https:\/\/svamv.ch\/fr\/contact\/#breadcrumb"},"inLanguage":"fr-FR","potentialAction":[{"@type":"ReadAction","target":["https:\/\/svamv.ch\/fr\/contact\/"]}]},{"@type":"BreadcrumbList","@id":"https:\/\/svamv.ch\/fr\/contact\/#breadcrumb","itemListElement":[{"@type":"ListItem","position":1,"name":"Startseite","item":"https:\/\/svamv.ch\/fr\/"},{"@type":"ListItem","position":2,"name":"Contact et conseils"}]},{"@type":"WebSite","@id":"https:\/\/svamv.ch\/fr\/#website","url":"https:\/\/svamv.ch\/fr\/","name":"SVAMV","description":"Allein erziehen einfacher gemacht","potentialAction":[{"@type":"SearchAction","target":{"@type":"EntryPoint","urlTemplate":"https:\/\/svamv.ch\/fr\/?s={search_term_string}"},"query-input":{"@type":"PropertyValueSpecification","valueRequired":true,"valueName":"search_term_string"}}],"inLanguage":"fr-FR"}]}},"_links":{"self":[{"href":"https:\/\/svamv.ch\/fr\/wp-json\/wp\/v2\/pages\/1473","targetHints":{"allow":["GET"]}}],"collection":[{"href":"https:\/\/svamv.ch\/fr\/wp-json\/wp\/v2\/pages"}],"about":[{"href":"https:\/\/svamv.ch\/fr\/wp-json\/wp\/v2\/types\/page"}],"author":[{"embeddable":true,"href":"https:\/\/svamv.ch\/fr\/wp-json\/wp\/v2\/users\/1"}],"replies":[{"embeddable":true,"href":"https:\/\/svamv.ch\/fr\/wp-json\/wp\/v2\/comments?post=1473"}],"version-history":[{"count":6,"href":"https:\/\/svamv.ch\/fr\/wp-json\/wp\/v2\/pages\/1473\/revisions"}],"predecessor-version":[{"id":2326,"href":"https:\/\/svamv.ch\/fr\/wp-json\/wp\/v2\/pages\/1473\/revisions\/2326"}],"wp:attachment":[{"href":"https:\/\/svamv.ch\/fr\/wp-json\/wp\/v2\/media?parent=1473"}],"curies":[{"name":"wp","href":"https:\/\/api.w.org\/{rel}","templated":true}]}}