{"id":1602,"date":"2024-06-28T08:22:42","date_gmt":"2024-06-28T06:22:42","guid":{"rendered":"https:\/\/svamv.site-preview.ch\/conseil\/"},"modified":"2024-12-18T16:43:53","modified_gmt":"2024-12-18T15:43:53","slug":"conseil","status":"publish","type":"page","link":"https:\/\/svamv.ch\/fr\/conseil\/","title":{"rendered":"Conseil"},"content":{"rendered":"\n<h3 class=\"wp-block-heading p1\"><strong><span class=\"s2\">Pour une consultation, remplissez le <a href=\"https:\/\/svamv.ch\/fr\/contact\/\" target=\"_blank\" rel=\"noreferrer noopener\">formulaire de contact<\/a>, envoyez-nous un SMS ou un WhatsApp (077 529 67 91) ou contactez-nous par t\u00e9l\u00e9phone<\/span> <a href=\"tel:+41313517771\">au 031 351 77 71<\/a>. <span class=\"s2\">Les consultations et les coachings se font par t\u00e9l\u00e9phone et par<\/span><\/strong><span class=\"s2\"><strong> par courrier \u00e9lectronique.<\/strong><\/span><\/h3>\n\n<p class=\"p1\"><span class=\"s2\">La FSFM aide les familles monoparentales \u00e0 r\u00e9soudre des probl\u00e8mes complexes gr\u00e2ce \u00e0 <strong>des conseils et des coachings gratuits, ind\u00e9pendants et professionnels.<\/strong> L&rsquo;objectif de la f\u00e9d\u00e9ration est de garantir un conseil complet selon le principe du \u00ab\u00a0guichet unique\u00a0\u00bb. Bien entendu, l&rsquo;association respecte le <strong>secret professionnel absolu vis-\u00e0-vis des tiers,<\/strong> \u00e0 moins qu&rsquo;un autre accord n&rsquo;ait \u00e9t\u00e9 conclu. Les principes du Code professionnel suisse du travail social d&rsquo;Avenir Social sont respect\u00e9s.    <\/span>Les conseils sont donn\u00e9s en allemand, en italien ou en fran\u00e7ais, et les connaissances sont r\u00e9guli\u00e8rement mises \u00e0 jour et renouvel\u00e9es par des formations continues.<\/p>\n\n<figure class=\"wp-block-image\"><img decoding=\"async\" src=\"https:\/\/svamv.ch\/wp-content\/uploads\/2024\/07\/people-coffee-meeting-team-7096-scaled.jpg\" alt=\"\" class=\"wp-image-7396\"\/><\/figure>\n\n<p class=\"p1\"><span class=\"s2\">La priorit\u00e9 est toujours donn\u00e9e aux droits, aux int\u00e9r\u00eats et au bien-\u00eatre de l&rsquo;enfant. Lorsque, pour une raison ou une autre, on se retrouve soudainement \u00e0 \u00e9lever seul son enfant, il n&rsquo;est pas toujours facile de se lancer. C&rsquo;est toute la vie qui change.  <\/span><\/p>\n\n<p class=\"p1\"><span class=\"s2\"><strong>Dans ce contexte, la FSFM soutient les familles monoparentales afin que le d\u00e9marrage soit aussi simple que possible.<\/strong><\/span><i> <\/i><\/p>\n\n<p class=\"p1\"><span class=\"s2\">De nombreux probl\u00e8mes qui peuvent \u00eatre li\u00e9s \u00e0 la monoparentalit\u00e9 se r\u00e9p\u00e8tent de cas en cas. <strong>Le personnel de la FSFM, qui a re\u00e7u une formation professionnelle<\/strong>, peut, gr\u00e2ce \u00e0 ses connaissances et \u00e0 sa longue exp\u00e9rience, pr\u00e9venir l&rsquo;apparition de ces probl\u00e8mes ou les att\u00e9nuer \u00e0 l&rsquo;avance gr\u00e2ce \u00e0 des conseils cibl\u00e9s.<\/span><\/p>\n\n<figure class=\"wp-block-image\"><img decoding=\"async\" src=\"https:\/\/svamv.ch\/wp-content\/uploads\/2024\/07\/photo-of-man-leaning-his-forehead-on-child-s-forehead-3933076-scaled.jpg\" alt=\"\" class=\"wp-image-7381\"\/><\/figure>\n\n<p class=\"p1\"><strong><span class=\"s2\">Les consultations et le coaching sont structur\u00e9s de mani\u00e8re \u00e0 aider \u00e0 s&rsquo;aider soi-m\u00eame. Ils abordent les th\u00e8mes suivants : <\/span><\/strong><\/p>\n\n<ul class=\"wp-block-list ul1\">\n<li><span class=\"s2\">Entr\u00e9e dans la monoparentalit\u00e9  <\/span><\/li>\n\n\n\n<li><span class=\"s2\">Obligations et droits des parents<\/span><\/li>\n\n\n\n<li><span class=\"s2\">Entretien<\/span><\/li>\n\n\n\n<li><span class=\"s2\">Assistance<\/span><\/li>\n\n\n\n<li><span class=\"s2\">Prise en charge<\/span><\/li>\n\n\n\n<li><span class=\"s2\">Autorit\u00e9 parentale<\/span><\/li>\n\n\n\n<li><span class=\"s2\">Aide alimentaire<\/span><\/li>\n\n\n\n<li><span class=\"s2\">Relations avec l&rsquo;autre parent  <\/span><\/li>\n\n\n\n<li><span class=\"s2\">Relations avec les autorit\u00e9s  <\/span><\/li>\n\n\n\n<li><span class=\"s2\">Questions sp\u00e9cifiques sur les charges multiples des parents isol\u00e9s  <\/span><\/li>\n\n\n\n<li><span class=\"s2\">Questions sp\u00e9cifiques sur la garantie de l&rsquo;entretien financier des familles monoparentales<\/span><\/li>\n\n\n\n<li><span class=\"s2\">Aide \u00e0 l&rsquo;obtention d&rsquo;une aide financi\u00e8re de subsistance<\/span><\/li>\n\n\n\n<li><span class=\"s2\">Promotion de l&rsquo;int\u00e9gration professionnelle<\/span><\/li>\n\n\n\n<li><span class=\"s2\">Renforcer les parents dans la protection des droits des enfants<\/span><\/li>\n\n\n\n<li><span class=\"s2\">Transmission de connaissances techniques et op\u00e9rationnelles<\/span><\/li>\n\n\n\n<li><span class=\"s2\">Distribution d&rsquo;outils tels que des contrats types<\/span><\/li>\n\n\n\n<li><span class=\"s2\">Distribution de mat\u00e9riel d&rsquo;information sur des questions de fond<\/span><\/li>\n\n\n\n<li><span class=\"s2\">clarification initiale et aide en cas de questions juridiques et, \u00e9ventuellement, mise en place d&rsquo;une repr\u00e9sentation juridique<\/span><\/li>\n\n\n\n<li><span class=\"s2\">Soutien et promotion des comp\u00e9tences d&rsquo;action  <\/span><\/li>\n\n\n\n<li><span class=\"s2\">Faciliter l&rsquo;acc\u00e8s aux services de conseil sp\u00e9cialis\u00e9s  <\/span><\/li>\n<\/ul>\n\n<p class=\"p1\"><strong><span class=\"s2\">Bien entendu, les probl\u00e8mes tr\u00e8s individuels qui ne se posent que dans votre cas sp\u00e9cifique sont \u00e9galement abord\u00e9s.<\/span><\/strong><\/p>\n\n<figure class=\"wp-block-image\"><img decoding=\"async\" src=\"https:\/\/svamv.ch\/wp-content\/uploads\/2024\/07\/woman-carrying-baby-boy-wearing-white-tank-top-infront-of-755028-scaled.jpg\" alt=\"\" class=\"wp-image-7384\"\/><\/figure>\n\n<p class=\"p1\"><span class=\"s2\">La FSFM souhaite vous aider en vous fournissant des conseils comp\u00e9tents qui vous \u00e9viteront de perdre du temps et d&rsquo;\u00eatre frustr\u00e9 en vous rendant dans diff\u00e9rentes administrations o\u00f9 vous risquez de vous voir refuser l&rsquo;acc\u00e8s par manque de comp\u00e9tence ou par surcharge de travail. En tant que parent unique, vous vous heurtez r\u00e9guli\u00e8rement \u00e0 des questions complexes qui vous feraient perdre beaucoup de temps et d&rsquo;\u00e9nergie si vous deviez vous en occuper seul.   <\/span><\/p>\n\n<p class=\"p1\"><span class=\"s2\"><strong>Gr\u00e2ce \u00e0 sa longue exp\u00e9rience, la FSFM peut r\u00e9pondre rapidement \u00e0 de nombreuses questions qui vous demanderaient de nombreuses heures de recherche et qui pourraient vous frustrer.<\/strong><\/span><\/p>\n\n<figure class=\"wp-block-image\"><img decoding=\"async\" src=\"https:\/\/svamv.ch\/wp-content\/uploads\/2024\/07\/two-woman-chatting-1311518-scaled.jpg\" alt=\"\" class=\"wp-image-7393\"\/><\/figure>\n\n<p class=\"p1\"><span class=\"s2\"><strong>Une attention particuli\u00e8re est accord\u00e9e \u00e0 la garantie de la qualit\u00e9 de l&rsquo;offre.<\/strong>  Les conseillers sont titulaires d&rsquo;un dipl\u00f4me en travail social ou d&rsquo;une formation professionnelle reconnue \u00e9quivalente, ils ont une exp\u00e9rience de la famille monoparentale et poss\u00e8dent des connaissances approfondies sur les questions cl\u00e9s de la monoparentalit\u00e9, y compris les connaissances actuelles de la recherche sur la famille et le divorce.  <\/span><\/p>\n\n<figure class=\"wp-block-image\"><img decoding=\"async\" src=\"https:\/\/svamv.ch\/wp-content\/uploads\/2024\/07\/baby-touching-woman-s-face-1257110-scaled.jpg\" alt=\"\" class=\"wp-image-7390\"\/><\/figure>\n","protected":false},"excerpt":{"rendered":"<p>Pour une consultation, remplissez le formulaire de contact, envoyez-nous un SMS ou un WhatsApp (077 529 67 91) ou contactez-nous par t\u00e9l\u00e9phone au 031 351 77 71. Les consultations et les coachings se font par t\u00e9l\u00e9phone et par par courrier \u00e9lectronique. La FSFM aide les familles monoparentales \u00e0 r\u00e9soudre des probl\u00e8mes complexes gr\u00e2ce \u00e0 des [&hellip;]<\/p>\n","protected":false},"author":1,"featured_media":0,"parent":0,"menu_order":0,"comment_status":"closed","ping_status":"closed","template":"","meta":{"_acf_changed":false,"footnotes":""},"class_list":["post-1602","page","type-page","status-publish","hentry"],"acf":[],"yoast_head":"<!-- This site is optimized with the Yoast SEO plugin v27.5 - https:\/\/yoast.com\/product\/yoast-seo-wordpress\/ -->\n<title>Conseil - SVAMV<\/title>\n<meta name=\"robots\" content=\"index, follow, max-snippet:-1, max-image-preview:large, max-video-preview:-1\" \/>\n<link rel=\"canonical\" href=\"https:\/\/svamv.ch\/fr\/conseil\/\" \/>\n<meta property=\"og:locale\" content=\"fr_FR\" \/>\n<meta property=\"og:type\" content=\"article\" \/>\n<meta property=\"og:title\" content=\"Conseil - SVAMV\" \/>\n<meta property=\"og:description\" content=\"Pour une consultation, remplissez le formulaire de contact, envoyez-nous un SMS ou un WhatsApp (077 529 67 91) ou contactez-nous par t\u00e9l\u00e9phone au 031 351 77 71. Les consultations et les coachings se font par t\u00e9l\u00e9phone et par par courrier \u00e9lectronique. La FSFM aide les familles monoparentales \u00e0 r\u00e9soudre des probl\u00e8mes complexes gr\u00e2ce \u00e0 des [&hellip;]\" \/>\n<meta property=\"og:url\" content=\"https:\/\/svamv.ch\/fr\/conseil\/\" \/>\n<meta property=\"og:site_name\" content=\"SVAMV\" \/>\n<meta property=\"article:modified_time\" content=\"2024-12-18T15:43:53+00:00\" \/>\n<meta property=\"og:image\" content=\"https:\/\/svamv.ch\/wp-content\/uploads\/2024\/07\/people-coffee-meeting-team-7096-scaled.jpg\" \/>\n<meta name=\"twitter:card\" content=\"summary_large_image\" \/>\n<meta name=\"twitter:label1\" content=\"Dur\u00e9e de lecture estim\u00e9e\" \/>\n\t<meta name=\"twitter:data1\" content=\"3 minutes\" \/>\n<script type=\"application\/ld+json\" class=\"yoast-schema-graph\">{\"@context\":\"https:\\\/\\\/schema.org\",\"@graph\":[{\"@type\":\"WebPage\",\"@id\":\"https:\\\/\\\/svamv.ch\\\/fr\\\/conseil\\\/\",\"url\":\"https:\\\/\\\/svamv.ch\\\/fr\\\/conseil\\\/\",\"name\":\"Conseil - SVAMV\",\"isPartOf\":{\"@id\":\"https:\\\/\\\/svamv.ch\\\/fr\\\/#website\"},\"primaryImageOfPage\":{\"@id\":\"https:\\\/\\\/svamv.ch\\\/fr\\\/conseil\\\/#primaryimage\"},\"image\":{\"@id\":\"https:\\\/\\\/svamv.ch\\\/fr\\\/conseil\\\/#primaryimage\"},\"thumbnailUrl\":\"https:\\\/\\\/svamv.ch\\\/wp-content\\\/uploads\\\/2024\\\/07\\\/people-coffee-meeting-team-7096-scaled.jpg\",\"datePublished\":\"2024-06-28T06:22:42+00:00\",\"dateModified\":\"2024-12-18T15:43:53+00:00\",\"breadcrumb\":{\"@id\":\"https:\\\/\\\/svamv.ch\\\/fr\\\/conseil\\\/#breadcrumb\"},\"inLanguage\":\"fr-FR\",\"potentialAction\":[{\"@type\":\"ReadAction\",\"target\":[\"https:\\\/\\\/svamv.ch\\\/fr\\\/conseil\\\/\"]}]},{\"@type\":\"ImageObject\",\"inLanguage\":\"fr-FR\",\"@id\":\"https:\\\/\\\/svamv.ch\\\/fr\\\/conseil\\\/#primaryimage\",\"url\":\"https:\\\/\\\/svamv.ch\\\/wp-content\\\/uploads\\\/2024\\\/07\\\/people-coffee-meeting-team-7096-scaled.jpg\",\"contentUrl\":\"https:\\\/\\\/svamv.ch\\\/wp-content\\\/uploads\\\/2024\\\/07\\\/people-coffee-meeting-team-7096-scaled.jpg\"},{\"@type\":\"BreadcrumbList\",\"@id\":\"https:\\\/\\\/svamv.ch\\\/fr\\\/conseil\\\/#breadcrumb\",\"itemListElement\":[{\"@type\":\"ListItem\",\"position\":1,\"name\":\"Startseite\",\"item\":\"https:\\\/\\\/svamv.ch\\\/fr\\\/\"},{\"@type\":\"ListItem\",\"position\":2,\"name\":\"Conseil\"}]},{\"@type\":\"WebSite\",\"@id\":\"https:\\\/\\\/svamv.ch\\\/fr\\\/#website\",\"url\":\"https:\\\/\\\/svamv.ch\\\/fr\\\/\",\"name\":\"SVAMV\",\"description\":\"Allein erziehen einfacher gemacht\",\"potentialAction\":[{\"@type\":\"SearchAction\",\"target\":{\"@type\":\"EntryPoint\",\"urlTemplate\":\"https:\\\/\\\/svamv.ch\\\/fr\\\/?s={search_term_string}\"},\"query-input\":{\"@type\":\"PropertyValueSpecification\",\"valueRequired\":true,\"valueName\":\"search_term_string\"}}],\"inLanguage\":\"fr-FR\"}]}<\/script>\n<!-- \/ Yoast SEO plugin. -->","yoast_head_json":{"title":"Conseil - SVAMV","robots":{"index":"index","follow":"follow","max-snippet":"max-snippet:-1","max-image-preview":"max-image-preview:large","max-video-preview":"max-video-preview:-1"},"canonical":"https:\/\/svamv.ch\/fr\/conseil\/","og_locale":"fr_FR","og_type":"article","og_title":"Conseil - SVAMV","og_description":"Pour une consultation, remplissez le formulaire de contact, envoyez-nous un SMS ou un WhatsApp (077 529 67 91) ou contactez-nous par t\u00e9l\u00e9phone au 031 351 77 71. Les consultations et les coachings se font par t\u00e9l\u00e9phone et par par courrier \u00e9lectronique. La FSFM aide les familles monoparentales \u00e0 r\u00e9soudre des probl\u00e8mes complexes gr\u00e2ce \u00e0 des [&hellip;]","og_url":"https:\/\/svamv.ch\/fr\/conseil\/","og_site_name":"SVAMV","article_modified_time":"2024-12-18T15:43:53+00:00","og_image":[{"url":"https:\/\/svamv.ch\/wp-content\/uploads\/2024\/07\/people-coffee-meeting-team-7096-scaled.jpg","type":"","width":"","height":""}],"twitter_card":"summary_large_image","twitter_misc":{"Dur\u00e9e de lecture estim\u00e9e":"3 minutes"},"schema":{"@context":"https:\/\/schema.org","@graph":[{"@type":"WebPage","@id":"https:\/\/svamv.ch\/fr\/conseil\/","url":"https:\/\/svamv.ch\/fr\/conseil\/","name":"Conseil - SVAMV","isPartOf":{"@id":"https:\/\/svamv.ch\/fr\/#website"},"primaryImageOfPage":{"@id":"https:\/\/svamv.ch\/fr\/conseil\/#primaryimage"},"image":{"@id":"https:\/\/svamv.ch\/fr\/conseil\/#primaryimage"},"thumbnailUrl":"https:\/\/svamv.ch\/wp-content\/uploads\/2024\/07\/people-coffee-meeting-team-7096-scaled.jpg","datePublished":"2024-06-28T06:22:42+00:00","dateModified":"2024-12-18T15:43:53+00:00","breadcrumb":{"@id":"https:\/\/svamv.ch\/fr\/conseil\/#breadcrumb"},"inLanguage":"fr-FR","potentialAction":[{"@type":"ReadAction","target":["https:\/\/svamv.ch\/fr\/conseil\/"]}]},{"@type":"ImageObject","inLanguage":"fr-FR","@id":"https:\/\/svamv.ch\/fr\/conseil\/#primaryimage","url":"https:\/\/svamv.ch\/wp-content\/uploads\/2024\/07\/people-coffee-meeting-team-7096-scaled.jpg","contentUrl":"https:\/\/svamv.ch\/wp-content\/uploads\/2024\/07\/people-coffee-meeting-team-7096-scaled.jpg"},{"@type":"BreadcrumbList","@id":"https:\/\/svamv.ch\/fr\/conseil\/#breadcrumb","itemListElement":[{"@type":"ListItem","position":1,"name":"Startseite","item":"https:\/\/svamv.ch\/fr\/"},{"@type":"ListItem","position":2,"name":"Conseil"}]},{"@type":"WebSite","@id":"https:\/\/svamv.ch\/fr\/#website","url":"https:\/\/svamv.ch\/fr\/","name":"SVAMV","description":"Allein erziehen einfacher gemacht","potentialAction":[{"@type":"SearchAction","target":{"@type":"EntryPoint","urlTemplate":"https:\/\/svamv.ch\/fr\/?s={search_term_string}"},"query-input":{"@type":"PropertyValueSpecification","valueRequired":true,"valueName":"search_term_string"}}],"inLanguage":"fr-FR"}]}},"_links":{"self":[{"href":"https:\/\/svamv.ch\/fr\/wp-json\/wp\/v2\/pages\/1602","targetHints":{"allow":["GET"]}}],"collection":[{"href":"https:\/\/svamv.ch\/fr\/wp-json\/wp\/v2\/pages"}],"about":[{"href":"https:\/\/svamv.ch\/fr\/wp-json\/wp\/v2\/types\/page"}],"author":[{"embeddable":true,"href":"https:\/\/svamv.ch\/fr\/wp-json\/wp\/v2\/users\/1"}],"replies":[{"embeddable":true,"href":"https:\/\/svamv.ch\/fr\/wp-json\/wp\/v2\/comments?post=1602"}],"version-history":[{"count":1,"href":"https:\/\/svamv.ch\/fr\/wp-json\/wp\/v2\/pages\/1602\/revisions"}],"predecessor-version":[{"id":1603,"href":"https:\/\/svamv.ch\/fr\/wp-json\/wp\/v2\/pages\/1602\/revisions\/1603"}],"wp:attachment":[{"href":"https:\/\/svamv.ch\/fr\/wp-json\/wp\/v2\/media?parent=1602"}],"curies":[{"name":"wp","href":"https:\/\/api.w.org\/{rel}","templated":true}]}}