{"id":1605,"date":"2024-06-28T08:22:28","date_gmt":"2024-06-28T06:22:28","guid":{"rendered":"https:\/\/svamv.site-preview.ch\/direction\/"},"modified":"2026-02-11T08:28:58","modified_gmt":"2026-02-11T07:28:58","slug":"direction","status":"publish","type":"page","link":"https:\/\/svamv.ch\/fr\/direction\/","title":{"rendered":"Qui sommes-nous ?"},"content":{"rendered":"\n<p><strong>La F\u00e9d\u00e9ration Suisse des Familles Monoparentales FSFM est l&rsquo;organisation fa\u00eeti\u00e8re des familles monoparentales en Suisse et l&rsquo;organisation sp\u00e9cialis\u00e9e dans la famille monoparentale. Elle a \u00e9t\u00e9 fond\u00e9e en 1984 par des associations monoparentales locales et r\u00e9gionales. <\/strong><\/p>\n\n<p>Le travail de l&rsquo;association est financ\u00e9 par des dons et des subventions, des contributions f\u00e9d\u00e9rales (dans le cadre du sous-contrat de prestations Organisations familiales de Pro Familia Suisse avec la Conf\u00e9d\u00e9ration suisse\/Office f\u00e9d\u00e9ral des assurances sociales), des cotisations des membres et des prestations propres.<\/p>\n\n<h2 class=\"wp-block-heading\">Comit\u00e9 central<\/h2>\n<div class=\"indy-block-people\">\n      <div class=\"row g-4 g-sm-5\">\n      \n                  <div class=\"col-12 col-lg-6\">\n            <div class=\"row g-3\">\n              <div class=\"col-5 d-flex align-items-center\">\n                                  <img decoding=\"async\" class=\"person-img img-fluid\" src=\"https:\/\/svamv.ch\/wp-content\/uploads\/2024\/07\/Business-portrait-500x500-c-center.png\" alt=\"\">\n                              <\/div>\n              <div class=\"col-7 d-flex align-items-top pt-3\">\n                <div>\n                  <h3 class=\"person-title\">Maya Bally<\/h3>\n                                      <p class=\"person-function\">\n                      Pr\u00e4sidentin, Nationalr\u00e4tin\n                    <\/p>\n                  \n                                                    <\/div>\n              <\/div>\n            <\/div>\n          <\/div>\n      \n                  <div class=\"col-12 col-lg-6\">\n            <div class=\"row g-3\">\n              <div class=\"col-5 d-flex align-items-center\">\n                                  <img decoding=\"async\" class=\"person-img img-fluid\" src=\"https:\/\/svamv.ch\/wp-content\/uploads\/2024\/07\/IMG_20190521_111505-1-e1721392360272-500x500-c-center.jpg\" alt=\"\">\n                              <\/div>\n              <div class=\"col-7 d-flex align-items-top pt-3\">\n                <div>\n                  <h3 class=\"person-title\">Chantal Di Meo-Ryf<\/h3>\n                                      <p class=\"person-function\">\n                      Vizepr\u00e4sidentin\n                    <\/p>\n                  \n                                                    <\/div>\n              <\/div>\n            <\/div>\n          <\/div>\n      \n                  <div class=\"col-12 col-lg-6\">\n            <div class=\"row g-3\">\n              <div class=\"col-5 d-flex align-items-center\">\n                                  <img decoding=\"async\" class=\"person-img img-fluid\" src=\"https:\/\/svamv.ch\/wp-content\/uploads\/2024\/07\/Foeppl_Margret_2015-500x500-c-center.jpg\" alt=\"\">\n                              <\/div>\n              <div class=\"col-7 d-flex align-items-top pt-3\">\n                <div>\n                  <h3 class=\"person-title\">Margret F\u00f6ppl<\/h3>\n                                      <p class=\"person-function\">\n                      Vorstandsmitglied\n                    <\/p>\n                  \n                                                    <\/div>\n              <\/div>\n            <\/div>\n          <\/div>\n      \n                  <div class=\"col-12 col-lg-6\">\n            <div class=\"row g-3\">\n              <div class=\"col-5 d-flex align-items-center\">\n                                  <img decoding=\"async\" class=\"person-img img-fluid\" src=\"https:\/\/svamv.ch\/wp-content\/uploads\/2024\/07\/barbara_krattiger-SVAMV-500x500-c-center.jpg\" alt=\"\">\n                              <\/div>\n              <div class=\"col-7 d-flex align-items-top pt-3\">\n                <div>\n                  <h3 class=\"person-title\">Barbara Krattiger<\/h3>\n                                      <p class=\"person-function\">\n                      Vorstandsmitglied\n                    <\/p>\n                  \n                                                    <\/div>\n              <\/div>\n            <\/div>\n          <\/div>\n      \n                  <div class=\"col-12 col-lg-6\">\n            <div class=\"row g-3\">\n              <div class=\"col-5 d-flex align-items-center\">\n                                  <img decoding=\"async\" class=\"person-img img-fluid\" src=\"https:\/\/svamv.ch\/wp-content\/uploads\/2024\/07\/Alessia-foto-2020-294x300-2-500x500-c-center.jpg\" alt=\"\">\n                              <\/div>\n              <div class=\"col-7 d-flex align-items-top pt-3\">\n                <div>\n                  <h3 class=\"person-title\">Alessia Di Dio<\/h3>\n                                      <p class=\"person-function\">\n                      Vorstandsmitglied\n                    <\/p>\n                  \n                                                    <\/div>\n              <\/div>\n            <\/div>\n          <\/div>\n      \n                  <div class=\"col-12 col-lg-6\">\n            <div class=\"row g-3\">\n              <div class=\"col-5 d-flex align-items-center\">\n                                  <img decoding=\"async\" class=\"person-img img-fluid\" src=\"https:\/\/svamv.ch\/wp-content\/uploads\/2024\/07\/1678396204087-500x500-c-center.jpeg\" alt=\"\">\n                              <\/div>\n              <div class=\"col-7 d-flex align-items-top pt-3\">\n                <div>\n                  <h3 class=\"person-title\">Oliver S. Wirtz<\/h3>\n                                      <p class=\"person-function\">\n                      Vorstandsmitglied\n                    <\/p>\n                  \n                                                    <\/div>\n              <\/div>\n            <\/div>\n          <\/div>\n          <\/div>\n  <\/div>\n\n<h2 class=\"wp-block-heading\">Bureau<\/h2>\n<div class=\"indy-block-people\">\n      <div class=\"row g-4 g-sm-5\">\n      \n                  <div class=\"col-12 col-lg-6\">\n            <div class=\"row g-3\">\n              <div class=\"col-5 d-flex align-items-center\">\n                                  <img decoding=\"async\" class=\"person-img img-fluid\" src=\"https:\/\/svamv.ch\/wp-content\/uploads\/2024\/07\/81Z7896-e1721392411683-500x500-c-center.jpg\" alt=\"\">\n                              <\/div>\n              <div class=\"col-7 d-flex align-items-top pt-3\">\n                <div>\n                  <h3 class=\"person-title\">Yvonne Feri<\/h3>\n                                      <p class=\"person-function\">\n                      Gesch\u00e4ftsf\u00fchrerin\n                    <\/p>\n                  \n                                                    <\/div>\n              <\/div>\n            <\/div>\n          <\/div>\n      \n                  <div class=\"col-12 col-lg-6\">\n            <div class=\"row g-3\">\n              <div class=\"col-5 d-flex align-items-center\">\n                                  <img decoding=\"async\" class=\"person-img img-fluid\" src=\"https:\/\/svamv.ch\/wp-content\/uploads\/2024\/07\/Buehler-sonja200-300-500x500-c-center.jpg\" alt=\"\">\n                              <\/div>\n              <div class=\"col-7 d-flex align-items-top pt-3\">\n                <div>\n                  <h3 class=\"person-title\">Sonja B\u00fchler<\/h3>\n                                      <p class=\"person-function\">\n                      \n                    <\/p>\n                  \n                                                    <\/div>\n              <\/div>\n            <\/div>\n          <\/div>\n          <\/div>\n  <\/div>\n\n<h2 class=\"wp-block-heading\">Conseillers:internes<\/h2>\n<div class=\"indy-block-people\">\n      <div class=\"row g-4 g-sm-5\">\n      \n                  <div class=\"col-12 col-lg-6\">\n            <div class=\"row g-3\">\n              <div class=\"col-5 d-flex align-items-center\">\n                                  <div class=\"person-img-placeholder-wrapper\">\n                    <img decoding=\"async\" class=\"person-img-placeholder\" src=\"https:\/\/svamv.ch\/wp-content\/themes\/indy-svamv\/assets\/img\/placeholder-user.png\" aria-hidden=\"true\">\n                  <\/div>\n                              <\/div>\n              <div class=\"col-7 d-flex align-items-top pt-3\">\n                <div>\n                  <h3 class=\"person-title\">Corinne Eggs Milhit<\/h3>\n                                      <p class=\"person-function\">\n                      \n                    <\/p>\n                  \n                                                    <\/div>\n              <\/div>\n            <\/div>\n          <\/div>\n      \n                  <div class=\"col-12 col-lg-6\">\n            <div class=\"row g-3\">\n              <div class=\"col-5 d-flex align-items-center\">\n                                  <img decoding=\"async\" class=\"person-img img-fluid\" src=\"https:\/\/svamv.ch\/wp-content\/uploads\/2024\/07\/e3793079-805c-4ba3-809e-766022a3e181-500x500-c-center.jpg\" alt=\"\">\n                              <\/div>\n              <div class=\"col-7 d-flex align-items-top pt-3\">\n                <div>\n                  <h3 class=\"person-title\">Anita Della Torre<\/h3>\n                                      <p class=\"person-function\">\n                      \n                    <\/p>\n                  \n                                                    <\/div>\n              <\/div>\n            <\/div>\n          <\/div>\n      \n                  <div class=\"col-12 col-lg-6\">\n            <div class=\"row g-3\">\n              <div class=\"col-5 d-flex align-items-center\">\n                                  <img decoding=\"async\" class=\"person-img img-fluid\" src=\"https:\/\/svamv.ch\/wp-content\/uploads\/2024\/07\/Larissa-Iseli-500x500-c-center.png\" alt=\"\">\n                              <\/div>\n              <div class=\"col-7 d-flex align-items-top pt-3\">\n                <div>\n                  <h3 class=\"person-title\">Larissa Iseli<\/h3>\n                                      <p class=\"person-function\">\n                      \n                    <\/p>\n                  \n                                                    <\/div>\n              <\/div>\n            <\/div>\n          <\/div>\n      \n                  <div class=\"col-12 col-lg-6\">\n            <div class=\"row g-3\">\n              <div class=\"col-5 d-flex align-items-center\">\n                                  <img decoding=\"async\" class=\"person-img img-fluid\" src=\"https:\/\/svamv.ch\/wp-content\/uploads\/2024\/07\/20180501_0005-Margaritha-Glanzmann-scaled-500x500-c-center.jpg\" alt=\"\">\n                              <\/div>\n              <div class=\"col-7 d-flex align-items-top pt-3\">\n                <div>\n                  <h3 class=\"person-title\">Margaritha Glanzmann<\/h3>\n                                      <p class=\"person-function\">\n                      \n                    <\/p>\n                  \n                                                    <\/div>\n              <\/div>\n            <\/div>\n          <\/div>\n          <\/div>\n  <\/div>\n\n<p><\/p>\n","protected":false},"excerpt":{"rendered":"<p>La F\u00e9d\u00e9ration Suisse des Familles Monoparentales FSFM est l&rsquo;organisation fa\u00eeti\u00e8re des familles monoparentales en Suisse et l&rsquo;organisation sp\u00e9cialis\u00e9e dans la famille monoparentale. Elle a \u00e9t\u00e9 fond\u00e9e en 1984 par des associations monoparentales locales et r\u00e9gionales. Le travail de l&rsquo;association est financ\u00e9 par des dons et des subventions, des contributions f\u00e9d\u00e9rales (dans le cadre du sous-contrat [&hellip;]<\/p>\n","protected":false},"author":1,"featured_media":0,"parent":0,"menu_order":0,"comment_status":"closed","ping_status":"closed","template":"","meta":{"_acf_changed":false,"footnotes":""},"class_list":["post-1605","page","type-page","status-publish","hentry"],"acf":[],"yoast_head":"<!-- This site is optimized with the Yoast SEO plugin v27.3 - https:\/\/yoast.com\/product\/yoast-seo-wordpress\/ -->\n<title>Qui sommes-nous ? - SVAMV<\/title>\n<meta name=\"robots\" content=\"index, follow, max-snippet:-1, max-image-preview:large, max-video-preview:-1\" \/>\n<link rel=\"canonical\" href=\"https:\/\/svamv.ch\/fr\/direction\/\" \/>\n<meta property=\"og:locale\" content=\"fr_FR\" \/>\n<meta property=\"og:type\" content=\"article\" \/>\n<meta property=\"og:title\" content=\"Qui sommes-nous ? - SVAMV\" \/>\n<meta property=\"og:description\" content=\"La F\u00e9d\u00e9ration Suisse des Familles Monoparentales FSFM est l&rsquo;organisation fa\u00eeti\u00e8re des familles monoparentales en Suisse et l&rsquo;organisation sp\u00e9cialis\u00e9e dans la famille monoparentale. Elle a \u00e9t\u00e9 fond\u00e9e en 1984 par des associations monoparentales locales et r\u00e9gionales. Le travail de l&rsquo;association est financ\u00e9 par des dons et des subventions, des contributions f\u00e9d\u00e9rales (dans le cadre du sous-contrat [&hellip;]\" \/>\n<meta property=\"og:url\" content=\"https:\/\/svamv.ch\/fr\/direction\/\" \/>\n<meta property=\"og:site_name\" content=\"SVAMV\" \/>\n<meta property=\"article:modified_time\" content=\"2026-02-11T07:28:58+00:00\" \/>\n<meta name=\"twitter:card\" content=\"summary_large_image\" \/>\n<script type=\"application\/ld+json\" class=\"yoast-schema-graph\">{\"@context\":\"https:\\\/\\\/schema.org\",\"@graph\":[{\"@type\":\"WebPage\",\"@id\":\"https:\\\/\\\/svamv.ch\\\/fr\\\/direction\\\/\",\"url\":\"https:\\\/\\\/svamv.ch\\\/fr\\\/direction\\\/\",\"name\":\"Qui sommes-nous ? - SVAMV\",\"isPartOf\":{\"@id\":\"https:\\\/\\\/svamv.ch\\\/fr\\\/#website\"},\"datePublished\":\"2024-06-28T06:22:28+00:00\",\"dateModified\":\"2026-02-11T07:28:58+00:00\",\"breadcrumb\":{\"@id\":\"https:\\\/\\\/svamv.ch\\\/fr\\\/direction\\\/#breadcrumb\"},\"inLanguage\":\"fr-FR\",\"potentialAction\":[{\"@type\":\"ReadAction\",\"target\":[\"https:\\\/\\\/svamv.ch\\\/fr\\\/direction\\\/\"]}]},{\"@type\":\"BreadcrumbList\",\"@id\":\"https:\\\/\\\/svamv.ch\\\/fr\\\/direction\\\/#breadcrumb\",\"itemListElement\":[{\"@type\":\"ListItem\",\"position\":1,\"name\":\"Startseite\",\"item\":\"https:\\\/\\\/svamv.ch\\\/fr\\\/\"},{\"@type\":\"ListItem\",\"position\":2,\"name\":\"Qui sommes-nous ?\"}]},{\"@type\":\"WebSite\",\"@id\":\"https:\\\/\\\/svamv.ch\\\/fr\\\/#website\",\"url\":\"https:\\\/\\\/svamv.ch\\\/fr\\\/\",\"name\":\"SVAMV\",\"description\":\"Allein erziehen einfacher gemacht\",\"potentialAction\":[{\"@type\":\"SearchAction\",\"target\":{\"@type\":\"EntryPoint\",\"urlTemplate\":\"https:\\\/\\\/svamv.ch\\\/fr\\\/?s={search_term_string}\"},\"query-input\":{\"@type\":\"PropertyValueSpecification\",\"valueRequired\":true,\"valueName\":\"search_term_string\"}}],\"inLanguage\":\"fr-FR\"}]}<\/script>\n<!-- \/ Yoast SEO plugin. -->","yoast_head_json":{"title":"Qui sommes-nous ? - SVAMV","robots":{"index":"index","follow":"follow","max-snippet":"max-snippet:-1","max-image-preview":"max-image-preview:large","max-video-preview":"max-video-preview:-1"},"canonical":"https:\/\/svamv.ch\/fr\/direction\/","og_locale":"fr_FR","og_type":"article","og_title":"Qui sommes-nous ? - SVAMV","og_description":"La F\u00e9d\u00e9ration Suisse des Familles Monoparentales FSFM est l&rsquo;organisation fa\u00eeti\u00e8re des familles monoparentales en Suisse et l&rsquo;organisation sp\u00e9cialis\u00e9e dans la famille monoparentale. Elle a \u00e9t\u00e9 fond\u00e9e en 1984 par des associations monoparentales locales et r\u00e9gionales. Le travail de l&rsquo;association est financ\u00e9 par des dons et des subventions, des contributions f\u00e9d\u00e9rales (dans le cadre du sous-contrat [&hellip;]","og_url":"https:\/\/svamv.ch\/fr\/direction\/","og_site_name":"SVAMV","article_modified_time":"2026-02-11T07:28:58+00:00","twitter_card":"summary_large_image","schema":{"@context":"https:\/\/schema.org","@graph":[{"@type":"WebPage","@id":"https:\/\/svamv.ch\/fr\/direction\/","url":"https:\/\/svamv.ch\/fr\/direction\/","name":"Qui sommes-nous ? - SVAMV","isPartOf":{"@id":"https:\/\/svamv.ch\/fr\/#website"},"datePublished":"2024-06-28T06:22:28+00:00","dateModified":"2026-02-11T07:28:58+00:00","breadcrumb":{"@id":"https:\/\/svamv.ch\/fr\/direction\/#breadcrumb"},"inLanguage":"fr-FR","potentialAction":[{"@type":"ReadAction","target":["https:\/\/svamv.ch\/fr\/direction\/"]}]},{"@type":"BreadcrumbList","@id":"https:\/\/svamv.ch\/fr\/direction\/#breadcrumb","itemListElement":[{"@type":"ListItem","position":1,"name":"Startseite","item":"https:\/\/svamv.ch\/fr\/"},{"@type":"ListItem","position":2,"name":"Qui sommes-nous ?"}]},{"@type":"WebSite","@id":"https:\/\/svamv.ch\/fr\/#website","url":"https:\/\/svamv.ch\/fr\/","name":"SVAMV","description":"Allein erziehen einfacher gemacht","potentialAction":[{"@type":"SearchAction","target":{"@type":"EntryPoint","urlTemplate":"https:\/\/svamv.ch\/fr\/?s={search_term_string}"},"query-input":{"@type":"PropertyValueSpecification","valueRequired":true,"valueName":"search_term_string"}}],"inLanguage":"fr-FR"}]}},"_links":{"self":[{"href":"https:\/\/svamv.ch\/fr\/wp-json\/wp\/v2\/pages\/1605","targetHints":{"allow":["GET"]}}],"collection":[{"href":"https:\/\/svamv.ch\/fr\/wp-json\/wp\/v2\/pages"}],"about":[{"href":"https:\/\/svamv.ch\/fr\/wp-json\/wp\/v2\/types\/page"}],"author":[{"embeddable":true,"href":"https:\/\/svamv.ch\/fr\/wp-json\/wp\/v2\/users\/1"}],"replies":[{"embeddable":true,"href":"https:\/\/svamv.ch\/fr\/wp-json\/wp\/v2\/comments?post=1605"}],"version-history":[{"count":5,"href":"https:\/\/svamv.ch\/fr\/wp-json\/wp\/v2\/pages\/1605\/revisions"}],"predecessor-version":[{"id":2334,"href":"https:\/\/svamv.ch\/fr\/wp-json\/wp\/v2\/pages\/1605\/revisions\/2334"}],"wp:attachment":[{"href":"https:\/\/svamv.ch\/fr\/wp-json\/wp\/v2\/media?parent=1605"}],"curies":[{"name":"wp","href":"https:\/\/api.w.org\/{rel}","templated":true}]}}