{"id":1609,"date":"2024-06-28T08:22:50","date_gmt":"2024-06-28T06:22:50","guid":{"rendered":"https:\/\/svamv.site-preview.ch\/pour-les-professionnels\/"},"modified":"2026-03-18T09:35:22","modified_gmt":"2026-03-18T08:35:22","slug":"pour-les-professionnels","status":"publish","type":"page","link":"https:\/\/svamv.ch\/fr\/pour-les-professionnels\/","title":{"rendered":"Pour les professionnels"},"content":{"rendered":"\n<h2 class=\"wp-block-heading\">Fiches d&rsquo;information<\/h2>\n<div class=\"indy-block-downloads\">\n  <div class=\"downloads\">\n          <div class=\"downloads__item\">\n                <a class=\"downloads__item__title\" href=\"https:\/\/svamv.ch\/wp-content\/uploads\/2024\/12\/24-02-Contribution-dentretien-pour-enfant-majeur-FR16.pdf\" target=\"_blank\">Pension alimentaire \u00e0 la majorit\u00e9<\/a>\n        <a href=\"https:\/\/svamv.ch\/wp-content\/uploads\/2024\/12\/24-02-Contribution-dentretien-pour-enfant-majeur-FR16.pdf\" target=\"_blank\" class=\"btn\">Ansehen<\/a>\n      <\/div>\n          <div class=\"downloads__item\">\n                <a class=\"downloads__item__title\" href=\"https:\/\/svamv.ch\/wp-content\/uploads\/2024\/10\/04-01-Checkliste_ToDo-nach-Todesfall-FR04.pdf\" target=\"_blank\">Lorsqu&rsquo;un parent d\u00e9c\u00e8de &#8211; dispositions l\u00e9gales<\/a>\n        <a href=\"https:\/\/svamv.ch\/wp-content\/uploads\/2024\/10\/04-01-Checkliste_ToDo-nach-Todesfall-FR04.pdf\" target=\"_blank\" class=\"btn\">Ansehen<\/a>\n      <\/div>\n          <div class=\"downloads__item\">\n                <a class=\"downloads__item__title\" href=\"https:\/\/svamv.ch\/wp-content\/uploads\/2024\/12\/24-04-Des-defis-pour-les-parents-mono-en-periodes-extraordinaires-FR05.pdf\" target=\"_blank\">Crises et p\u00e9riodes exceptionnelles<\/a>\n        <a href=\"https:\/\/svamv.ch\/wp-content\/uploads\/2024\/12\/24-04-Des-defis-pour-les-parents-mono-en-periodes-extraordinaires-FR05.pdf\" target=\"_blank\" class=\"btn\">Ansehen<\/a>\n      <\/div>\n          <div class=\"downloads__item\">\n                <a class=\"downloads__item__title\" href=\"https:\/\/svamv.ch\/wp-content\/uploads\/2024\/12\/24-04-Bien-de-lenfant-en-periodes-extraordinaires-FR27.pdf\" target=\"_blank\">L&rsquo;int\u00e9r\u00eat sup\u00e9rieur de l&rsquo;enfant en p\u00e9riode exceptionnelle<\/a>\n        <a href=\"https:\/\/svamv.ch\/wp-content\/uploads\/2024\/12\/24-04-Bien-de-lenfant-en-periodes-extraordinaires-FR27.pdf\" target=\"_blank\" class=\"btn\">Ansehen<\/a>\n      <\/div>\n          <div class=\"downloads__item\">\n                <a class=\"downloads__item__title\" href=\"https:\/\/svamv.ch\/wp-content\/uploads\/2024\/12\/24-04-Monoparentalite-et-prevoyance-FR01.pdf\" target=\"_blank\">Famille monoparentale et pr\u00e9voyance : questions et r\u00e9ponses sur la pr\u00e9voyance, les bonifications pour t\u00e2ches \u00e9ducatives, l&rsquo;AVS et la retraite<\/a>\n        <a href=\"https:\/\/svamv.ch\/wp-content\/uploads\/2024\/12\/24-04-Monoparentalite-et-prevoyance-FR01.pdf\" target=\"_blank\" class=\"btn\">Ansehen<\/a>\n      <\/div>\n          <div class=\"downloads__item\">\n                <a class=\"downloads__item__title\" href=\"https:\/\/svamv.ch\/wp-content\/uploads\/2024\/07\/Alimentenbevorschussung_Fragen-und-Antwort-18.pdf\" target=\"_blank\">Avance sur pension alimentaire : questions et r\u00e9ponses<\/a>\n        <a href=\"https:\/\/svamv.ch\/wp-content\/uploads\/2024\/07\/Alimentenbevorschussung_Fragen-und-Antwort-18.pdf\" target=\"_blank\" class=\"btn\">Ansehen<\/a>\n      <\/div>\n          <div class=\"downloads__item\">\n                <a class=\"downloads__item__title\" href=\"https:\/\/svamv.ch\/wp-content\/uploads\/2024\/08\/24-02-Einstieg-in-die-Einelternfamilie_Finanzen_Info-SVAMV-DE29.pdf\" target=\"_blank\">D\u00e9marrage d&rsquo;une famille monoparentale &#8211; Fiche d&rsquo;information sur les finances<\/a>\n        <a href=\"https:\/\/svamv.ch\/wp-content\/uploads\/2024\/08\/24-02-Einstieg-in-die-Einelternfamilie_Finanzen_Info-SVAMV-DE29.pdf\" target=\"_blank\" class=\"btn\">Ansehen<\/a>\n      <\/div>\n          <div class=\"downloads__item\">\n                <a class=\"downloads__item__title\" href=\"https:\/\/svamv.ch\/wp-content\/uploads\/2024\/07\/Obhut-und-persoenlicher-Verkehr_Fragen-und-Antworten-20.pdf\" target=\"_blank\">Garde et relations personnelles : questions et r\u00e9ponses<\/a>\n        <a href=\"https:\/\/svamv.ch\/wp-content\/uploads\/2024\/07\/Obhut-und-persoenlicher-Verkehr_Fragen-und-Antworten-20.pdf\" target=\"_blank\" class=\"btn\">Ansehen<\/a>\n      <\/div>\n          <div class=\"downloads__item\">\n                <a class=\"downloads__item__title\" href=\"\" target=\"_blank\">Questions et r\u00e9ponses dans les relations avec les autorit\u00e9s<\/a>\n        <a href=\"\" target=\"_blank\" class=\"btn\">Ansehen<\/a>\n      <\/div>\n          <div class=\"downloads__item\">\n                <a class=\"downloads__item__title\" href=\"https:\/\/svamv.ch\/wp-content\/uploads\/2024\/12\/24-04-Avances-contributions-dentretien-questions-et-reponses-FR18.pdf\" target=\"_blank\">Avance de pension alimentaire<\/a>\n        <a href=\"https:\/\/svamv.ch\/wp-content\/uploads\/2024\/12\/24-04-Avances-contributions-dentretien-questions-et-reponses-FR18.pdf\" target=\"_blank\" class=\"btn\">Ansehen<\/a>\n      <\/div>\n          <div class=\"downloads__item\">\n                <a class=\"downloads__item__title\" href=\"\" target=\"_blank\">Droits dans les relations avec les autorit\u00e9s<\/a>\n        <a href=\"\" target=\"_blank\" class=\"btn\">Ansehen<\/a>\n      <\/div>\n          <div class=\"downloads__item\">\n                <a class=\"downloads__item__title\" href=\"https:\/\/svamv.ch\/wp-content\/uploads\/2024\/10\/24-02-Alimenteninkasso-Selber-handeln_Fragen-Antworten-DE23.pdf\" target=\"_blank\">Recouvrement des pensions alimentaires<\/a>\n        <a href=\"https:\/\/svamv.ch\/wp-content\/uploads\/2024\/10\/24-02-Alimenteninkasso-Selber-handeln_Fragen-Antworten-DE23.pdf\" target=\"_blank\" class=\"btn\">Ansehen<\/a>\n      <\/div>\n          <div class=\"downloads__item\">\n                <a class=\"downloads__item__title\" href=\"https:\/\/svamv.ch\/wp-content\/uploads\/2024\/12\/24-04-Le-bien-et-la-protection-de-lenfant-dans-la-monoparentalite-FR25.pdf\" target=\"_blank\">Bien-\u00eatre et protection de l&rsquo;enfant<\/a>\n        <a href=\"https:\/\/svamv.ch\/wp-content\/uploads\/2024\/12\/24-04-Le-bien-et-la-protection-de-lenfant-dans-la-monoparentalite-FR25.pdf\" target=\"_blank\" class=\"btn\">Ansehen<\/a>\n      <\/div>\n      <\/div>\n<\/div>\n\n<h2 class=\"wp-block-heading\">Mod\u00e8les d&rsquo;accords<\/h2>\n<div class=\"indy-block-downloads\">\n  <div class=\"downloads\">\n          <div class=\"downloads__item\">\n                <a class=\"downloads__item__title\" href=\"https:\/\/svamv.ch\/wp-content\/uploads\/2024\/12\/24-04-Contrat-d_accord-parental-Modele-et-informations-FR07.pdf\" target=\"_blank\">Elternvereinbarungsvertrag<\/a>\n        <a href=\"https:\/\/svamv.ch\/wp-content\/uploads\/2024\/12\/24-04-Contrat-d_accord-parental-Modele-et-informations-FR07.pdf\" target=\"_blank\" class=\"btn\">Ansehen<\/a>\n      <\/div>\n          <div class=\"downloads__item\">\n                <a class=\"downloads__item__title\" href=\"https:\/\/svamv.ch\/wp-content\/uploads\/2024\/12\/24-04-Informations-Conventions-dentretien-type-FSFM-FR06.pdf\" target=\"_blank\">Mod\u00e8le de contrat d&rsquo;entretien<\/a>\n        <a href=\"https:\/\/svamv.ch\/wp-content\/uploads\/2024\/12\/24-04-Informations-Conventions-dentretien-type-FSFM-FR06.pdf\" target=\"_blank\" class=\"btn\">Ansehen<\/a>\n      <\/div>\n          <div class=\"downloads__item\">\n                <a class=\"downloads__item__title\" href=\"https:\/\/svamv.ch\/wp-content\/uploads\/2024\/10\/24-02-Mustervereinbarung-gemeinsame-Sorge-DE10.pdf\" target=\"_blank\">Mod\u00e8le de contrat d&rsquo;autorit\u00e9 parentale conjointe<\/a>\n        <a href=\"https:\/\/svamv.ch\/wp-content\/uploads\/2024\/10\/24-02-Mustervereinbarung-gemeinsame-Sorge-DE10.pdf\" target=\"_blank\" class=\"btn\">Ansehen<\/a>\n      <\/div>\n          <div class=\"downloads__item\">\n                <a class=\"downloads__item__title\" href=\"https:\/\/svamv.ch\/wp-content\/uploads\/2024\/12\/24-04-Informations.contrat-relations-personelles-FR24.pdf\" target=\"_blank\">Mod\u00e8le d&rsquo;accord sur l&rsquo;autorit\u00e9 parentale conjointe &#8211; Informations &amp; d\u00e9clarations<\/a>\n        <a href=\"https:\/\/svamv.ch\/wp-content\/uploads\/2024\/12\/24-04-Informations.contrat-relations-personelles-FR24.pdf\" target=\"_blank\" class=\"btn\">Ansehen<\/a>\n      <\/div>\n      <\/div>\n<\/div>\n\n<h2 class=\"wp-block-heading\">Vid\u00e9os explicatives<\/h2>\n\n<p>Sur notre cha\u00eene Youtube, vous trouverez <a href=\"https:\/\/youtube.com\/@svamv2393?si=O11WITDgeT5t11ms\" target=\"_blank\" rel=\"noreferrer noopener\">des vid\u00e9os explicatives<\/a> \u00e0 bas niveau en allemand, anglais, fran\u00e7ais et espagnol sur le soutien, la monoparentalit\u00e9 et le travail, la garde des enfants, le droit de visite, le veuvage avec enfant, l&rsquo;aide alimentaire, les contributions d&rsquo;entretien, le calcul de la pension alimentaire, la s\u00e9paration, les obligations parentales, etc.<\/p>\n\n<p><\/p>\n","protected":false},"excerpt":{"rendered":"<p>Fiches d&rsquo;information Mod\u00e8les d&rsquo;accords Vid\u00e9os explicatives Sur notre cha\u00eene Youtube, vous trouverez des vid\u00e9os explicatives \u00e0 bas niveau en allemand, anglais, fran\u00e7ais et espagnol sur le soutien, la monoparentalit\u00e9 et le travail, la garde des enfants, le droit de visite, le veuvage avec enfant, l&rsquo;aide alimentaire, les contributions d&rsquo;entretien, le calcul de la pension alimentaire, [&hellip;]<\/p>\n","protected":false},"author":1,"featured_media":0,"parent":0,"menu_order":0,"comment_status":"closed","ping_status":"closed","template":"","meta":{"_acf_changed":false,"footnotes":""},"class_list":["post-1609","page","type-page","status-publish","hentry"],"acf":[],"yoast_head":"<!-- This site is optimized with the Yoast SEO plugin v27.3 - https:\/\/yoast.com\/product\/yoast-seo-wordpress\/ -->\n<title>Pour les professionnels - SVAMV<\/title>\n<meta name=\"robots\" content=\"index, follow, max-snippet:-1, max-image-preview:large, max-video-preview:-1\" \/>\n<link rel=\"canonical\" href=\"https:\/\/svamv.ch\/fr\/pour-les-professionnels\/\" \/>\n<meta property=\"og:locale\" content=\"fr_FR\" \/>\n<meta property=\"og:type\" content=\"article\" \/>\n<meta property=\"og:title\" content=\"Pour les professionnels - SVAMV\" \/>\n<meta property=\"og:description\" content=\"Fiches d&rsquo;information Mod\u00e8les d&rsquo;accords Vid\u00e9os explicatives Sur notre cha\u00eene Youtube, vous trouverez des vid\u00e9os explicatives \u00e0 bas niveau en allemand, anglais, fran\u00e7ais et espagnol sur le soutien, la monoparentalit\u00e9 et le travail, la garde des enfants, le droit de visite, le veuvage avec enfant, l&rsquo;aide alimentaire, les contributions d&rsquo;entretien, le calcul de la pension alimentaire, [&hellip;]\" \/>\n<meta property=\"og:url\" content=\"https:\/\/svamv.ch\/fr\/pour-les-professionnels\/\" \/>\n<meta property=\"og:site_name\" content=\"SVAMV\" \/>\n<meta property=\"article:modified_time\" content=\"2026-03-18T08:35:22+00:00\" \/>\n<meta name=\"twitter:card\" content=\"summary_large_image\" \/>\n<script type=\"application\/ld+json\" class=\"yoast-schema-graph\">{\"@context\":\"https:\\\/\\\/schema.org\",\"@graph\":[{\"@type\":\"WebPage\",\"@id\":\"https:\\\/\\\/svamv.ch\\\/fr\\\/pour-les-professionnels\\\/\",\"url\":\"https:\\\/\\\/svamv.ch\\\/fr\\\/pour-les-professionnels\\\/\",\"name\":\"Pour les professionnels - SVAMV\",\"isPartOf\":{\"@id\":\"https:\\\/\\\/svamv.ch\\\/fr\\\/#website\"},\"datePublished\":\"2024-06-28T06:22:50+00:00\",\"dateModified\":\"2026-03-18T08:35:22+00:00\",\"breadcrumb\":{\"@id\":\"https:\\\/\\\/svamv.ch\\\/fr\\\/pour-les-professionnels\\\/#breadcrumb\"},\"inLanguage\":\"fr-FR\",\"potentialAction\":[{\"@type\":\"ReadAction\",\"target\":[\"https:\\\/\\\/svamv.ch\\\/fr\\\/pour-les-professionnels\\\/\"]}]},{\"@type\":\"BreadcrumbList\",\"@id\":\"https:\\\/\\\/svamv.ch\\\/fr\\\/pour-les-professionnels\\\/#breadcrumb\",\"itemListElement\":[{\"@type\":\"ListItem\",\"position\":1,\"name\":\"Startseite\",\"item\":\"https:\\\/\\\/svamv.ch\\\/fr\\\/\"},{\"@type\":\"ListItem\",\"position\":2,\"name\":\"Pour les professionnels\"}]},{\"@type\":\"WebSite\",\"@id\":\"https:\\\/\\\/svamv.ch\\\/fr\\\/#website\",\"url\":\"https:\\\/\\\/svamv.ch\\\/fr\\\/\",\"name\":\"SVAMV\",\"description\":\"Allein erziehen einfacher gemacht\",\"potentialAction\":[{\"@type\":\"SearchAction\",\"target\":{\"@type\":\"EntryPoint\",\"urlTemplate\":\"https:\\\/\\\/svamv.ch\\\/fr\\\/?s={search_term_string}\"},\"query-input\":{\"@type\":\"PropertyValueSpecification\",\"valueRequired\":true,\"valueName\":\"search_term_string\"}}],\"inLanguage\":\"fr-FR\"}]}<\/script>\n<!-- \/ Yoast SEO plugin. -->","yoast_head_json":{"title":"Pour les professionnels - SVAMV","robots":{"index":"index","follow":"follow","max-snippet":"max-snippet:-1","max-image-preview":"max-image-preview:large","max-video-preview":"max-video-preview:-1"},"canonical":"https:\/\/svamv.ch\/fr\/pour-les-professionnels\/","og_locale":"fr_FR","og_type":"article","og_title":"Pour les professionnels - SVAMV","og_description":"Fiches d&rsquo;information Mod\u00e8les d&rsquo;accords Vid\u00e9os explicatives Sur notre cha\u00eene Youtube, vous trouverez des vid\u00e9os explicatives \u00e0 bas niveau en allemand, anglais, fran\u00e7ais et espagnol sur le soutien, la monoparentalit\u00e9 et le travail, la garde des enfants, le droit de visite, le veuvage avec enfant, l&rsquo;aide alimentaire, les contributions d&rsquo;entretien, le calcul de la pension alimentaire, [&hellip;]","og_url":"https:\/\/svamv.ch\/fr\/pour-les-professionnels\/","og_site_name":"SVAMV","article_modified_time":"2026-03-18T08:35:22+00:00","twitter_card":"summary_large_image","schema":{"@context":"https:\/\/schema.org","@graph":[{"@type":"WebPage","@id":"https:\/\/svamv.ch\/fr\/pour-les-professionnels\/","url":"https:\/\/svamv.ch\/fr\/pour-les-professionnels\/","name":"Pour les professionnels - SVAMV","isPartOf":{"@id":"https:\/\/svamv.ch\/fr\/#website"},"datePublished":"2024-06-28T06:22:50+00:00","dateModified":"2026-03-18T08:35:22+00:00","breadcrumb":{"@id":"https:\/\/svamv.ch\/fr\/pour-les-professionnels\/#breadcrumb"},"inLanguage":"fr-FR","potentialAction":[{"@type":"ReadAction","target":["https:\/\/svamv.ch\/fr\/pour-les-professionnels\/"]}]},{"@type":"BreadcrumbList","@id":"https:\/\/svamv.ch\/fr\/pour-les-professionnels\/#breadcrumb","itemListElement":[{"@type":"ListItem","position":1,"name":"Startseite","item":"https:\/\/svamv.ch\/fr\/"},{"@type":"ListItem","position":2,"name":"Pour les professionnels"}]},{"@type":"WebSite","@id":"https:\/\/svamv.ch\/fr\/#website","url":"https:\/\/svamv.ch\/fr\/","name":"SVAMV","description":"Allein erziehen einfacher gemacht","potentialAction":[{"@type":"SearchAction","target":{"@type":"EntryPoint","urlTemplate":"https:\/\/svamv.ch\/fr\/?s={search_term_string}"},"query-input":{"@type":"PropertyValueSpecification","valueRequired":true,"valueName":"search_term_string"}}],"inLanguage":"fr-FR"}]}},"_links":{"self":[{"href":"https:\/\/svamv.ch\/fr\/wp-json\/wp\/v2\/pages\/1609","targetHints":{"allow":["GET"]}}],"collection":[{"href":"https:\/\/svamv.ch\/fr\/wp-json\/wp\/v2\/pages"}],"about":[{"href":"https:\/\/svamv.ch\/fr\/wp-json\/wp\/v2\/types\/page"}],"author":[{"embeddable":true,"href":"https:\/\/svamv.ch\/fr\/wp-json\/wp\/v2\/users\/1"}],"replies":[{"embeddable":true,"href":"https:\/\/svamv.ch\/fr\/wp-json\/wp\/v2\/comments?post=1609"}],"version-history":[{"count":5,"href":"https:\/\/svamv.ch\/fr\/wp-json\/wp\/v2\/pages\/1609\/revisions"}],"predecessor-version":[{"id":2064,"href":"https:\/\/svamv.ch\/fr\/wp-json\/wp\/v2\/pages\/1609\/revisions\/2064"}],"wp:attachment":[{"href":"https:\/\/svamv.ch\/fr\/wp-json\/wp\/v2\/media?parent=1609"}],"curies":[{"name":"wp","href":"https:\/\/api.w.org\/{rel}","templated":true}]}}