{"id":1612,"date":"2024-06-28T08:23:03","date_gmt":"2024-06-28T06:23:03","guid":{"rendered":"https:\/\/svamv.site-preview.ch\/votre-soutien\/"},"modified":"2026-02-11T08:28:33","modified_gmt":"2026-02-11T07:28:33","slug":"votre-soutien","status":"publish","type":"page","link":"https:\/\/svamv.ch\/fr\/votre-soutien\/","title":{"rendered":"Votre soutien"},"content":{"rendered":"\n<p class=\"lead is-style-default\"><strong>Selon le proverbe, il faut tout un village pour \u00e9lever un enfant. Malheureusement, la r\u00e9alit\u00e9 est diff\u00e9rente pour de nombreux parents en Suisse : De nombreuses m\u00e8res et de nombreux p\u00e8res sont totalement livr\u00e9s \u00e0 eux-m\u00eames. En tant que parents isol\u00e9s, ils sont responsables de tout &#8211; et ne peuvent presque jamais respirer.  <\/strong><\/p>\n\n<p>A cela s&rsquo;ajoutent souvent des soucis financiers et des charges multiples. Tout cela pousse les mamans et les papas \u00e0 leurs limites. C&rsquo;est pourquoi nous nous engageons depuis 40 ans en tant que centre d&rsquo;accueil pour familles monoparentales pour les personnes concern\u00e9es.  <\/p>\n\n<p>Gr\u00e2ce \u00e0 votre don, vous permettez \u00e0 des m\u00e8res et des p\u00e8res c\u00e9libataires<\/p>\n\n<ul class=\"wp-block-list\">\n<li>Conseils gratuits et simples par t\u00e9l\u00e9phone ou formulaire de contact<\/li>\n\n\n\n<li>Aide pour remplir des demandes ou des demandes de financement<\/li>\n\n\n\n<li>Soutien financier dans une situation d&rsquo;urgence<\/li>\n\n\n\n<li>Conseils d&rsquo;experts sur la monoparentalit\u00e9<\/li>\n<\/ul>\n\n<p><strong>En tant qu&rsquo;organisation \u00e0 but non lucratif, la F\u00e9d\u00e9ration suisse des familles monoparentales est exon\u00e9r\u00e9e d&rsquo;imp\u00f4ts.  <\/strong><\/p>\n\n<h3 class=\"wp-block-heading\">Merci de soutenir les familles monoparentales par vos dons !  <\/h3>\n\n<iframe src=\"https:\/\/einelternfamilie.donex.app\/de\/pay?cid=6d7b4ea8\" style=\"border-width: 0; width:100%; height: 2300px;\" title=\"Dons\" class=\"donation-iframe\"><\/iframe>\n\n<div class=\"wp-block-columns is-layout-flex wp-container-core-columns-is-layout-9d6595d7 wp-block-columns-is-layout-flex\">\n<div class=\"wp-block-column is-layout-flow wp-block-column-is-layout-flow\">\n<figure class=\"wp-block-image size-large\"><img loading=\"lazy\" decoding=\"async\" width=\"724\" height=\"1024\" src=\"https:\/\/svamv.ch\/wp-content\/uploads\/2025\/03\/240516_SVAMV_Momo_I_WEB_Newsletter_DE_Seite_1-724x1024.jpg\" alt=\"\" class=\"wp-image-2135\" srcset=\"https:\/\/svamv.ch\/wp-content\/uploads\/2025\/03\/240516_SVAMV_Momo_I_WEB_Newsletter_DE_Seite_1-724x1024.jpg 724w, https:\/\/svamv.ch\/wp-content\/uploads\/2025\/03\/240516_SVAMV_Momo_I_WEB_Newsletter_DE_Seite_1-212x300.jpg 212w, https:\/\/svamv.ch\/wp-content\/uploads\/2025\/03\/240516_SVAMV_Momo_I_WEB_Newsletter_DE_Seite_1-768x1086.jpg 768w, https:\/\/svamv.ch\/wp-content\/uploads\/2025\/03\/240516_SVAMV_Momo_I_WEB_Newsletter_DE_Seite_1-1086x1536.jpg 1086w, https:\/\/svamv.ch\/wp-content\/uploads\/2025\/03\/240516_SVAMV_Momo_I_WEB_Newsletter_DE_Seite_1-1448x2048.jpg 1448w, https:\/\/svamv.ch\/wp-content\/uploads\/2025\/03\/240516_SVAMV_Momo_I_WEB_Newsletter_DE_Seite_1-scaled.jpg 1810w\" sizes=\"auto, (max-width: 724px) 100vw, 724px\" \/><\/figure>\n<\/div>\n\n\n\n<div class=\"wp-block-column is-layout-flow wp-block-column-is-layout-flow\">\n<figure class=\"wp-block-image size-large\"><img loading=\"lazy\" decoding=\"async\" width=\"724\" height=\"1024\" src=\"https:\/\/svamv.ch\/wp-content\/uploads\/2025\/03\/240920_SVAMV_Momo_II_Newsletter-DE-Einseitig_Seite_1-724x1024.jpg\" alt=\"\" class=\"wp-image-2132\" srcset=\"https:\/\/svamv.ch\/wp-content\/uploads\/2025\/03\/240920_SVAMV_Momo_II_Newsletter-DE-Einseitig_Seite_1-724x1024.jpg 724w, https:\/\/svamv.ch\/wp-content\/uploads\/2025\/03\/240920_SVAMV_Momo_II_Newsletter-DE-Einseitig_Seite_1-212x300.jpg 212w, https:\/\/svamv.ch\/wp-content\/uploads\/2025\/03\/240920_SVAMV_Momo_II_Newsletter-DE-Einseitig_Seite_1-768x1087.jpg 768w, https:\/\/svamv.ch\/wp-content\/uploads\/2025\/03\/240920_SVAMV_Momo_II_Newsletter-DE-Einseitig_Seite_1.jpg 827w\" sizes=\"auto, (max-width: 724px) 100vw, 724px\" \/><\/figure>\n<\/div>\n\n\n\n<div class=\"wp-block-column is-layout-flow wp-block-column-is-layout-flow\">\n<figure class=\"wp-block-image size-large\"><img loading=\"lazy\" decoding=\"async\" width=\"724\" height=\"1024\" src=\"https:\/\/svamv.ch\/wp-content\/uploads\/2025\/03\/230511_SVAMV_MOMO_Newsletter_1_DE_WEB_Seite_1-724x1024.jpg\" alt=\"\" class=\"wp-image-2138\" srcset=\"https:\/\/svamv.ch\/wp-content\/uploads\/2025\/03\/230511_SVAMV_MOMO_Newsletter_1_DE_WEB_Seite_1-724x1024.jpg 724w, https:\/\/svamv.ch\/wp-content\/uploads\/2025\/03\/230511_SVAMV_MOMO_Newsletter_1_DE_WEB_Seite_1-212x300.jpg 212w, https:\/\/svamv.ch\/wp-content\/uploads\/2025\/03\/230511_SVAMV_MOMO_Newsletter_1_DE_WEB_Seite_1-768x1086.jpg 768w, https:\/\/svamv.ch\/wp-content\/uploads\/2025\/03\/230511_SVAMV_MOMO_Newsletter_1_DE_WEB_Seite_1-1086x1536.jpg 1086w, https:\/\/svamv.ch\/wp-content\/uploads\/2025\/03\/230511_SVAMV_MOMO_Newsletter_1_DE_WEB_Seite_1.jpg 1191w\" sizes=\"auto, (max-width: 724px) 100vw, 724px\" \/><\/figure>\n<\/div>\n<\/div>\n\n<div class=\"wp-block-columns is-layout-flex wp-container-core-columns-is-layout-9d6595d7 wp-block-columns-is-layout-flex\">\n<div class=\"wp-block-column is-layout-flow wp-block-column-is-layout-flow\"><\/div>\n\n\n\n<div class=\"wp-block-column is-layout-flow wp-block-column-is-layout-flow\"><\/div>\n\n\n\n<div class=\"wp-block-column is-layout-flow wp-block-column-is-layout-flow\"><\/div>\n<\/div>\n","protected":false},"excerpt":{"rendered":"<p>Selon le proverbe, il faut tout un village pour \u00e9lever un enfant. Malheureusement, la r\u00e9alit\u00e9 est diff\u00e9rente pour de nombreux parents en Suisse : De nombreuses m\u00e8res et de nombreux p\u00e8res sont totalement livr\u00e9s \u00e0 eux-m\u00eames. En tant que parents isol\u00e9s, ils sont responsables de tout &#8211; et ne peuvent presque jamais respirer. A cela [&hellip;]<\/p>\n","protected":false},"author":1,"featured_media":1191,"parent":0,"menu_order":0,"comment_status":"closed","ping_status":"closed","template":"","meta":{"_acf_changed":false,"footnotes":""},"class_list":["post-1612","page","type-page","status-publish","has-post-thumbnail","hentry"],"acf":[],"yoast_head":"<!-- This site is optimized with the Yoast SEO plugin v27.3 - https:\/\/yoast.com\/product\/yoast-seo-wordpress\/ -->\n<title>Votre soutien - SVAMV<\/title>\n<meta name=\"robots\" content=\"index, follow, max-snippet:-1, max-image-preview:large, max-video-preview:-1\" \/>\n<link rel=\"canonical\" href=\"https:\/\/svamv.ch\/fr\/votre-soutien\/\" \/>\n<meta property=\"og:locale\" content=\"fr_FR\" \/>\n<meta property=\"og:type\" content=\"article\" \/>\n<meta property=\"og:title\" content=\"Votre soutien - SVAMV\" \/>\n<meta property=\"og:description\" content=\"Selon le proverbe, il faut tout un village pour \u00e9lever un enfant. Malheureusement, la r\u00e9alit\u00e9 est diff\u00e9rente pour de nombreux parents en Suisse : De nombreuses m\u00e8res et de nombreux p\u00e8res sont totalement livr\u00e9s \u00e0 eux-m\u00eames. En tant que parents isol\u00e9s, ils sont responsables de tout &#8211; et ne peuvent presque jamais respirer. A cela [&hellip;]\" \/>\n<meta property=\"og:url\" content=\"https:\/\/svamv.ch\/fr\/votre-soutien\/\" \/>\n<meta property=\"og:site_name\" content=\"SVAMV\" \/>\n<meta property=\"article:modified_time\" content=\"2026-02-11T07:28:33+00:00\" \/>\n<meta property=\"og:image\" content=\"https:\/\/svamv.ch\/wp-content\/uploads\/2024\/07\/marcin-jozwiak-sW_7ai6fjWc-unsplash-scaled.jpg\" \/>\n\t<meta property=\"og:image:width\" content=\"2560\" \/>\n\t<meta property=\"og:image:height\" content=\"1707\" \/>\n\t<meta property=\"og:image:type\" content=\"image\/jpeg\" \/>\n<meta name=\"twitter:card\" content=\"summary_large_image\" \/>\n<meta name=\"twitter:label1\" content=\"Dur\u00e9e de lecture estim\u00e9e\" \/>\n\t<meta name=\"twitter:data1\" content=\"1 minute\" \/>\n<script type=\"application\/ld+json\" class=\"yoast-schema-graph\">{\"@context\":\"https:\\\/\\\/schema.org\",\"@graph\":[{\"@type\":\"WebPage\",\"@id\":\"https:\\\/\\\/svamv.ch\\\/fr\\\/votre-soutien\\\/\",\"url\":\"https:\\\/\\\/svamv.ch\\\/fr\\\/votre-soutien\\\/\",\"name\":\"Votre soutien - SVAMV\",\"isPartOf\":{\"@id\":\"https:\\\/\\\/svamv.ch\\\/fr\\\/#website\"},\"primaryImageOfPage\":{\"@id\":\"https:\\\/\\\/svamv.ch\\\/fr\\\/votre-soutien\\\/#primaryimage\"},\"image\":{\"@id\":\"https:\\\/\\\/svamv.ch\\\/fr\\\/votre-soutien\\\/#primaryimage\"},\"thumbnailUrl\":\"https:\\\/\\\/svamv.ch\\\/wp-content\\\/uploads\\\/2024\\\/07\\\/marcin-jozwiak-sW_7ai6fjWc-unsplash-scaled.jpg\",\"datePublished\":\"2024-06-28T06:23:03+00:00\",\"dateModified\":\"2026-02-11T07:28:33+00:00\",\"breadcrumb\":{\"@id\":\"https:\\\/\\\/svamv.ch\\\/fr\\\/votre-soutien\\\/#breadcrumb\"},\"inLanguage\":\"fr-FR\",\"potentialAction\":[{\"@type\":\"ReadAction\",\"target\":[\"https:\\\/\\\/svamv.ch\\\/fr\\\/votre-soutien\\\/\"]}]},{\"@type\":\"ImageObject\",\"inLanguage\":\"fr-FR\",\"@id\":\"https:\\\/\\\/svamv.ch\\\/fr\\\/votre-soutien\\\/#primaryimage\",\"url\":\"https:\\\/\\\/svamv.ch\\\/wp-content\\\/uploads\\\/2024\\\/07\\\/marcin-jozwiak-sW_7ai6fjWc-unsplash-scaled.jpg\",\"contentUrl\":\"https:\\\/\\\/svamv.ch\\\/wp-content\\\/uploads\\\/2024\\\/07\\\/marcin-jozwiak-sW_7ai6fjWc-unsplash-scaled.jpg\",\"width\":2560,\"height\":1707},{\"@type\":\"BreadcrumbList\",\"@id\":\"https:\\\/\\\/svamv.ch\\\/fr\\\/votre-soutien\\\/#breadcrumb\",\"itemListElement\":[{\"@type\":\"ListItem\",\"position\":1,\"name\":\"Startseite\",\"item\":\"https:\\\/\\\/svamv.ch\\\/fr\\\/\"},{\"@type\":\"ListItem\",\"position\":2,\"name\":\"Votre soutien\"}]},{\"@type\":\"WebSite\",\"@id\":\"https:\\\/\\\/svamv.ch\\\/fr\\\/#website\",\"url\":\"https:\\\/\\\/svamv.ch\\\/fr\\\/\",\"name\":\"SVAMV\",\"description\":\"Allein erziehen einfacher gemacht\",\"potentialAction\":[{\"@type\":\"SearchAction\",\"target\":{\"@type\":\"EntryPoint\",\"urlTemplate\":\"https:\\\/\\\/svamv.ch\\\/fr\\\/?s={search_term_string}\"},\"query-input\":{\"@type\":\"PropertyValueSpecification\",\"valueRequired\":true,\"valueName\":\"search_term_string\"}}],\"inLanguage\":\"fr-FR\"}]}<\/script>\n<!-- \/ Yoast SEO plugin. -->","yoast_head_json":{"title":"Votre soutien - SVAMV","robots":{"index":"index","follow":"follow","max-snippet":"max-snippet:-1","max-image-preview":"max-image-preview:large","max-video-preview":"max-video-preview:-1"},"canonical":"https:\/\/svamv.ch\/fr\/votre-soutien\/","og_locale":"fr_FR","og_type":"article","og_title":"Votre soutien - SVAMV","og_description":"Selon le proverbe, il faut tout un village pour \u00e9lever un enfant. Malheureusement, la r\u00e9alit\u00e9 est diff\u00e9rente pour de nombreux parents en Suisse : De nombreuses m\u00e8res et de nombreux p\u00e8res sont totalement livr\u00e9s \u00e0 eux-m\u00eames. En tant que parents isol\u00e9s, ils sont responsables de tout &#8211; et ne peuvent presque jamais respirer. A cela [&hellip;]","og_url":"https:\/\/svamv.ch\/fr\/votre-soutien\/","og_site_name":"SVAMV","article_modified_time":"2026-02-11T07:28:33+00:00","og_image":[{"width":2560,"height":1707,"url":"https:\/\/svamv.ch\/wp-content\/uploads\/2024\/07\/marcin-jozwiak-sW_7ai6fjWc-unsplash-scaled.jpg","type":"image\/jpeg"}],"twitter_card":"summary_large_image","twitter_misc":{"Dur\u00e9e de lecture estim\u00e9e":"1 minute"},"schema":{"@context":"https:\/\/schema.org","@graph":[{"@type":"WebPage","@id":"https:\/\/svamv.ch\/fr\/votre-soutien\/","url":"https:\/\/svamv.ch\/fr\/votre-soutien\/","name":"Votre soutien - SVAMV","isPartOf":{"@id":"https:\/\/svamv.ch\/fr\/#website"},"primaryImageOfPage":{"@id":"https:\/\/svamv.ch\/fr\/votre-soutien\/#primaryimage"},"image":{"@id":"https:\/\/svamv.ch\/fr\/votre-soutien\/#primaryimage"},"thumbnailUrl":"https:\/\/svamv.ch\/wp-content\/uploads\/2024\/07\/marcin-jozwiak-sW_7ai6fjWc-unsplash-scaled.jpg","datePublished":"2024-06-28T06:23:03+00:00","dateModified":"2026-02-11T07:28:33+00:00","breadcrumb":{"@id":"https:\/\/svamv.ch\/fr\/votre-soutien\/#breadcrumb"},"inLanguage":"fr-FR","potentialAction":[{"@type":"ReadAction","target":["https:\/\/svamv.ch\/fr\/votre-soutien\/"]}]},{"@type":"ImageObject","inLanguage":"fr-FR","@id":"https:\/\/svamv.ch\/fr\/votre-soutien\/#primaryimage","url":"https:\/\/svamv.ch\/wp-content\/uploads\/2024\/07\/marcin-jozwiak-sW_7ai6fjWc-unsplash-scaled.jpg","contentUrl":"https:\/\/svamv.ch\/wp-content\/uploads\/2024\/07\/marcin-jozwiak-sW_7ai6fjWc-unsplash-scaled.jpg","width":2560,"height":1707},{"@type":"BreadcrumbList","@id":"https:\/\/svamv.ch\/fr\/votre-soutien\/#breadcrumb","itemListElement":[{"@type":"ListItem","position":1,"name":"Startseite","item":"https:\/\/svamv.ch\/fr\/"},{"@type":"ListItem","position":2,"name":"Votre soutien"}]},{"@type":"WebSite","@id":"https:\/\/svamv.ch\/fr\/#website","url":"https:\/\/svamv.ch\/fr\/","name":"SVAMV","description":"Allein erziehen einfacher gemacht","potentialAction":[{"@type":"SearchAction","target":{"@type":"EntryPoint","urlTemplate":"https:\/\/svamv.ch\/fr\/?s={search_term_string}"},"query-input":{"@type":"PropertyValueSpecification","valueRequired":true,"valueName":"search_term_string"}}],"inLanguage":"fr-FR"}]}},"_links":{"self":[{"href":"https:\/\/svamv.ch\/fr\/wp-json\/wp\/v2\/pages\/1612","targetHints":{"allow":["GET"]}}],"collection":[{"href":"https:\/\/svamv.ch\/fr\/wp-json\/wp\/v2\/pages"}],"about":[{"href":"https:\/\/svamv.ch\/fr\/wp-json\/wp\/v2\/types\/page"}],"author":[{"embeddable":true,"href":"https:\/\/svamv.ch\/fr\/wp-json\/wp\/v2\/users\/1"}],"replies":[{"embeddable":true,"href":"https:\/\/svamv.ch\/fr\/wp-json\/wp\/v2\/comments?post=1612"}],"version-history":[{"count":5,"href":"https:\/\/svamv.ch\/fr\/wp-json\/wp\/v2\/pages\/1612\/revisions"}],"predecessor-version":[{"id":2307,"href":"https:\/\/svamv.ch\/fr\/wp-json\/wp\/v2\/pages\/1612\/revisions\/2307"}],"wp:featuredmedia":[{"embeddable":true,"href":"https:\/\/svamv.ch\/fr\/wp-json\/wp\/v2\/media\/1191"}],"wp:attachment":[{"href":"https:\/\/svamv.ch\/fr\/wp-json\/wp\/v2\/media?parent=1612"}],"curies":[{"name":"wp","href":"https:\/\/api.w.org\/{rel}","templated":true}]}}