{"id":1625,"date":"2024-10-29T16:48:13","date_gmt":"2024-10-29T15:48:13","guid":{"rendered":"https:\/\/svamv.site-preview.ch\/vos-commentaires\/"},"modified":"2024-12-18T16:45:23","modified_gmt":"2024-12-18T15:45:23","slug":"vos-commentaires","status":"publish","type":"page","link":"https:\/\/svamv.ch\/fr\/vos-commentaires\/","title":{"rendered":"Vos commentaires"},"content":{"rendered":"<div class=\"frm_forms  with_frm_style frm_style_sleek-smooth-style\" id=\"frm_form_4_container\" data-token=\"7bc8b6cd946aae8b68af2e4634b7332c\">\n<form enctype=\"multipart\/form-data\" method=\"post\" class=\"frm-show-form  frm_pro_form \" id=\"form_feedback\" data-token=\"7bc8b6cd946aae8b68af2e4634b7332c\">\n<div class=\"frm_form_fields \">\n<fieldset>\n<legend class=\"frm_screen_reader\">Feedback<\/legend>\r\n\r\n<div class=\"frm_fields_container\">\n<input type=\"hidden\" name=\"frm_action\" value=\"create\" \/>\n<input type=\"hidden\" name=\"form_id\" value=\"4\" \/>\n<input type=\"hidden\" name=\"frm_hide_fields_4\" id=\"frm_hide_fields_4\" value=\"\" \/>\n<input type=\"hidden\" name=\"form_key\" value=\"feedback\" \/>\n<input type=\"hidden\" name=\"item_meta[0]\" value=\"\" \/>\n<input type=\"hidden\" id=\"frm_submit_entry_4\" name=\"frm_submit_entry_4\" value=\"c85793c26f\" \/><input type=\"hidden\" name=\"_wp_http_referer\" value=\"\/fr\/wp-json\/wp\/v2\/pages\/1625\" \/><div id=\"frm_field_42_container\" class=\"frm_form_field form-field  frm_top_container\">\r\n\t<label for=\"field_7u4ro\" id=\"field_7u4ro_label\" class=\"frm_primary_label\">1. Sur une \u00e9chelle de 1 (pas du tout utile) \u00e0 6 (tr\u00e8s utile), dans quelle mesure avez-vous trouv\u00e9 l&rsquo;entretien avec notre conseill\u00e8re utile ?\r\n\t\t<span class=\"frm_required\" aria-hidden=\"true\"><\/span>\r\n\t<\/label>\r\n\t\t\t<select name=\"item_meta[42]\" id=\"field_7u4ro\"  data-frmval=\"Bitte ausw\u00e4hlen\" data-invmsg=\"1. Sur une \u00e9chelle de 1 (pas du tout utile) \u00e0 6 (tr\u00e8s utile), dans quelle mesure avez-vous trouv\u00e9 l&#039;entretien avec notre conseill\u00e8re utile ? ist ung\u00fcltig\" aria-invalid=\"false\"  >\n\t\t<option  value=\"Bitte ausw\u00e4hlen\" selected='selected'>Veuillez s\u00e9lectionner<\/option><option  value=\"1 (gar nicht n\u00fctzlich)\">1 (pas du tout utile)<\/option><option  value=\"2\">2<\/option><option  value=\"3\">3<\/option><option  value=\"4\">4<\/option><option  value=\"5\">5<\/option><option  value=\"6 (sehr n\u00fctzlich)\">6 (tr\u00e8s utile)<\/option>\t<\/select>\n\t\r\n\t\r\n\t\r\n<\/div>\n<div id=\"frm_field_43_container\" class=\"frm_form_field form-field  frm_top_container\">\r\n\t<label for=\"field_6diz2\" id=\"field_6diz2_label\" class=\"frm_primary_label\">2. Nos conseils ont-ils contribu\u00e9 \u00e0 r\u00e9soudre votre probl\u00e8me ? Veuillez r\u00e9pondre sur une \u00e9chelle de 1 \u00e0 6.\r\n\t\t<span class=\"frm_required\" aria-hidden=\"true\"><\/span>\r\n\t<\/label>\r\n\t\t\t<select name=\"item_meta[43]\" id=\"field_6diz2\"  data-frmval=\"Bitte ausw\u00e4hlen\" data-invmsg=\"2. Nos conseils ont-ils contribu\u00e9 \u00e0 r\u00e9soudre votre probl\u00e8me ? Veuillez r\u00e9pondre sur une \u00e9chelle de 1 \u00e0 6. ist ung\u00fcltig\" aria-invalid=\"false\"  >\n\t\t<option  value=\"Bitte ausw\u00e4hlen\" selected='selected'>Veuillez s\u00e9lectionner<\/option><option  value=\"1 (das Problem ist gar nicht gel\u00f6st)\">1 (le probl\u00e8me n&#039;est pas du tout r\u00e9solu)<\/option><option  value=\"2\">2<\/option><option  value=\"3\">3<\/option><option  value=\"4\">4<\/option><option  value=\"5\">5<\/option><option  value=\"6 (das Problem ist vollst\u00e4ndig gel\u00f6st)\">6 (le probl\u00e8me est enti\u00e8rement r\u00e9solu)<\/option>\t<\/select>\n\t\r\n\t\r\n\t\r\n<\/div>\n<div id=\"frm_field_56_container\" class=\"frm_form_field form-field  frm_top_container\">\r\n\t<label for=\"field_gfxct\" id=\"field_gfxct_label\" class=\"frm_primary_label\">3. Sur une \u00e9chelle de 1 \u00e0 6, quel est votre degr\u00e9 de satisfaction quant au temps n\u00e9cessaire pour obtenir une r\u00e9ponse \u00e0 votre demande ?\r\n\t\t<span class=\"frm_required\" aria-hidden=\"true\"><\/span>\r\n\t<\/label>\r\n\t\t\t<select name=\"item_meta[56]\" id=\"field_gfxct\"  data-frmval=\"Bitte ausw\u00e4hlen\" data-invmsg=\"3. Sur une \u00e9chelle de 1 \u00e0 6, quel est votre degr\u00e9 de satisfaction quant au temps n\u00e9cessaire pour obtenir une r\u00e9ponse \u00e0 votre demande ? ist ung\u00fcltig\" aria-invalid=\"false\"  >\n\t\t<option  value=\"Bitte ausw\u00e4hlen\" selected='selected'>Veuillez s\u00e9lectionner<\/option><option  value=\"1 (gar nicht zufrieden)\">1 (pas du tout satisfait)<\/option><option  value=\"2\">2<\/option><option  value=\"3\">3<\/option><option  value=\"4\">4<\/option><option  value=\"5\">5<\/option><option  value=\"6 ( sehr zufrieden)\">6 (tr\u00e8s satisfait)<\/option>\t<\/select>\n\t\r\n\t\r\n\t\r\n<\/div>\n<div id=\"frm_field_45_container\" class=\"frm_form_field form-field  frm_top_container\">\r\n\t<label for=\"field_bhgtd\" id=\"field_bhgtd_label\" class=\"frm_primary_label\">4. Sur une \u00e9chelle de 1 \u00e0 6, quelle est la probabilit\u00e9 que vous fassiez \u00e0 nouveau appel \u00e0 nos conseils ?\r\n\t\t<span class=\"frm_required\" aria-hidden=\"true\"><\/span>\r\n\t<\/label>\r\n\t\t\t<select name=\"item_meta[45]\" id=\"field_bhgtd\"  data-frmval=\"Bitte ausw\u00e4hlen\" data-invmsg=\"4. Sur une \u00e9chelle de 1 \u00e0 6, quelle est la probabilit\u00e9 que vous fassiez \u00e0 nouveau appel \u00e0 nos conseils ? ist ung\u00fcltig\" aria-invalid=\"false\"  >\n\t\t<option  value=\"Bitte ausw\u00e4hlen\" selected='selected'>Veuillez s\u00e9lectionner<\/option><option  value=\"1 (gar nicht)\">1 (pas du tout)<\/option><option  value=\"2\">2<\/option><option  value=\"3\">3<\/option><option  value=\"4\">4<\/option><option  value=\"5\">5<\/option><option  value=\"6 (sehr wahrscheinlich)\">6 (tr\u00e8s probable)<\/option>\t<\/select>\n\t\r\n\t\r\n\t\r\n<\/div>\n<div id=\"frm_field_57_container\" class=\"frm_form_field form-field  frm_top_container\">\r\n\t<label for=\"field_z1v6m\" id=\"field_z1v6m_label\" class=\"frm_primary_label\">5. Sur une \u00e9chelle de 1 \u00e0 6, quelle est la probabilit\u00e9 que vous recommandiez nos conseils \u00e0 d&rsquo;autres personnes ?\r\n\t\t<span class=\"frm_required\" aria-hidden=\"true\"><\/span>\r\n\t<\/label>\r\n\t\t\t<select name=\"item_meta[57]\" id=\"field_z1v6m\"  data-frmval=\"Bitte ausw\u00e4hlen\" data-invmsg=\"5. Sur une \u00e9chelle de 1 \u00e0 6, quelle est la probabilit\u00e9 que vous recommandiez nos conseils \u00e0 d&#039;autres personnes ? ist ung\u00fcltig\" aria-invalid=\"false\"  >\n\t\t<option  value=\"Bitte ausw\u00e4hlen\" selected='selected'>Veuillez s\u00e9lectionner<\/option><option  value=\"1 (gar nicht)\">1 (pas du tout)<\/option><option  value=\"2\">2<\/option><option  value=\"3\">3<\/option><option  value=\"4\">4<\/option><option  value=\"5\">5<\/option><option  value=\"6 (sehr wahrscheinlich)\">6 (tr\u00e8s probable)<\/option>\t<\/select>\n\t\r\n\t\r\n\t\r\n<\/div>\n<div id=\"frm_field_47_container\" class=\"frm_form_field form-field  frm_top_container vertical_radio\">\r\n\t<div  id=\"field_y8t9e_label\" class=\"frm_primary_label\">6. Comment avez-vous pris connaissance de notre offre de conseil ?\r\n\t\t<span class=\"frm_required\" aria-hidden=\"true\"><\/span>\r\n\t<\/div>\r\n\t<div class=\"frm_opt_container\" aria-labelledby=\"field_y8t9e_label\" role=\"radiogroup\">\t\t<div class=\"frm_radio\" id=\"frm_radio_47-0\">\t\t\t<label  for=\"field_y8t9e-0\">\n\t\t\t\t\t<input type=\"radio\" name=\"item_meta[47]\" id=\"field_y8t9e-0\" value=\"Empfehlung von Bekannten\"\n\t\t data-invmsg=\"6. Comment avez-vous pris connaissance de notre offre de conseil ? ist ung\u00fcltig\"   \/> Recommandation d&rsquo;une connaissance<\/label><\/div>\n\t\t<div class=\"frm_radio\" id=\"frm_radio_47-1\">\t\t\t<label  for=\"field_y8t9e-1\">\n\t\t\t\t\t<input type=\"radio\" name=\"item_meta[47]\" id=\"field_y8t9e-1\" value=\"Erw\u00e4hnung in kindgerecht\"\n\t\t data-invmsg=\"6. Comment avez-vous pris connaissance de notre offre de conseil ? ist ung\u00fcltig\"   \/> Mention dans adapt\u00e9 aux enfants<\/label><\/div>\n\t\t<div class=\"frm_radio\" id=\"frm_radio_47-2\">\t\t\t<label  for=\"field_y8t9e-2\">\n\t\t\t\t\t<input type=\"radio\" name=\"item_meta[47]\" id=\"field_y8t9e-2\" value=\"Webseite SVAMV\"\n\t\t data-invmsg=\"6. Comment avez-vous pris connaissance de notre offre de conseil ? ist ung\u00fcltig\"   \/> Site web de la FSFM<\/label><\/div>\n\t\t<div class=\"frm_radio\" id=\"frm_radio_47-3\">\t\t\t<label  for=\"field_y8t9e-3\">\n\t\t\t\t\t<input type=\"radio\" name=\"item_meta[47]\" id=\"field_y8t9e-3\" value=\"Anderes\"\n\t\t data-invmsg=\"6. Comment avez-vous pris connaissance de notre offre de conseil ? ist ung\u00fcltig\"   \/> Autre<\/label><\/div>\n<\/div>\r\n\t\r\n\t\r\n<\/div>\n<div id=\"frm_field_49_container\" class=\"frm_form_field form-field  frm_top_container\">\r\n\t<label for=\"field_s63kh\" id=\"field_s63kh_label\" class=\"frm_primary_label\">7. Qu&rsquo;est-ce qui vous a sembl\u00e9 particuli\u00e8rement pr\u00e9cieux dans la consultation ?\r\n\t\t<span class=\"frm_required\" aria-hidden=\"true\"><\/span>\r\n\t<\/label>\r\n\t<textarea name=\"item_meta[49]\" id=\"field_s63kh\" rows=\"5\"  data-invmsg=\"7. Qu&#039;est-ce qui vous a sembl\u00e9 particuli\u00e8rement pr\u00e9cieux dans la consultation ? n&#039;est pas valide\" aria-invalid=\"false\"  ><\/textarea>\r\n\t\r\n\t\r\n<\/div>\n<div id=\"frm_field_50_container\" class=\"frm_form_field form-field  frm_top_container frm12 frm_first\">\r\n\t<label for=\"field_40dia\" id=\"field_40dia_label\" class=\"frm_primary_label\">8. Voyez-vous des possibilit\u00e9s d&rsquo;am\u00e9lioration ?\r\n\t\t<span class=\"frm_required\" aria-hidden=\"true\"><\/span>\r\n\t<\/label>\r\n\t<textarea name=\"item_meta[50]\" id=\"field_40dia\" rows=\"5\"  data-invmsg=\"8. Voyez-vous des possibilit\u00e9s d&#039;am\u00e9lioration ? n&#039;est pas valide\" aria-invalid=\"false\"  ><\/textarea>\r\n\t\r\n\t\r\n<\/div>\n<div id=\"frm_field_61_container\" class=\"frm_form_field form-field  frm_required_field frm_top_container\">\r\n\t<label for=\"field_gdjon\" id=\"field_gdjon_label\" class=\"frm_primary_label\">Pr\u00e9nom\r\n\t\t<span class=\"frm_required\" aria-hidden=\"true\">*<\/span>\r\n\t<\/label>\r\n\t<input  type=\"text\" id=\"field_gdjon\" name=\"item_meta[61]\" value=\"\"  data-reqmsg=\"Pr\u00e9nom darf nicht leer sein.\" aria-required=\"true\" data-invmsg=\"Pr\u00e9nom n&#039;est pas valide\" aria-invalid=\"false\"   \/>\r\n\t\r\n\t\r\n<\/div>\n<div id=\"frm_field_58_container\" class=\"frm_form_field form-field  frm_required_field frm_top_container\">\r\n\t<label for=\"field_a7pxx\" id=\"field_a7pxx_label\" class=\"frm_primary_label\">Nom de famille\r\n\t\t<span class=\"frm_required\" aria-hidden=\"true\">*<\/span>\r\n\t<\/label>\r\n\t<input  type=\"text\" id=\"field_a7pxx\" name=\"item_meta[58]\" value=\"\"  data-reqmsg=\"Nom de famille darf nicht leer sein.\" aria-required=\"true\" data-invmsg=\"Nom de famille n&#039;est pas valide\" aria-invalid=\"false\"   \/>\r\n\t\r\n\t\r\n<\/div>\n<div id=\"frm_field_53_container\" class=\"frm_form_field form-field  frm_required_field frm_top_container\">\r\n\t<label for=\"field_uvwi9\" id=\"field_uvwi9_label\" class=\"frm_primary_label\">E-mail\r\n\t\t<span class=\"frm_required\" aria-hidden=\"true\">*<\/span>\r\n\t<\/label>\r\n\t<input type=\"email\" id=\"field_uvwi9\" name=\"item_meta[53]\" value=\"\"  autocomplete=\"email\"  data-reqmsg=\"E-mail darf nicht leer sein.\" aria-required=\"true\" data-invmsg=\"E-mail n&#039;est pas valide\" aria-invalid=\"false\"  \/>\r\n\t\r\n\t\r\n<\/div>\n<div id=\"frm_field_55_container\" class=\"frm_form_field form-field  frm_none_container\">\r\n\t<label for=\"h-captcha-response\" id=\"field_sc8ur_label\" class=\"frm_primary_label\">Captcha\r\n\t\t<span class=\"frm_required\" aria-hidden=\"true\"><\/span>\r\n\t<\/label>\r\n\t<div  id=\"field_sc8ur\" class=\"h-captcha\" data-sitekey=\"16ea60ae-a954-4124-8690-7df87b0e6270\" data-size=\"normal\" data-theme=\"light\"><\/div>\r\n\t\r\n\t\r\n<\/div>\n<div id=\"frm_field_41_container\" class=\"frm_form_field form-field  frm12 frm_first\">\r\n\t<div class=\"frm_submit frm_flex\">\r\n<button class=\"frm_button_submit frm_final_submit\" type=\"submit\"   formnovalidate=\"formnovalidate\">ENVOYER<\/button>\r\n\r\n\r\n\r\n<\/div>\r\n<\/div>\n\t<input type=\"hidden\" name=\"item_key\" value=\"\" \/>\n\t\t\t<div id=\"frm_field_68_container\">\n\t\t\t<label for=\"field_8pz3w\" >\n\t\t\t\tSi vous \u00eates un humain, ne remplissez pas ce champ.\t\t\t<\/label>\n\t\t\t<input  id=\"field_8pz3w\" type=\"text\" class=\"frm_form_field form-field frm_verify\" name=\"item_meta[68]\" value=\"\"  \/>\n\t\t<\/div>\n\t\t<input name=\"frm_state\" type=\"hidden\" value=\"5GupCi3CyCNP2S7peb8p\/ODufWpuGn3CkjdxrF5FAXia3tJ4vjz9djoqYPSubvPO\" \/><\/div>\n<\/fieldset>\n<\/div>\n\n<\/form>\n<\/div>\n","protected":false},"excerpt":{"rendered":"","protected":false},"author":1,"featured_media":0,"parent":0,"menu_order":0,"comment_status":"closed","ping_status":"closed","template":"","meta":{"_acf_changed":false,"footnotes":""},"class_list":["post-1625","page","type-page","status-publish","hentry"],"acf":[],"yoast_head":"<!-- This site is optimized with the Yoast SEO plugin v27.3 - https:\/\/yoast.com\/product\/yoast-seo-wordpress\/ -->\n<title>Vos commentaires - SVAMV<\/title>\n<meta name=\"robots\" content=\"index, follow, max-snippet:-1, max-image-preview:large, max-video-preview:-1\" \/>\n<link rel=\"canonical\" href=\"https:\/\/svamv.ch\/fr\/vos-commentaires\/\" \/>\n<meta property=\"og:locale\" content=\"fr_FR\" \/>\n<meta property=\"og:type\" content=\"article\" \/>\n<meta property=\"og:title\" content=\"Vos commentaires - SVAMV\" \/>\n<meta property=\"og:url\" content=\"https:\/\/svamv.ch\/fr\/vos-commentaires\/\" \/>\n<meta property=\"og:site_name\" content=\"SVAMV\" \/>\n<meta property=\"article:modified_time\" content=\"2024-12-18T15:45:23+00:00\" \/>\n<meta name=\"twitter:card\" content=\"summary_large_image\" \/>\n<script type=\"application\/ld+json\" class=\"yoast-schema-graph\">{\"@context\":\"https:\\\/\\\/schema.org\",\"@graph\":[{\"@type\":\"WebPage\",\"@id\":\"https:\\\/\\\/svamv.ch\\\/fr\\\/vos-commentaires\\\/\",\"url\":\"https:\\\/\\\/svamv.ch\\\/fr\\\/vos-commentaires\\\/\",\"name\":\"Vos commentaires - SVAMV\",\"isPartOf\":{\"@id\":\"https:\\\/\\\/svamv.ch\\\/fr\\\/#website\"},\"datePublished\":\"2024-10-29T15:48:13+00:00\",\"dateModified\":\"2024-12-18T15:45:23+00:00\",\"breadcrumb\":{\"@id\":\"https:\\\/\\\/svamv.ch\\\/fr\\\/vos-commentaires\\\/#breadcrumb\"},\"inLanguage\":\"fr-FR\",\"potentialAction\":[{\"@type\":\"ReadAction\",\"target\":[\"https:\\\/\\\/svamv.ch\\\/fr\\\/vos-commentaires\\\/\"]}]},{\"@type\":\"BreadcrumbList\",\"@id\":\"https:\\\/\\\/svamv.ch\\\/fr\\\/vos-commentaires\\\/#breadcrumb\",\"itemListElement\":[{\"@type\":\"ListItem\",\"position\":1,\"name\":\"Startseite\",\"item\":\"https:\\\/\\\/svamv.ch\\\/fr\\\/\"},{\"@type\":\"ListItem\",\"position\":2,\"name\":\"Vos commentaires\"}]},{\"@type\":\"WebSite\",\"@id\":\"https:\\\/\\\/svamv.ch\\\/fr\\\/#website\",\"url\":\"https:\\\/\\\/svamv.ch\\\/fr\\\/\",\"name\":\"SVAMV\",\"description\":\"Allein erziehen einfacher gemacht\",\"potentialAction\":[{\"@type\":\"SearchAction\",\"target\":{\"@type\":\"EntryPoint\",\"urlTemplate\":\"https:\\\/\\\/svamv.ch\\\/fr\\\/?s={search_term_string}\"},\"query-input\":{\"@type\":\"PropertyValueSpecification\",\"valueRequired\":true,\"valueName\":\"search_term_string\"}}],\"inLanguage\":\"fr-FR\"}]}<\/script>\n<!-- \/ Yoast SEO plugin. -->","yoast_head_json":{"title":"Vos commentaires - SVAMV","robots":{"index":"index","follow":"follow","max-snippet":"max-snippet:-1","max-image-preview":"max-image-preview:large","max-video-preview":"max-video-preview:-1"},"canonical":"https:\/\/svamv.ch\/fr\/vos-commentaires\/","og_locale":"fr_FR","og_type":"article","og_title":"Vos commentaires - SVAMV","og_url":"https:\/\/svamv.ch\/fr\/vos-commentaires\/","og_site_name":"SVAMV","article_modified_time":"2024-12-18T15:45:23+00:00","twitter_card":"summary_large_image","schema":{"@context":"https:\/\/schema.org","@graph":[{"@type":"WebPage","@id":"https:\/\/svamv.ch\/fr\/vos-commentaires\/","url":"https:\/\/svamv.ch\/fr\/vos-commentaires\/","name":"Vos commentaires - SVAMV","isPartOf":{"@id":"https:\/\/svamv.ch\/fr\/#website"},"datePublished":"2024-10-29T15:48:13+00:00","dateModified":"2024-12-18T15:45:23+00:00","breadcrumb":{"@id":"https:\/\/svamv.ch\/fr\/vos-commentaires\/#breadcrumb"},"inLanguage":"fr-FR","potentialAction":[{"@type":"ReadAction","target":["https:\/\/svamv.ch\/fr\/vos-commentaires\/"]}]},{"@type":"BreadcrumbList","@id":"https:\/\/svamv.ch\/fr\/vos-commentaires\/#breadcrumb","itemListElement":[{"@type":"ListItem","position":1,"name":"Startseite","item":"https:\/\/svamv.ch\/fr\/"},{"@type":"ListItem","position":2,"name":"Vos commentaires"}]},{"@type":"WebSite","@id":"https:\/\/svamv.ch\/fr\/#website","url":"https:\/\/svamv.ch\/fr\/","name":"SVAMV","description":"Allein erziehen einfacher gemacht","potentialAction":[{"@type":"SearchAction","target":{"@type":"EntryPoint","urlTemplate":"https:\/\/svamv.ch\/fr\/?s={search_term_string}"},"query-input":{"@type":"PropertyValueSpecification","valueRequired":true,"valueName":"search_term_string"}}],"inLanguage":"fr-FR"}]}},"_links":{"self":[{"href":"https:\/\/svamv.ch\/fr\/wp-json\/wp\/v2\/pages\/1625","targetHints":{"allow":["GET"]}}],"collection":[{"href":"https:\/\/svamv.ch\/fr\/wp-json\/wp\/v2\/pages"}],"about":[{"href":"https:\/\/svamv.ch\/fr\/wp-json\/wp\/v2\/types\/page"}],"author":[{"embeddable":true,"href":"https:\/\/svamv.ch\/fr\/wp-json\/wp\/v2\/users\/1"}],"replies":[{"embeddable":true,"href":"https:\/\/svamv.ch\/fr\/wp-json\/wp\/v2\/comments?post=1625"}],"version-history":[{"count":1,"href":"https:\/\/svamv.ch\/fr\/wp-json\/wp\/v2\/pages\/1625\/revisions"}],"predecessor-version":[{"id":1626,"href":"https:\/\/svamv.ch\/fr\/wp-json\/wp\/v2\/pages\/1625\/revisions\/1626"}],"wp:attachment":[{"href":"https:\/\/svamv.ch\/fr\/wp-json\/wp\/v2\/media?parent=1625"}],"curies":[{"name":"wp","href":"https:\/\/api.w.org\/{rel}","templated":true}]}}