{"id":1629,"date":"2024-10-07T15:46:32","date_gmt":"2024-10-07T13:46:32","guid":{"rendered":"https:\/\/svamv.site-preview.ch\/documents-de-lassociation\/"},"modified":"2026-02-22T14:17:05","modified_gmt":"2026-02-22T13:17:05","slug":"documents-de-lassociation","status":"publish","type":"page","link":"https:\/\/svamv.ch\/fr\/documents-de-lassociation\/","title":{"rendered":"Documents de l&rsquo;association"},"content":{"rendered":"\n<h2 class=\"wp-block-heading\">Statuts<\/h2>\n\n<p>\u00ab\u00a0La FSFM repr\u00e9sente et soutient les int\u00e9r\u00eats juridiques, sociaux et \u00e9conomiques des m\u00e8res et des p\u00e8res \u00e9levant seuls leurs enfants dans la soci\u00e9t\u00e9, l&rsquo;\u00e9conomie et la politique. Elle s&rsquo;engage surtout \u00e0 \u00e9liminer les discriminations et les stigmatisations qui touchent particuli\u00e8rement les familles monoparentales &#8230;\u00a0\u00bb<\/p>\n\n<div class=\"wp-block-buttons is-layout-flex wp-block-buttons-is-layout-flex\">\n<div class=\"wp-block-button is-style-outline is-style-outline--1\"><a class=\"wp-block-button__link wp-element-button\" href=\"https:\/\/svamv.ch\/wp-content\/uploads\/2026\/02\/Statuten_2022_FR.pdf\" target=\"_blank\" rel=\"noreferrer noopener\">T\u00e9l\u00e9charger les statuts<\/a><\/div>\n<\/div>\n\n<div style=\"height:42px\" aria-hidden=\"true\" class=\"wp-block-spacer is-style-md\"><\/div>\n\n<h2 class=\"wp-block-heading\">Rapports annuels<\/h2>\n\n<ul class=\"wp-block-list\">\n<li><a href=\"https:\/\/svamv.ch\/wp-content\/uploads\/2025\/10\/SVAMV-Jahresbericht-2024.pdf\">Rapport annuel 2024<\/a><\/li>\n\n\n\n<li><a href=\"https:\/\/svamv.ch\/wp-content\/uploads\/2025\/10\/SVAMV-Jahresbericht-2023.pdf\">Rapport annuel 2023<\/a><\/li>\n\n\n\n<li><a href=\"https:\/\/svamv.ch\/wp-content\/uploads\/2024\/10\/SVAMV-Jahresbericht-2022.pdf\">Rapport annuel 2022<\/a><\/li>\n\n\n\n<li><a href=\"https:\/\/svamv.ch\/wp-content\/uploads\/2024\/10\/SVAMV-Jahresbericht-2021.pdf\">Rapport annuel 2021<\/a><\/li>\n\n\n\n<li><a href=\"https:\/\/svamv.ch\/wp-content\/uploads\/2024\/10\/SVAMV-Jahresbericht-2020.pdf\">Rapport annuel 2020<\/a><\/li>\n<\/ul>\n","protected":false},"excerpt":{"rendered":"<p>Statuts \u00ab\u00a0La FSFM repr\u00e9sente et soutient les int\u00e9r\u00eats juridiques, sociaux et \u00e9conomiques des m\u00e8res et des p\u00e8res \u00e9levant seuls leurs enfants dans la soci\u00e9t\u00e9, l&rsquo;\u00e9conomie et la politique. Elle s&rsquo;engage surtout \u00e0 \u00e9liminer les discriminations et les stigmatisations qui touchent particuli\u00e8rement les familles monoparentales &#8230;\u00a0\u00bb Rapports annuels<\/p>\n","protected":false},"author":1,"featured_media":0,"parent":0,"menu_order":0,"comment_status":"closed","ping_status":"closed","template":"","meta":{"_acf_changed":false,"footnotes":""},"class_list":["post-1629","page","type-page","status-publish","hentry"],"acf":[],"yoast_head":"<!-- This site is optimized with the Yoast SEO plugin v27.3 - https:\/\/yoast.com\/product\/yoast-seo-wordpress\/ -->\n<title>Documents de l&#039;association - SVAMV<\/title>\n<meta name=\"robots\" content=\"index, follow, max-snippet:-1, max-image-preview:large, max-video-preview:-1\" \/>\n<link rel=\"canonical\" href=\"https:\/\/svamv.ch\/fr\/documents-de-lassociation\/\" \/>\n<meta property=\"og:locale\" content=\"fr_FR\" \/>\n<meta property=\"og:type\" content=\"article\" \/>\n<meta property=\"og:title\" content=\"Documents de l&#039;association - SVAMV\" \/>\n<meta property=\"og:description\" content=\"Statuts \u00ab\u00a0La FSFM repr\u00e9sente et soutient les int\u00e9r\u00eats juridiques, sociaux et \u00e9conomiques des m\u00e8res et des p\u00e8res \u00e9levant seuls leurs enfants dans la soci\u00e9t\u00e9, l&rsquo;\u00e9conomie et la politique. Elle s&rsquo;engage surtout \u00e0 \u00e9liminer les discriminations et les stigmatisations qui touchent particuli\u00e8rement les familles monoparentales &#8230;\u00a0\u00bb Rapports annuels\" \/>\n<meta property=\"og:url\" content=\"https:\/\/svamv.ch\/fr\/documents-de-lassociation\/\" \/>\n<meta property=\"og:site_name\" content=\"SVAMV\" \/>\n<meta property=\"article:modified_time\" content=\"2026-02-22T13:17:05+00:00\" \/>\n<meta name=\"twitter:card\" content=\"summary_large_image\" \/>\n<script type=\"application\/ld+json\" class=\"yoast-schema-graph\">{\"@context\":\"https:\\\/\\\/schema.org\",\"@graph\":[{\"@type\":\"WebPage\",\"@id\":\"https:\\\/\\\/svamv.ch\\\/fr\\\/documents-de-lassociation\\\/\",\"url\":\"https:\\\/\\\/svamv.ch\\\/fr\\\/documents-de-lassociation\\\/\",\"name\":\"Documents de l'association - SVAMV\",\"isPartOf\":{\"@id\":\"https:\\\/\\\/svamv.ch\\\/fr\\\/#website\"},\"datePublished\":\"2024-10-07T13:46:32+00:00\",\"dateModified\":\"2026-02-22T13:17:05+00:00\",\"breadcrumb\":{\"@id\":\"https:\\\/\\\/svamv.ch\\\/fr\\\/documents-de-lassociation\\\/#breadcrumb\"},\"inLanguage\":\"fr-FR\",\"potentialAction\":[{\"@type\":\"ReadAction\",\"target\":[\"https:\\\/\\\/svamv.ch\\\/fr\\\/documents-de-lassociation\\\/\"]}]},{\"@type\":\"BreadcrumbList\",\"@id\":\"https:\\\/\\\/svamv.ch\\\/fr\\\/documents-de-lassociation\\\/#breadcrumb\",\"itemListElement\":[{\"@type\":\"ListItem\",\"position\":1,\"name\":\"Startseite\",\"item\":\"https:\\\/\\\/svamv.ch\\\/fr\\\/\"},{\"@type\":\"ListItem\",\"position\":2,\"name\":\"Documents de l&rsquo;association\"}]},{\"@type\":\"WebSite\",\"@id\":\"https:\\\/\\\/svamv.ch\\\/fr\\\/#website\",\"url\":\"https:\\\/\\\/svamv.ch\\\/fr\\\/\",\"name\":\"SVAMV\",\"description\":\"Allein erziehen einfacher gemacht\",\"potentialAction\":[{\"@type\":\"SearchAction\",\"target\":{\"@type\":\"EntryPoint\",\"urlTemplate\":\"https:\\\/\\\/svamv.ch\\\/fr\\\/?s={search_term_string}\"},\"query-input\":{\"@type\":\"PropertyValueSpecification\",\"valueRequired\":true,\"valueName\":\"search_term_string\"}}],\"inLanguage\":\"fr-FR\"}]}<\/script>\n<!-- \/ Yoast SEO plugin. -->","yoast_head_json":{"title":"Documents de l'association - SVAMV","robots":{"index":"index","follow":"follow","max-snippet":"max-snippet:-1","max-image-preview":"max-image-preview:large","max-video-preview":"max-video-preview:-1"},"canonical":"https:\/\/svamv.ch\/fr\/documents-de-lassociation\/","og_locale":"fr_FR","og_type":"article","og_title":"Documents de l'association - SVAMV","og_description":"Statuts \u00ab\u00a0La FSFM repr\u00e9sente et soutient les int\u00e9r\u00eats juridiques, sociaux et \u00e9conomiques des m\u00e8res et des p\u00e8res \u00e9levant seuls leurs enfants dans la soci\u00e9t\u00e9, l&rsquo;\u00e9conomie et la politique. Elle s&rsquo;engage surtout \u00e0 \u00e9liminer les discriminations et les stigmatisations qui touchent particuli\u00e8rement les familles monoparentales &#8230;\u00a0\u00bb Rapports annuels","og_url":"https:\/\/svamv.ch\/fr\/documents-de-lassociation\/","og_site_name":"SVAMV","article_modified_time":"2026-02-22T13:17:05+00:00","twitter_card":"summary_large_image","schema":{"@context":"https:\/\/schema.org","@graph":[{"@type":"WebPage","@id":"https:\/\/svamv.ch\/fr\/documents-de-lassociation\/","url":"https:\/\/svamv.ch\/fr\/documents-de-lassociation\/","name":"Documents de l'association - SVAMV","isPartOf":{"@id":"https:\/\/svamv.ch\/fr\/#website"},"datePublished":"2024-10-07T13:46:32+00:00","dateModified":"2026-02-22T13:17:05+00:00","breadcrumb":{"@id":"https:\/\/svamv.ch\/fr\/documents-de-lassociation\/#breadcrumb"},"inLanguage":"fr-FR","potentialAction":[{"@type":"ReadAction","target":["https:\/\/svamv.ch\/fr\/documents-de-lassociation\/"]}]},{"@type":"BreadcrumbList","@id":"https:\/\/svamv.ch\/fr\/documents-de-lassociation\/#breadcrumb","itemListElement":[{"@type":"ListItem","position":1,"name":"Startseite","item":"https:\/\/svamv.ch\/fr\/"},{"@type":"ListItem","position":2,"name":"Documents de l&rsquo;association"}]},{"@type":"WebSite","@id":"https:\/\/svamv.ch\/fr\/#website","url":"https:\/\/svamv.ch\/fr\/","name":"SVAMV","description":"Allein erziehen einfacher gemacht","potentialAction":[{"@type":"SearchAction","target":{"@type":"EntryPoint","urlTemplate":"https:\/\/svamv.ch\/fr\/?s={search_term_string}"},"query-input":{"@type":"PropertyValueSpecification","valueRequired":true,"valueName":"search_term_string"}}],"inLanguage":"fr-FR"}]}},"_links":{"self":[{"href":"https:\/\/svamv.ch\/fr\/wp-json\/wp\/v2\/pages\/1629","targetHints":{"allow":["GET"]}}],"collection":[{"href":"https:\/\/svamv.ch\/fr\/wp-json\/wp\/v2\/pages"}],"about":[{"href":"https:\/\/svamv.ch\/fr\/wp-json\/wp\/v2\/types\/page"}],"author":[{"embeddable":true,"href":"https:\/\/svamv.ch\/fr\/wp-json\/wp\/v2\/users\/1"}],"replies":[{"embeddable":true,"href":"https:\/\/svamv.ch\/fr\/wp-json\/wp\/v2\/comments?post=1629"}],"version-history":[{"count":6,"href":"https:\/\/svamv.ch\/fr\/wp-json\/wp\/v2\/pages\/1629\/revisions"}],"predecessor-version":[{"id":2345,"href":"https:\/\/svamv.ch\/fr\/wp-json\/wp\/v2\/pages\/1629\/revisions\/2345"}],"wp:attachment":[{"href":"https:\/\/svamv.ch\/fr\/wp-json\/wp\/v2\/media?parent=1629"}],"curies":[{"name":"wp","href":"https:\/\/api.w.org\/{rel}","templated":true}]}}