{"id":1641,"date":"2024-10-07T16:00:33","date_gmt":"2024-10-07T14:00:33","guid":{"rendered":"https:\/\/svamv.site-preview.ch\/devenir-membre\/"},"modified":"2024-12-18T16:45:34","modified_gmt":"2024-12-18T15:45:34","slug":"devenir-membre","status":"publish","type":"page","link":"https:\/\/svamv.ch\/fr\/devenir-membre\/","title":{"rendered":"Devenir membre"},"content":{"rendered":"\n<p class=\"lead\">En vous engageant en tant que membre de la FSFM, vous contribuez \u00e0 faire entendre les pr\u00e9occupations des familles monoparentales et votre cotisation annuelle constitue un pilier financier important de la f\u00e9d\u00e9ration.<\/p>\n\n<div style=\"height:100px\" aria-hidden=\"true\" class=\"wp-block-spacer is-style-md\"><\/div>\n<div class=\"frm_forms  with_frm_style frm_style_sleek-smooth-style\" id=\"frm_form_3_container\" >\n<form enctype=\"multipart\/form-data\" method=\"post\" class=\"frm-show-form  frm_pro_form \" id=\"form_mitglied-werden\" >\n<div class=\"frm_form_fields \">\n<fieldset>\n<legend class=\"frm_screen_reader\">Devenir membre<\/legend>\r\n\r\n<div class=\"frm_fields_container\">\n<input type=\"hidden\" name=\"frm_action\" value=\"create\" \/>\n<input type=\"hidden\" name=\"form_id\" value=\"3\" \/>\n<input type=\"hidden\" name=\"frm_hide_fields_3\" id=\"frm_hide_fields_3\" value=\"\" \/>\n<input type=\"hidden\" name=\"form_key\" value=\"mitglied-werden\" \/>\n<input type=\"hidden\" name=\"item_meta[0]\" value=\"\" \/>\n<input type=\"hidden\" id=\"frm_submit_entry_3\" name=\"frm_submit_entry_3\" value=\"c85793c26f\" \/><input type=\"hidden\" name=\"_wp_http_referer\" value=\"\/fr\/wp-json\/wp\/v2\/pages\/1641\" \/><div id=\"frm_field_38_container\" class=\"frm_form_field form-field  frm_required_field frm_top_container vertical_radio frm_other_container\">\r\n\t<div  id=\"field_epaof_label\" class=\"frm_primary_label\">Affiliation\r\n\t\t<span class=\"frm_required\" aria-hidden=\"true\">*<\/span>\r\n\t<\/div>\r\n\t<div class=\"frm_opt_container\" aria-labelledby=\"field_epaof_label\" role=\"radiogroup\" aria-required=\"true\">\t\t<div class=\"frm_radio\" id=\"frm_radio_38-0\">\t\t\t<label  for=\"field_epaof-0\">\n\t\t\t\t\t<input type=\"radio\" name=\"item_meta[38]\" id=\"field_epaof-0\" value=\"Einzelmitglied\"\n\t\t data-reqmsg=\"Affiliation darf nicht leer sein.\" data-invmsg=\"Affiliation est non valide\"   \/> Membre individuel<\/label><\/div>\n\t\t<div class=\"frm_radio\" id=\"frm_radio_38-1\">\t\t\t<label  for=\"field_epaof-1\">\n\t\t\t\t\t<input type=\"radio\" name=\"item_meta[38]\" id=\"field_epaof-1\" value=\"Aktivmitgliedorganisation\"\n\t\t data-reqmsg=\"Affiliation darf nicht leer sein.\" data-invmsg=\"Affiliation est non valide\"   \/> Membre collectif<\/label><\/div>\n\t\t<div class=\"frm_radio\" id=\"frm_radio_38-other_3\">\t\t\t<label  for=\"field_epaof-other_3\">\n\t\t\t\t\t<input type=\"radio\" name=\"item_meta[38]\" id=\"field_epaof-other_3\" value=\"Andere\"\n\t\t data-reqmsg=\"Affiliation darf nicht leer sein.\" data-invmsg=\"Affiliation est non valide\"   \/> Autres<\/label><label for=\"field_epaof-other_3-otext\" class=\"frm_screen_reader frm_hidden\">Autres<\/label><input type=\"text\" id=\"field_epaof-other_3-otext\" class=\"frm_other_input frm_pos_none\"  name=\"item_meta[other][38]\" value=\"\" \/><\/div>\n<\/div>\r\n\t\r\n\t\r\n<\/div>\n<div id=\"frm_field_37_container\" class=\"frm_form_field form-field  frm_top_container\">\r\n\t<label for=\"field_9vf95\" id=\"field_9vf95_label\" class=\"frm_primary_label\">Institution\r\n\t\t<span class=\"frm_required\" aria-hidden=\"true\"><\/span>\r\n\t<\/label>\r\n\t<input  type=\"text\" id=\"field_9vf95\" name=\"item_meta[37]\" value=\"\"  data-invmsg=\"Institution ist ung\u00fcltig\" aria-invalid=\"false\"   \/>\r\n\t\r\n\t\r\n<\/div>\n<div id=\"frm_field_23_container\" class=\"frm_form_field form-field  frm_required_field frm_top_container frm_first frm_half\">\r\n\t<label for=\"field_qh4icy2\" id=\"field_qh4icy2_label\" class=\"frm_primary_label\">Pr\u00e9nom \r\n\t\t<span class=\"frm_required\" aria-hidden=\"true\">*<\/span>\r\n\t<\/label>\r\n\t<input  type=\"text\" id=\"field_qh4icy2\" name=\"item_meta[23]\" value=\"\"  data-reqmsg=\"Pr\u00e9nom  darf nicht leer sein.\" aria-required=\"true\" data-invmsg=\"Pr\u00e9nom  ist ung\u00fcltig\" aria-invalid=\"false\"   \/>\r\n\t\r\n\t\r\n<\/div>\n<div id=\"frm_field_24_container\" class=\"frm_form_field form-field  frm_required_field frm_top_container frm_half\">\r\n\t<label for=\"field_ocfup12\" id=\"field_ocfup12_label\" class=\"frm_primary_label\">Nom de famille\r\n\t\t<span class=\"frm_required\" aria-hidden=\"true\">*<\/span>\r\n\t<\/label>\r\n\t<input  type=\"text\" id=\"field_ocfup12\" name=\"item_meta[24]\" value=\"\"  data-reqmsg=\"Nom de famille darf nicht leer sein.\" aria-required=\"true\" data-invmsg=\"Nom de famille ist ung\u00fcltig\" aria-invalid=\"false\"   \/>\r\n\t\r\n\t\r\n<\/div>\n<div id=\"frm_field_25_container\" class=\"frm_form_field form-field  frm_required_field frm_top_container\">\r\n\t<label for=\"field_iblid2\" id=\"field_iblid2_label\" class=\"frm_primary_label\">T\u00e9l\u00e9phone\r\n\t\t<span class=\"frm_required\" aria-hidden=\"true\">*<\/span>\r\n\t<\/label>\r\n\t<input type=\"tel\" id=\"field_iblid2\" name=\"item_meta[25]\" value=\"\"  data-reqmsg=\"T\u00e9l\u00e9phone darf nicht leer sein.\" aria-required=\"true\" data-invmsg=\"T\u00e9l\u00e9phone n&#039;est pas valide\" aria-invalid=\"false\" pattern=\"((\\+\\d{1,3}(-|.| )?\\(?\\d\\)?(-| |.)?\\d{1,5})|(\\(?\\d{2,6}\\)?))(-|.| )?(\\d{3,4})(-|.| )?(\\d{4})(( x| ext)\\d{1,5}){0,1}$\"  \/>\r\n\t\r\n\t\r\n<\/div>\n<div id=\"frm_field_26_container\" class=\"frm_form_field form-field  frm_required_field frm_top_container\">\r\n\t<label for=\"field_w7ekc2\" id=\"field_w7ekc2_label\" class=\"frm_primary_label\">Adresse\r\n\t\t<span class=\"frm_required\" aria-hidden=\"true\">*<\/span>\r\n\t<\/label>\r\n\t<input  type=\"text\" id=\"field_w7ekc2\" name=\"item_meta[26]\" value=\"\"  data-reqmsg=\"Adresse darf nicht leer sein.\" aria-required=\"true\" data-invmsg=\"Adresse ist ung\u00fcltig\" aria-invalid=\"false\"   \/>\r\n\t\r\n\t\r\n<\/div>\n<div id=\"frm_field_27_container\" class=\"frm_form_field form-field  frm_required_field frm_top_container frm4 frm_first\">\r\n\t<label for=\"field_bk9mk2\" id=\"field_bk9mk2_label\" class=\"frm_primary_label\">Code postal\r\n\t\t<span class=\"frm_required\" aria-hidden=\"true\">*<\/span>\r\n\t<\/label>\r\n\t<input type=\"number\" id=\"field_bk9mk2\" name=\"item_meta[27]\" value=\"\" data-reqmsg=\"Code postal darf nicht leer sein.\" aria-required=\"true\" data-invmsg=\"Code postal n&#039;est pas valide\" aria-invalid=\"false\"   min=\"0\" max=\"9999999\" step=\"any\" \/>\r\n\t\r\n\t\r\n<\/div>\n<div id=\"frm_field_64_container\" class=\"frm_form_field form-field  frm_required_field frm_top_container frm4\">\r\n\t<label for=\"field_8dxqp\" id=\"field_8dxqp_label\" class=\"frm_primary_label\">Ort\r\n\t\t<span class=\"frm_required\" aria-hidden=\"true\">*<\/span>\r\n\t<\/label>\r\n\t<input  type=\"text\" id=\"field_8dxqp\" name=\"item_meta[64]\" value=\"\"  data-reqmsg=\"Ort darf nicht leer sein.\" aria-required=\"true\" data-invmsg=\"Ort ist ung\u00fcltig\" aria-invalid=\"false\"   \/>\r\n\t\r\n\t\r\n<\/div>\n<div id=\"frm_field_29_container\" class=\"frm_form_field form-field  frm_required_field frm_top_container frm4\">\r\n\t<label for=\"field_v08mt2\" id=\"field_v08mt2_label\" class=\"frm_primary_label\">Canton\r\n\t\t<span class=\"frm_required\" aria-hidden=\"true\">*<\/span>\r\n\t<\/label>\r\n\t\t\t<select name=\"item_meta[29]\" id=\"field_v08mt2\"  data-reqmsg=\"Canton darf nicht leer sein.\" aria-required=\"true\" data-invmsg=\"Canton est non valide\" aria-invalid=\"false\"  >\n\t\t<option  value=\"AG\">AG<\/option><option  value=\"AI\">AI<\/option><option  value=\"AR\">AR<\/option><option  value=\"BE\">BE<\/option><option  value=\"BL\">BL<\/option><option  value=\"BS\">BS<\/option><option  value=\"FR\">FR<\/option><option  value=\"GE\">GE<\/option><option  value=\"GL\">GL<\/option><option  value=\"GR\">GR<\/option><option  value=\"JU\">JU<\/option><option  value=\"LU\">LU<\/option><option  value=\"NE\">NE<\/option><option  value=\"NW\">NW<\/option><option  value=\"OW\">OW<\/option><option  value=\"SG\">SG<\/option><option  value=\"SH\">SH<\/option><option  value=\"SO\">SO<\/option><option  value=\"SZ\">SZ<\/option><option  value=\"TG\">TG<\/option><option  value=\"TI\">TI<\/option><option  value=\"UR\">UR<\/option><option  value=\"VD\">VD<\/option><option  value=\"VS\">VS<\/option><option  value=\"ZG\">ZG<\/option><option  value=\"ZH\">ZH<\/option>\t<\/select>\n\t\r\n\t\r\n\t\r\n<\/div>\n<div id=\"frm_field_40_container\" class=\"frm_form_field form-field  frm_top_container\">\r\n\t<label for=\"field_azgk2\" id=\"field_azgk2_label\" class=\"frm_primary_label\">E-mail\r\n\t\t<span class=\"frm_required\" aria-hidden=\"true\"><\/span>\r\n\t<\/label>\r\n\t<input type=\"email\" id=\"field_azgk2\" name=\"item_meta[40]\" value=\"\"  autocomplete=\"email\"  data-invmsg=\"E-mail n&#039;est pas valide\" aria-invalid=\"false\"  \/>\r\n\t\r\n\t\r\n<\/div>\n<div id=\"frm_field_39_container\" class=\"frm_form_field form-field  frm_top_container vertical_radio\">\r\n\t<div  id=\"field_hahzq_label\" class=\"frm_primary_label\">Souhaitez-vous recevoir du mat\u00e9riel d&rsquo;information ?\r\n\t\t<span class=\"frm_required\" aria-hidden=\"true\"><\/span>\r\n\t<\/div>\r\n\t<div class=\"frm_opt_container\" aria-labelledby=\"field_hahzq_label\" role=\"radiogroup\">\t\t<div class=\"frm_radio\" id=\"frm_radio_39-0\">\t\t\t<label  for=\"field_hahzq-0\">\n\t\t\t\t\t<input type=\"radio\" name=\"item_meta[39]\" id=\"field_hahzq-0\" value=\"Ja\"\n\t\t data-frmval=\"Ja\" data-invmsg=\"Souhaitez-vous recevoir du mat\u00e9riel d&#039;information ? ist ung\u00fcltig\"  checked=\"checked\" \/> Oui<\/label><\/div>\n\t\t<div class=\"frm_radio\" id=\"frm_radio_39-1\">\t\t\t<label  for=\"field_hahzq-1\">\n\t\t\t\t\t<input type=\"radio\" name=\"item_meta[39]\" id=\"field_hahzq-1\" value=\"Nein\"\n\t\t data-frmval=\"Ja\" data-invmsg=\"Souhaitez-vous recevoir du mat\u00e9riel d&#039;information ? ist ung\u00fcltig\"   \/> Non<\/label><\/div>\n<\/div>\r\n\t\r\n\t\r\n<\/div>\n<div id=\"frm_field_32_container\" class=\"frm_form_field form-field  frm_required_field frm_top_container vertical_radio\">\r\n\t<div  id=\"field_8wyb42_label\" class=\"frm_primary_label\">Pouvons-nous vous envoyer notre newsletter ?\r\n\t\t<span class=\"frm_required\" aria-hidden=\"true\">*<\/span>\r\n\t<\/div>\r\n\t<div class=\"frm_opt_container\" aria-labelledby=\"field_8wyb42_label\" role=\"radiogroup\" aria-required=\"true\">\t\t<div class=\"frm_radio\" id=\"frm_radio_32-0\">\t\t\t<label  for=\"field_8wyb42-0\">\n\t\t\t\t\t<input type=\"radio\" name=\"item_meta[32]\" id=\"field_8wyb42-0\" value=\"Ja\"\n\t\t data-frmval=\"Ja\" data-reqmsg=\"Pouvons-nous vous envoyer notre newsletter ? darf nicht leer sein.\" data-invmsg=\"Pouvons-nous vous envoyer notre newsletter ? ist ung\u00fcltig\"  checked=\"checked\" \/> Oui<\/label><\/div>\n\t\t<div class=\"frm_radio\" id=\"frm_radio_32-1\">\t\t\t<label  for=\"field_8wyb42-1\">\n\t\t\t\t\t<input type=\"radio\" name=\"item_meta[32]\" id=\"field_8wyb42-1\" value=\"Nein\"\n\t\t data-frmval=\"Ja\" data-reqmsg=\"Pouvons-nous vous envoyer notre newsletter ? darf nicht leer sein.\" data-invmsg=\"Pouvons-nous vous envoyer notre newsletter ? ist ung\u00fcltig\"   \/> Non<\/label><\/div>\n<\/div>\r\n\t\r\n\t\r\n<\/div>\n<div id=\"frm_field_31_container\" class=\"frm_form_field form-field  frm_top_container frm_full\">\r\n\t<label for=\"field_9jv0r12\" id=\"field_9jv0r12_label\" class=\"frm_primary_label\">Remarques\r\n\t\t<span class=\"frm_required\" aria-hidden=\"true\"><\/span>\r\n\t<\/label>\r\n\t<textarea name=\"item_meta[31]\" id=\"field_9jv0r12\" rows=\"5\"  data-invmsg=\"Remarques ist ung\u00fcltig\" aria-invalid=\"false\"  ><\/textarea>\r\n\t\r\n\t\r\n<\/div>\n<div id=\"frm_field_35_container\" class=\"frm_form_field form-field  frm_none_container\">\r\n\t<label for=\"h-captcha-response\" id=\"field_rh92r2_label\" class=\"frm_primary_label\">Captcha\r\n\t\t<span class=\"frm_required\" aria-hidden=\"true\"><\/span>\r\n\t<\/label>\r\n\t<div  id=\"field_rh92r2\" class=\"h-captcha\" data-sitekey=\"16ea60ae-a954-4124-8690-7df87b0e6270\" data-size=\"normal\" data-theme=\"light\"><\/div>\r\n\t\r\n\t\r\n<\/div>\n<div id=\"frm_field_36_container\" class=\"frm_form_field form-field \">\r\n\t<div class=\"frm_submit frm_flex\">\r\n<button class=\"frm_button_submit frm_final_submit\" type=\"submit\"   formnovalidate=\"formnovalidate\">Envoyer<\/button>\r\n\r\n\r\n\r\n<\/div>\r\n<\/div>\n\t<input type=\"hidden\" name=\"item_key\" value=\"\" \/>\n\t\t\t<div id=\"frm_field_68_container\">\n\t\t\t<label for=\"field_yggay\" >\n\t\t\t\tSi vous \u00eates un humain, ne remplissez pas ce champ.\t\t\t<\/label>\n\t\t\t<input  id=\"field_yggay\" type=\"text\" class=\"frm_form_field form-field frm_verify\" name=\"item_meta[68]\" value=\"\"  \/>\n\t\t<\/div>\n\t\t<input name=\"frm_state\" type=\"hidden\" value=\"5GupCi3CyCNP2S7peb8p\/CT4Hl9uYZXqAtezfyQD72Sa3tJ4vjz9djoqYPSubvPO\" \/><\/div>\n<\/fieldset>\n<\/div>\n\n<\/form>\n<\/div>\n\n<h3 class=\"wp-block-heading\">L&rsquo;article 3 des statuts d\u00e9finit l&rsquo;adh\u00e9sion :<\/h3>\n\n<p>L&rsquo;association se compose d&rsquo;organisations de membres actifs, de membres actifs individuels, de donateurs et de membres d&rsquo;honneur qui soutiennent les objectifs de la FSFM :<\/p>\n\n<p>a) Les organisations de membres actifs sont des associations et des organisations ind\u00e9pendantes de m\u00e8res et de p\u00e8res c\u00e9libataires ou de familles monoparentales, ainsi que des groupes, des associations et des institutions de toute nature qui s&rsquo;int\u00e9ressent au th\u00e8me des familles monoparentales.<\/p>\n\n<p>b) les membres actifs individuels sont des familles monoparentales et d&rsquo;anciens parents seuls, des personnes qui ont grandi dans des familles monoparentales ainsi que des personnes int\u00e9ress\u00e9es par le th\u00e8me des familles monoparentales.<\/p>\n\n<p>c) Les groupes, associations et institutions de tout type peuvent devenir des donateurs collectifs* de la FSFM, \u00e0 condition qu&rsquo;ils ne souhaitent pas devenir une organisation membre actif.<\/p>\n\n<p>d) Les familles monoparentales, les anciens parents isol\u00e9s, les personnes ayant grandi dans une famille monoparentale, ainsi que d&rsquo;autres personnes int\u00e9ress\u00e9es qui ne souhaitent pas devenir membres actifs individuels, peuvent soutenir la FSFM en tant que donateurs et donatrices.<\/p>\n\n<p>e) Les membres d&rsquo;honneur sont des membres (membres actifs individuels ou bienfaiteurs*) qui ont un lien particulier avec la FSFM.<\/p>\n\n<h3 class=\"wp-block-heading\">Les contributions sont les suivantes :<\/h3>\n\n<p>Les organisations mentionn\u00e9es au point a) paient une cotisation annuelle de 3 francs par membre de leur association ou de leur groupe. <\/p>\n\n<p>Selon b), en tant que membre actif individuel, vous soutenez les objectifs de la FSFM et payez une cotisation annuelle d&rsquo;au moins 30 francs. <\/p>\n\n<p>c), d) et e) sont libres de choisir leur cotisation.  <\/p>\n","protected":false},"excerpt":{"rendered":"<p>En vous engageant en tant que membre de la FSFM, vous contribuez \u00e0 faire entendre les pr\u00e9occupations des familles monoparentales et votre cotisation annuelle constitue un pilier financier important de la f\u00e9d\u00e9ration. L&rsquo;article 3 des statuts d\u00e9finit l&rsquo;adh\u00e9sion : L&rsquo;association se compose d&rsquo;organisations de membres actifs, de membres actifs individuels, de donateurs et de membres [&hellip;]<\/p>\n","protected":false},"author":1,"featured_media":0,"parent":0,"menu_order":0,"comment_status":"closed","ping_status":"closed","template":"","meta":{"_acf_changed":false,"footnotes":""},"class_list":["post-1641","page","type-page","status-publish","hentry"],"acf":[],"yoast_head":"<!-- This site is optimized with the Yoast SEO plugin v27.3 - https:\/\/yoast.com\/product\/yoast-seo-wordpress\/ -->\n<title>Devenir membre - SVAMV<\/title>\n<meta name=\"robots\" content=\"index, follow, max-snippet:-1, max-image-preview:large, max-video-preview:-1\" \/>\n<link rel=\"canonical\" href=\"https:\/\/svamv.ch\/fr\/devenir-membre\/\" \/>\n<meta property=\"og:locale\" content=\"fr_FR\" \/>\n<meta property=\"og:type\" content=\"article\" \/>\n<meta property=\"og:title\" content=\"Devenir membre - SVAMV\" \/>\n<meta property=\"og:description\" content=\"En vous engageant en tant que membre de la FSFM, vous contribuez \u00e0 faire entendre les pr\u00e9occupations des familles monoparentales et votre cotisation annuelle constitue un pilier financier important de la f\u00e9d\u00e9ration. L&rsquo;article 3 des statuts d\u00e9finit l&rsquo;adh\u00e9sion : L&rsquo;association se compose d&rsquo;organisations de membres actifs, de membres actifs individuels, de donateurs et de membres [&hellip;]\" \/>\n<meta property=\"og:url\" content=\"https:\/\/svamv.ch\/fr\/devenir-membre\/\" \/>\n<meta property=\"og:site_name\" content=\"SVAMV\" \/>\n<meta property=\"article:modified_time\" content=\"2024-12-18T15:45:34+00:00\" \/>\n<meta name=\"twitter:card\" content=\"summary_large_image\" \/>\n<meta name=\"twitter:label1\" content=\"Dur\u00e9e de lecture estim\u00e9e\" \/>\n\t<meta name=\"twitter:data1\" content=\"2 minutes\" \/>\n<script type=\"application\/ld+json\" class=\"yoast-schema-graph\">{\"@context\":\"https:\\\/\\\/schema.org\",\"@graph\":[{\"@type\":\"WebPage\",\"@id\":\"https:\\\/\\\/svamv.ch\\\/fr\\\/devenir-membre\\\/\",\"url\":\"https:\\\/\\\/svamv.ch\\\/fr\\\/devenir-membre\\\/\",\"name\":\"Devenir membre - SVAMV\",\"isPartOf\":{\"@id\":\"https:\\\/\\\/svamv.ch\\\/fr\\\/#website\"},\"datePublished\":\"2024-10-07T14:00:33+00:00\",\"dateModified\":\"2024-12-18T15:45:34+00:00\",\"breadcrumb\":{\"@id\":\"https:\\\/\\\/svamv.ch\\\/fr\\\/devenir-membre\\\/#breadcrumb\"},\"inLanguage\":\"fr-FR\",\"potentialAction\":[{\"@type\":\"ReadAction\",\"target\":[\"https:\\\/\\\/svamv.ch\\\/fr\\\/devenir-membre\\\/\"]}]},{\"@type\":\"BreadcrumbList\",\"@id\":\"https:\\\/\\\/svamv.ch\\\/fr\\\/devenir-membre\\\/#breadcrumb\",\"itemListElement\":[{\"@type\":\"ListItem\",\"position\":1,\"name\":\"Startseite\",\"item\":\"https:\\\/\\\/svamv.ch\\\/fr\\\/\"},{\"@type\":\"ListItem\",\"position\":2,\"name\":\"Devenir membre\"}]},{\"@type\":\"WebSite\",\"@id\":\"https:\\\/\\\/svamv.ch\\\/fr\\\/#website\",\"url\":\"https:\\\/\\\/svamv.ch\\\/fr\\\/\",\"name\":\"SVAMV\",\"description\":\"Allein erziehen einfacher gemacht\",\"potentialAction\":[{\"@type\":\"SearchAction\",\"target\":{\"@type\":\"EntryPoint\",\"urlTemplate\":\"https:\\\/\\\/svamv.ch\\\/fr\\\/?s={search_term_string}\"},\"query-input\":{\"@type\":\"PropertyValueSpecification\",\"valueRequired\":true,\"valueName\":\"search_term_string\"}}],\"inLanguage\":\"fr-FR\"}]}<\/script>\n<!-- \/ Yoast SEO plugin. -->","yoast_head_json":{"title":"Devenir membre - SVAMV","robots":{"index":"index","follow":"follow","max-snippet":"max-snippet:-1","max-image-preview":"max-image-preview:large","max-video-preview":"max-video-preview:-1"},"canonical":"https:\/\/svamv.ch\/fr\/devenir-membre\/","og_locale":"fr_FR","og_type":"article","og_title":"Devenir membre - SVAMV","og_description":"En vous engageant en tant que membre de la FSFM, vous contribuez \u00e0 faire entendre les pr\u00e9occupations des familles monoparentales et votre cotisation annuelle constitue un pilier financier important de la f\u00e9d\u00e9ration. L&rsquo;article 3 des statuts d\u00e9finit l&rsquo;adh\u00e9sion : L&rsquo;association se compose d&rsquo;organisations de membres actifs, de membres actifs individuels, de donateurs et de membres [&hellip;]","og_url":"https:\/\/svamv.ch\/fr\/devenir-membre\/","og_site_name":"SVAMV","article_modified_time":"2024-12-18T15:45:34+00:00","twitter_card":"summary_large_image","twitter_misc":{"Dur\u00e9e de lecture estim\u00e9e":"2 minutes"},"schema":{"@context":"https:\/\/schema.org","@graph":[{"@type":"WebPage","@id":"https:\/\/svamv.ch\/fr\/devenir-membre\/","url":"https:\/\/svamv.ch\/fr\/devenir-membre\/","name":"Devenir membre - SVAMV","isPartOf":{"@id":"https:\/\/svamv.ch\/fr\/#website"},"datePublished":"2024-10-07T14:00:33+00:00","dateModified":"2024-12-18T15:45:34+00:00","breadcrumb":{"@id":"https:\/\/svamv.ch\/fr\/devenir-membre\/#breadcrumb"},"inLanguage":"fr-FR","potentialAction":[{"@type":"ReadAction","target":["https:\/\/svamv.ch\/fr\/devenir-membre\/"]}]},{"@type":"BreadcrumbList","@id":"https:\/\/svamv.ch\/fr\/devenir-membre\/#breadcrumb","itemListElement":[{"@type":"ListItem","position":1,"name":"Startseite","item":"https:\/\/svamv.ch\/fr\/"},{"@type":"ListItem","position":2,"name":"Devenir membre"}]},{"@type":"WebSite","@id":"https:\/\/svamv.ch\/fr\/#website","url":"https:\/\/svamv.ch\/fr\/","name":"SVAMV","description":"Allein erziehen einfacher gemacht","potentialAction":[{"@type":"SearchAction","target":{"@type":"EntryPoint","urlTemplate":"https:\/\/svamv.ch\/fr\/?s={search_term_string}"},"query-input":{"@type":"PropertyValueSpecification","valueRequired":true,"valueName":"search_term_string"}}],"inLanguage":"fr-FR"}]}},"_links":{"self":[{"href":"https:\/\/svamv.ch\/fr\/wp-json\/wp\/v2\/pages\/1641","targetHints":{"allow":["GET"]}}],"collection":[{"href":"https:\/\/svamv.ch\/fr\/wp-json\/wp\/v2\/pages"}],"about":[{"href":"https:\/\/svamv.ch\/fr\/wp-json\/wp\/v2\/types\/page"}],"author":[{"embeddable":true,"href":"https:\/\/svamv.ch\/fr\/wp-json\/wp\/v2\/users\/1"}],"replies":[{"embeddable":true,"href":"https:\/\/svamv.ch\/fr\/wp-json\/wp\/v2\/comments?post=1641"}],"version-history":[{"count":1,"href":"https:\/\/svamv.ch\/fr\/wp-json\/wp\/v2\/pages\/1641\/revisions"}],"predecessor-version":[{"id":1642,"href":"https:\/\/svamv.ch\/fr\/wp-json\/wp\/v2\/pages\/1641\/revisions\/1642"}],"wp:attachment":[{"href":"https:\/\/svamv.ch\/fr\/wp-json\/wp\/v2\/media?parent=1641"}],"curies":[{"name":"wp","href":"https:\/\/api.w.org\/{rel}","templated":true}]}}