{"id":2385,"date":"2024-12-22T11:00:34","date_gmt":"2024-12-22T10:00:34","guid":{"rendered":"https:\/\/svamv.ch\/mentions-legales\/"},"modified":"2026-03-25T09:12:54","modified_gmt":"2026-03-25T08:12:54","slug":"mentions-legales","status":"publish","type":"page","link":"https:\/\/svamv.ch\/fr\/mentions-legales\/","title":{"rendered":"Mentions l\u00e9gales"},"content":{"rendered":"\n<hr class=\"wp-block-separator has-alpha-channel-opacity\"\/>\n\n<h3 class=\"wp-block-heading\"><strong>\u00c9diteur<\/strong><\/h3>\n\n<p>La FSFM est une association au sens des articles 60 et suivants du Code civil suisse. CC, dont le si\u00e8ge est \u00e0 Berne, Suisse. Elle est exon\u00e9r\u00e9e d&rsquo;imp\u00f4ts. <\/p>\n\n<p>Secr\u00e9tariat FSFM<br\/>c\/o FERI Mit-Wirkung<br\/>Case postale 151<br\/>5430 Wettingen<\/p>\n\n<p>Contact : y.feri@svamv.ch<\/p>\n\n<h3 class=\"wp-block-heading\"><strong>Droits d&rsquo;auteur<\/strong><\/h3>\n\n<p>Les droits d&rsquo;auteur et tous les autres droits li\u00e9s aux contenus, images, photos ou autres fichiers pr\u00e9sents sur ce site web appartiennent exclusivement aux d\u00e9tenteurs de droits sp\u00e9cifiquement mentionn\u00e9s. L&rsquo;autorisation \u00e9crite du d\u00e9tenteur des droits d&rsquo;auteur doit \u00eatre obtenue au pr\u00e9alable pour la reproduction de tout \u00e9l\u00e9ment. <a href=\"https:\/\/www.freepik.com\/home\"><\/a><\/p>\n\n<h3 class=\"wp-block-heading\"><strong>Avis aux visiteurs du site<\/strong><\/h3>\n\n<p>Toutes les informations contenues dans ce site web sont fournies sans garantie \u00e0 des tiers : Nous nous r\u00e9servons le droit d&rsquo;apporter des modifications et des corrections, notamment en ce qui concerne les prix et les conditions de vente. Les informations contraignantes pour les tiers ne sont fournies que dans le cadre de renseignements\/confirmations individuels par la direction et le conseil d&rsquo;administration. Les informations fournies aux membres sur le site web ne sont contraignantes que dans la mesure o\u00f9 elles sont \u00e0 jour par rapport aux d\u00e9cisions et \u00e0 la gestion internes de l&rsquo;association.  <\/p>\n\n<p>Nous d\u00e9clinons toute responsabilit\u00e9 quant au contenu des sites Internet de tiers accessibles par des liens. En cas de contenu ind\u00e9cent ou ill\u00e9gal de tels sites tiers, nous vous prions de nous en informer afin de supprimer les liens. <\/p>\n\n<h3 class=\"wp-block-heading\"><strong>Conception du site web<\/strong><\/h3>\n\n<p><a href=\"https:\/\/www.codess.media\/\">codess media GmbH, Winterthur<\/a><\/p>\n\n<p><\/p>\n","protected":false},"excerpt":{"rendered":"<p>\u00c9diteur La FSFM est une association au sens des articles 60 et suivants du Code civil suisse. CC, dont le si\u00e8ge est \u00e0 Berne, Suisse. Elle est exon\u00e9r\u00e9e d&rsquo;imp\u00f4ts. Secr\u00e9tariat FSFMc\/o FERI Mit-WirkungCase postale 1515430 Wettingen Contact : y.feri@svamv.ch Droits d&rsquo;auteur Les droits d&rsquo;auteur et tous les autres droits li\u00e9s aux contenus, images, photos ou [&hellip;]<\/p>\n","protected":false},"author":2,"featured_media":0,"parent":0,"menu_order":0,"comment_status":"closed","ping_status":"closed","template":"","meta":{"_acf_changed":false,"footnotes":""},"class_list":["post-2385","page","type-page","status-publish","hentry"],"acf":[],"yoast_head":"<!-- This site is optimized with the Yoast SEO plugin v27.3 - https:\/\/yoast.com\/product\/yoast-seo-wordpress\/ -->\n<title>Mentions l\u00e9gales - SVAMV<\/title>\n<meta name=\"robots\" content=\"index, follow, max-snippet:-1, max-image-preview:large, max-video-preview:-1\" \/>\n<link rel=\"canonical\" href=\"https:\/\/svamv.ch\/fr\/mentions-legales\/\" \/>\n<meta property=\"og:locale\" content=\"fr_FR\" \/>\n<meta property=\"og:type\" content=\"article\" \/>\n<meta property=\"og:title\" content=\"Mentions l\u00e9gales - SVAMV\" \/>\n<meta property=\"og:description\" content=\"\u00c9diteur La FSFM est une association au sens des articles 60 et suivants du Code civil suisse. CC, dont le si\u00e8ge est \u00e0 Berne, Suisse. Elle est exon\u00e9r\u00e9e d&rsquo;imp\u00f4ts. Secr\u00e9tariat FSFMc\/o FERI Mit-WirkungCase postale 1515430 Wettingen Contact : y.feri@svamv.ch Droits d&rsquo;auteur Les droits d&rsquo;auteur et tous les autres droits li\u00e9s aux contenus, images, photos ou [&hellip;]\" \/>\n<meta property=\"og:url\" content=\"https:\/\/svamv.ch\/fr\/mentions-legales\/\" \/>\n<meta property=\"og:site_name\" content=\"SVAMV\" \/>\n<meta property=\"article:modified_time\" content=\"2026-03-25T08:12:54+00:00\" \/>\n<meta name=\"twitter:card\" content=\"summary_large_image\" \/>\n<meta name=\"twitter:label1\" content=\"Dur\u00e9e de lecture estim\u00e9e\" \/>\n\t<meta name=\"twitter:data1\" content=\"1 minute\" \/>\n<script type=\"application\/ld+json\" class=\"yoast-schema-graph\">{\"@context\":\"https:\\\/\\\/schema.org\",\"@graph\":[{\"@type\":\"WebPage\",\"@id\":\"https:\\\/\\\/svamv.ch\\\/fr\\\/mentions-legales\\\/\",\"url\":\"https:\\\/\\\/svamv.ch\\\/fr\\\/mentions-legales\\\/\",\"name\":\"Mentions l\u00e9gales - SVAMV\",\"isPartOf\":{\"@id\":\"https:\\\/\\\/svamv.ch\\\/fr\\\/#website\"},\"datePublished\":\"2024-12-22T10:00:34+00:00\",\"dateModified\":\"2026-03-25T08:12:54+00:00\",\"breadcrumb\":{\"@id\":\"https:\\\/\\\/svamv.ch\\\/fr\\\/mentions-legales\\\/#breadcrumb\"},\"inLanguage\":\"fr-FR\",\"potentialAction\":[{\"@type\":\"ReadAction\",\"target\":[\"https:\\\/\\\/svamv.ch\\\/fr\\\/mentions-legales\\\/\"]}]},{\"@type\":\"BreadcrumbList\",\"@id\":\"https:\\\/\\\/svamv.ch\\\/fr\\\/mentions-legales\\\/#breadcrumb\",\"itemListElement\":[{\"@type\":\"ListItem\",\"position\":1,\"name\":\"Startseite\",\"item\":\"https:\\\/\\\/svamv.ch\\\/fr\\\/\"},{\"@type\":\"ListItem\",\"position\":2,\"name\":\"Mentions l\u00e9gales\"}]},{\"@type\":\"WebSite\",\"@id\":\"https:\\\/\\\/svamv.ch\\\/fr\\\/#website\",\"url\":\"https:\\\/\\\/svamv.ch\\\/fr\\\/\",\"name\":\"SVAMV\",\"description\":\"Allein erziehen einfacher gemacht\",\"potentialAction\":[{\"@type\":\"SearchAction\",\"target\":{\"@type\":\"EntryPoint\",\"urlTemplate\":\"https:\\\/\\\/svamv.ch\\\/fr\\\/?s={search_term_string}\"},\"query-input\":{\"@type\":\"PropertyValueSpecification\",\"valueRequired\":true,\"valueName\":\"search_term_string\"}}],\"inLanguage\":\"fr-FR\"}]}<\/script>\n<!-- \/ Yoast SEO plugin. -->","yoast_head_json":{"title":"Mentions l\u00e9gales - SVAMV","robots":{"index":"index","follow":"follow","max-snippet":"max-snippet:-1","max-image-preview":"max-image-preview:large","max-video-preview":"max-video-preview:-1"},"canonical":"https:\/\/svamv.ch\/fr\/mentions-legales\/","og_locale":"fr_FR","og_type":"article","og_title":"Mentions l\u00e9gales - SVAMV","og_description":"\u00c9diteur La FSFM est une association au sens des articles 60 et suivants du Code civil suisse. CC, dont le si\u00e8ge est \u00e0 Berne, Suisse. Elle est exon\u00e9r\u00e9e d&rsquo;imp\u00f4ts. Secr\u00e9tariat FSFMc\/o FERI Mit-WirkungCase postale 1515430 Wettingen Contact : y.feri@svamv.ch Droits d&rsquo;auteur Les droits d&rsquo;auteur et tous les autres droits li\u00e9s aux contenus, images, photos ou [&hellip;]","og_url":"https:\/\/svamv.ch\/fr\/mentions-legales\/","og_site_name":"SVAMV","article_modified_time":"2026-03-25T08:12:54+00:00","twitter_card":"summary_large_image","twitter_misc":{"Dur\u00e9e de lecture estim\u00e9e":"1 minute"},"schema":{"@context":"https:\/\/schema.org","@graph":[{"@type":"WebPage","@id":"https:\/\/svamv.ch\/fr\/mentions-legales\/","url":"https:\/\/svamv.ch\/fr\/mentions-legales\/","name":"Mentions l\u00e9gales - SVAMV","isPartOf":{"@id":"https:\/\/svamv.ch\/fr\/#website"},"datePublished":"2024-12-22T10:00:34+00:00","dateModified":"2026-03-25T08:12:54+00:00","breadcrumb":{"@id":"https:\/\/svamv.ch\/fr\/mentions-legales\/#breadcrumb"},"inLanguage":"fr-FR","potentialAction":[{"@type":"ReadAction","target":["https:\/\/svamv.ch\/fr\/mentions-legales\/"]}]},{"@type":"BreadcrumbList","@id":"https:\/\/svamv.ch\/fr\/mentions-legales\/#breadcrumb","itemListElement":[{"@type":"ListItem","position":1,"name":"Startseite","item":"https:\/\/svamv.ch\/fr\/"},{"@type":"ListItem","position":2,"name":"Mentions l\u00e9gales"}]},{"@type":"WebSite","@id":"https:\/\/svamv.ch\/fr\/#website","url":"https:\/\/svamv.ch\/fr\/","name":"SVAMV","description":"Allein erziehen einfacher gemacht","potentialAction":[{"@type":"SearchAction","target":{"@type":"EntryPoint","urlTemplate":"https:\/\/svamv.ch\/fr\/?s={search_term_string}"},"query-input":{"@type":"PropertyValueSpecification","valueRequired":true,"valueName":"search_term_string"}}],"inLanguage":"fr-FR"}]}},"_links":{"self":[{"href":"https:\/\/svamv.ch\/fr\/wp-json\/wp\/v2\/pages\/2385","targetHints":{"allow":["GET"]}}],"collection":[{"href":"https:\/\/svamv.ch\/fr\/wp-json\/wp\/v2\/pages"}],"about":[{"href":"https:\/\/svamv.ch\/fr\/wp-json\/wp\/v2\/types\/page"}],"author":[{"embeddable":true,"href":"https:\/\/svamv.ch\/fr\/wp-json\/wp\/v2\/users\/2"}],"replies":[{"embeddable":true,"href":"https:\/\/svamv.ch\/fr\/wp-json\/wp\/v2\/comments?post=2385"}],"version-history":[{"count":2,"href":"https:\/\/svamv.ch\/fr\/wp-json\/wp\/v2\/pages\/2385\/revisions"}],"predecessor-version":[{"id":2413,"href":"https:\/\/svamv.ch\/fr\/wp-json\/wp\/v2\/pages\/2385\/revisions\/2413"}],"wp:attachment":[{"href":"https:\/\/svamv.ch\/fr\/wp-json\/wp\/v2\/media?parent=2385"}],"curies":[{"name":"wp","href":"https:\/\/api.w.org\/{rel}","templated":true}]}}