{"id":781,"date":"2024-06-25T14:51:32","date_gmt":"2024-06-25T12:51:32","guid":{"rendered":"https:\/\/svamv.site-preview.ch\/startseite\/"},"modified":"2026-03-17T20:44:17","modified_gmt":"2026-03-17T19:44:17","slug":"startseite","status":"publish","type":"page","link":"https:\/\/svamv.ch\/fr\/","title":{"rendered":"Page d&rsquo;accueil"},"content":{"rendered":" <\/div>    \n\n<div class=\"indy-block-hero is-fr\">\n  <div style=\"background-image: url('https:\/\/svamv.ch\/wp-content\/uploads\/2024\/10\/bg-img1.jpg')\">\n        <div class=\"container\">\n            <div class=\"wrapper\">\n                <div class=\"text\">\n                    <h1 class=\"title\"><p><strong>FSFM<\/strong> UNE FORTE CONFIANCE EN SOI<br \/>\nla monoparentalit\u00e9<\/p>\n<\/h1>\n                <\/div>\n                <div class=\"teaser-elements\">\n                                            <a href=\"https:\/\/svamv.ch\/fr\/sujet\/\" target=\"\" class=\"teaser-elements__item\">\n                            <div>\n                                <h3>Pour les 1-parents<\/h3>\n                                <div>Conseils et informations<\/div>\n                            <\/div>\n                        <\/a>\n                                            <a href=\"https:\/\/svamv.ch\/fr\/votre-soutien\" target=\"\" class=\"teaser-elements__item\">\n                            <div>\n                                <h3>Dons<\/h3>\n                                <div><\/div>\n                            <\/div>\n                        <\/a>\n                                            <a href=\"https:\/\/svamv.ch\/thema\/svamv-peer\/\" target=\"\" class=\"teaser-elements__item\">\n                            <div>\n                                <h3>FSFM Peer<\/h3>\n                                <div>Mise en r\u00e9seau directe<\/div>\n                            <\/div>\n                        <\/a>\n                                            <a href=\"https:\/\/svamv.ch\/fr\/pour-les-professionnels\/\" target=\"\" class=\"teaser-elements__item\">\n                            <div>\n                                <h3>Pour les professionnels<\/h3>\n                                <div>Litt\u00e9rature et formation<\/div>\n                            <\/div>\n                        <\/a>\n                                            <a href=\"https:\/\/svamv.ch\/fr\/vos-commentaires\/\" target=\"\" class=\"teaser-elements__item\">\n                            <div>\n                                <h3>Ton retour<\/h3>\n                                <div>Apr\u00e8s la consultation<\/div>\n                            <\/div>\n                        <\/a>\n                                    <\/div>\n            <\/div>\n        <\/div>\n    <\/div>\n<\/div>\n\n <div class=\"container\">    <\/div>    \n<div class=\"indy-block-background-color\" style=\"background-color: #f8f8f8\">\n    <div class=\"container\">\n        <div class=\"acf-innerblocks-container\">\n<div class=\"indy-block-news\">\n    <div class=\"wrapper\">\n        <div class=\"upper\">\n            <div class=\"title\">\n                <h2 class=\"h1\">Panorama<\/h2>\n                <a href=\"https:\/\/svamv.ch\/fr\/panorama\/\" class=\"btn btn-secondary\">\n                    See all posts\n                <\/a>\n            <\/div>\n            <div class=\"subtitle\">Notre blog th\u00e9matique avec des articles sp\u00e9cialis\u00e9s, des informations et des articles pour les familles monoparentales.<\/div>\n        <\/div>\n                    <div class=\"row gx-4 justify-content-center\">\n                                                            <div class=\"latest-post col-md-12\">\n                            <article class=\"tease tease-post\" id=\"tease-2239\">\n\t\t\t<div class=\"wrapper\">\n\t\t\t\t\t\t\t<div class=\"post-thumbnail\">\n\t\t\t\t\t<a href=\"https:\/\/svamv.ch\/fr\/fort%c2%b7es-%c2%b7-et-confiant%c2%b7es-%c2%b7-elever-seul%c2%b7e\/\">\n\t\t\t\t\t\t<img decoding=\"async\" src=\"https:\/\/svamv.ch\/wp-content\/uploads\/2025\/09\/father-1665532_1920-550x368-c-default.jpg\" \/>\n\t\t\t\t\t<\/a>\n\t\t\t\t<\/div>\n\t\t\t\t\t\t<div class=\"text\">\n\t\t\t\t<a href=\"https:\/\/svamv.ch\/fr\/fort%c2%b7es-%c2%b7-et-confiant%c2%b7es-%c2%b7-elever-seul%c2%b7e\/\">\n\t\t\t\t\t<h2 class=\"title h3\">FORT\u00b7ES \u00b7 ET CONFIANT\u00b7ES \u00b7 \u00e9lever seul\u00b7e.<\/h2>\n\t\t\t\t<\/a>\n\t\t\t\t<p class=\"date\">28. septembre 2025<\/p>\n\t\t\t\t<p class=\"excerpt\">Pour la 7e Journ\u00e9e internationale des parents mono Le 28 septembre, il y a sept ans, une m\u00e8re \u00e9levant seule son enfant a cr\u00e9\u00e9 la&hellip;<\/p>\n\t\t\t\t<div>\n\t\t\t\t\t<a class=\"btn btn-secondary\" href=\"https:\/\/svamv.ch\/fr\/fort%c2%b7es-%c2%b7-et-confiant%c2%b7es-%c2%b7-elever-seul%c2%b7e\/\">\n\t\t\t\t\t\t\tMehr erfahren\n\t\t\t\t\t<\/a>\n\t\t\t\t<\/div>\n\t\t\t<\/div>\n\t\t<\/div>\n<\/article>\n                        <\/div>\n                                                                                <div class=\"col-md-6 col-xl-4\">\n                            <article class=\"tease tease-post\" id=\"tease-2215\">\n\t\t\t<div class=\"wrapper\">\n\t\t\t\t\t\t\t<div class=\"post-thumbnail\">\n\t\t\t\t\t<a href=\"https:\/\/svamv.ch\/fr\/le-temps-passe-en-famille-parce-que-le-travail-de-care-concerne-tout-le-monde\/\">\n\t\t\t\t\t\t<img decoding=\"async\" src=\"https:\/\/svamv.ch\/wp-content\/uploads\/2025\/05\/Elternzeit--550x368-c-default.png\" \/>\n\t\t\t\t\t<\/a>\n\t\t\t\t<\/div>\n\t\t\t\t\t\t<div class=\"text\">\n\t\t\t\t<a href=\"https:\/\/svamv.ch\/fr\/le-temps-passe-en-famille-parce-que-le-travail-de-care-concerne-tout-le-monde\/\">\n\t\t\t\t\t<h2 class=\"title h3\">Le temps pass\u00e9 en famille &#8211; parce que le travail de care concerne tout le monde<\/h2>\n\t\t\t\t<\/a>\n\t\t\t\t<p class=\"date\">25. mai 2025<\/p>\n\t\t\t\t<p class=\"excerpt\">Le 2 avril, l&rsquo;initiative \u00ab Temps pour la famille \u00bb a \u00e9t\u00e9 lanc\u00e9e, soutenue par une large alliance. Son objectif : permettre aux parents de partager plus \u00e9quitablement le travail r\u00e9mun\u00e9r\u00e9 et le travail de care non r\u00e9mun\u00e9r\u00e9. Car cela n\u00e9cessite de nouvelles structures &#8211; et ce d\u00e8s le d\u00e9but, c&rsquo;est-\u00e0-dire d\u00e8s la naissance d&rsquo;un enfant.<\/p>\n\t\t\t\t<div>\n\t\t\t\t\t<a class=\"btn btn-secondary\" href=\"https:\/\/svamv.ch\/fr\/le-temps-passe-en-famille-parce-que-le-travail-de-care-concerne-tout-le-monde\/\">\n\t\t\t\t\t\t\tMehr erfahren\n\t\t\t\t\t<\/a>\n\t\t\t\t<\/div>\n\t\t\t<\/div>\n\t\t<\/div>\n<\/article>\n                        <\/div>\n                                                                                <div class=\"col-md-6 col-xl-4\">\n                            <article class=\"tease tease-post\" id=\"tease-879\">\n\t\t\t<div class=\"wrapper\">\n\t\t\t\t\t\t\t<div class=\"post-thumbnail\">\n\t\t\t\t\t<a href=\"https:\/\/svamv.ch\/fr\/comment-tout-a-commence-ma-propre-histoire-dalienation\/\">\n\t\t\t\t\t\t<img decoding=\"async\" src=\"https:\/\/svamv.ch\/wp-content\/uploads\/2024\/07\/cover-kein-marius-bild-550x368-c-default.jpg\" \/>\n\t\t\t\t\t<\/a>\n\t\t\t\t<\/div>\n\t\t\t\t\t\t<div class=\"text\">\n\t\t\t\t<a href=\"https:\/\/svamv.ch\/fr\/comment-tout-a-commence-ma-propre-histoire-dalienation\/\">\n\t\t\t\t\t<h2 class=\"title h3\">Comment tout a commenc\u00e9 : Ma propre histoire d&rsquo;ali\u00e9nation<\/h2>\n\t\t\t\t<\/a>\n\t\t\t\t<p class=\"date\">24. mars 2024<\/p>\n\t\t\t\t<p class=\"excerpt\">En cette ann\u00e9e 2024 qui marque notre anniversaire, nous lan\u00e7ons une nouvelle s\u00e9rie de blogs intitul\u00e9e \u00ab\u00a0Exp\u00e9riences de parents uniques\u00a0\u00bb, dans laquelle nous partageons&hellip;<\/p>\n\t\t\t\t<div>\n\t\t\t\t\t<a class=\"btn btn-secondary\" href=\"https:\/\/svamv.ch\/fr\/comment-tout-a-commence-ma-propre-histoire-dalienation\/\">\n\t\t\t\t\t\t\tMehr erfahren\n\t\t\t\t\t<\/a>\n\t\t\t\t<\/div>\n\t\t\t<\/div>\n\t\t<\/div>\n<\/article>\n                        <\/div>\n                                                                                <div class=\"col-md-6 col-xl-4\">\n                            <article class=\"tease tease-post\" id=\"tease-881\">\n\t\t\t<div class=\"wrapper\">\n\t\t\t\t\t\t\t<div class=\"post-thumbnail\">\n\t\t\t\t\t<a href=\"https:\/\/svamv.ch\/fr\/elever-des-enfants-les-faire-grandir-et-sen-occuper-cest-a-la-fois-beau-et-fatigant-et-cela-represente-beaucoup-de-travail\/\">\n\t\t\t\t\t\t<img decoding=\"async\" src=\"https:\/\/svamv.ch\/wp-content\/uploads\/2024\/07\/mother-6839033_1280-550x368-c-default.jpg\" \/>\n\t\t\t\t\t<\/a>\n\t\t\t\t<\/div>\n\t\t\t\t\t\t<div class=\"text\">\n\t\t\t\t<a href=\"https:\/\/svamv.ch\/fr\/elever-des-enfants-les-faire-grandir-et-sen-occuper-cest-a-la-fois-beau-et-fatigant-et-cela-represente-beaucoup-de-travail\/\">\n\t\t\t\t\t<h2 class=\"title h3\">\u00c9lever des enfants, les faire grandir et s&rsquo;en occuper &#8211; c&rsquo;est \u00e0 la fois beau et fatigant et cela repr\u00e9sente beaucoup de travail.<\/h2>\n\t\t\t\t<\/a>\n\t\t\t\t<p class=\"date\">18. f\u00e9vrier 2024<\/p>\n\t\t\t\t<p class=\"excerpt\">En 2024, ann\u00e9e de notre anniversaire, nous lan\u00e7ons une nouvelle s\u00e9rie de blogs intitul\u00e9e \u00ab\u00a0Exp\u00e9riences de parents seuls\u00a0\u00bb, dans laquelle nous partageons avec vous&hellip;<\/p>\n\t\t\t\t<div>\n\t\t\t\t\t<a class=\"btn btn-secondary\" href=\"https:\/\/svamv.ch\/fr\/elever-des-enfants-les-faire-grandir-et-sen-occuper-cest-a-la-fois-beau-et-fatigant-et-cela-represente-beaucoup-de-travail\/\">\n\t\t\t\t\t\t\tMehr erfahren\n\t\t\t\t\t<\/a>\n\t\t\t\t<\/div>\n\t\t\t<\/div>\n\t\t<\/div>\n<\/article>\n                        <\/div>\n                                                <\/div>\n            <\/div>\n    <div class=\"svg\">\n        <?xml version=\"1.0\" encoding=\"UTF-8\"?>\n<svg id=\"Layer_1\" data-name=\"Layer 1\" xmlns=\"http:\/\/www.w3.org\/2000\/svg\" version=\"1.1\" viewBox=\"0 0 1452.4 1693.3\">\n  <defs>\n    <style>\n      .cls-1 {\n        fill: #e6f1ed;\n        stroke-width: 0px;\n      }\n    <\/style>\n  <\/defs>\n  <path id=\"Path_4\" data-name=\"Path 4\" class=\"cls-1\" d=\"M1345.7,1209.3c22.3-29.6,182.7-188.9,62.4-541.8S1105.2,94.8,842.2,24.4c-263-70.5-379.9,30.3-434.6,70.3s-141.6,101.2-139.1,413.8S72.9,949.3,26.4,1109.5s-59.2,378.8,200.9,545.4,941-257,1034.3-355.4,61.8-60.7,84.1-90.2Z\"\/>\n<\/svg>    <\/div>\n<\/div>\n<\/div>\n    <\/div>\n<\/div>\n\n <div class=\"container\">   <div class=\"indy-block-teaser horizontal\">\n    <div class=\"svg\">\n        <div class=\"x\"><svg xmlns=\"http:\/\/www.w3.org\/2000\/svg\" width=\"1288.18\" height=\"706.687\" viewBox=\"0 0 1288.18 706.687\">\n  <path id=\"Path_3\" data-name=\"Path 3\" d=\"M13148.9,1865.806c-33.607-1.981-363.283-47.316-309.859-297.143s133.559-391.774,309.859-406.915,242.189,92.739,382.873,123.021,211.916-32.175,316.983-37.853,256.436,58.671,270.682,240.364-48.08,308.5-249.312,314.177-219.04-43.53-338.354-47.316-192.326,77.6-258.216,96.524S13182.51,1867.788,13148.9,1865.806Z\" transform=\"translate(-12833.201 -1160.3)\" fill=\"#e6f1ed\"\/>\n<\/svg>\n<\/div>\n        <div class=\"y\"><svg xmlns=\"http:\/\/www.w3.org\/2000\/svg\" width=\"1296.47\" height=\"1120.936\" viewBox=\"0 0 1296.47 1120.936\">\n  <path id=\"Path_8\" data-name=\"Path 8\" d=\"M-1091.61,12626.128c-44.355,60.756-221.807,269.391-160,478.851s156.236,231.779,235.213,243.8,228.346-36.054,314.19-123.615,230.063-41.207,379.431-58.375,250.665-358.827,80.694-420.636-202.592-1.718-336.509-85.845-101.287-115.345-222.114-161.631S-1047.254,12565.372-1091.61,12626.128Z\" transform=\"matrix(-0.966, 0.259, -0.259, -0.966, 3307.104, 13222.977)\" fill=\"#e6f1ed\"\/>\n<\/svg>\n<\/div>\n    <\/div>\n    <div class=\"wrapper\">\n        <div class=\"image\">\n            <div>\n                <img decoding=\"async\" src=\"https:\/\/svamv.ch\/wp-content\/uploads\/2024\/10\/bg-img1.jpg\" alt=\"\">\n            <\/div>\n        <\/div>\n        <div class=\"content\">\n            <div class=\"acf-innerblocks-container\">\n\n<h2 class=\"wp-block-heading\">Qui sommes-nous ?<\/h2>\n\n\n\n<p>FSFM est l&rsquo;organisation fa\u00eeti\u00e8re des parents isol\u00e9s et l&rsquo;organisation sp\u00e9cialis\u00e9e pour les familles monoparentales. Depuis 1984, nous nous engageons en faveur des familles monoparentales et de leurs pr\u00e9occupations. <\/p>\n\n\n\n<div class=\"wp-block-button\"><a class=\"wp-block-button__link wp-element-button\" href=\"https:\/\/svamv.ch\/fr\/qui-sommes-nous\/\">en savoir plus<\/a><\/div>\n\n<\/div>\n        <\/div>\n    <\/div>\n<\/div><div class=\"indy-block-teaser vertical\">\n    <div class=\"svg\">\n        <div class=\"x\"><svg xmlns=\"http:\/\/www.w3.org\/2000\/svg\" width=\"1288.18\" height=\"706.687\" viewBox=\"0 0 1288.18 706.687\">\n  <path id=\"Path_3\" data-name=\"Path 3\" d=\"M13148.9,1865.806c-33.607-1.981-363.283-47.316-309.859-297.143s133.559-391.774,309.859-406.915,242.189,92.739,382.873,123.021,211.916-32.175,316.983-37.853,256.436,58.671,270.682,240.364-48.08,308.5-249.312,314.177-219.04-43.53-338.354-47.316-192.326,77.6-258.216,96.524S13182.51,1867.788,13148.9,1865.806Z\" transform=\"translate(-12833.201 -1160.3)\" fill=\"#e6f1ed\"\/>\n<\/svg>\n<\/div>\n        <div class=\"y\"><svg xmlns=\"http:\/\/www.w3.org\/2000\/svg\" width=\"1296.47\" height=\"1120.936\" viewBox=\"0 0 1296.47 1120.936\">\n  <path id=\"Path_8\" data-name=\"Path 8\" d=\"M-1091.61,12626.128c-44.355,60.756-221.807,269.391-160,478.851s156.236,231.779,235.213,243.8,228.346-36.054,314.19-123.615,230.063-41.207,379.431-58.375,250.665-358.827,80.694-420.636-202.592-1.718-336.509-85.845-101.287-115.345-222.114-161.631S-1047.254,12565.372-1091.61,12626.128Z\" transform=\"matrix(-0.966, 0.259, -0.259, -0.966, 3307.104, 13222.977)\" fill=\"#e6f1ed\"\/>\n<\/svg>\n<\/div>\n    <\/div>\n    <div class=\"wrapper\">\n        <div class=\"image\">\n            <div>\n                <img decoding=\"async\" src=\"https:\/\/svamv.ch\/wp-content\/uploads\/2024\/06\/bg-img3.jpeg\" alt=\"\">\n            <\/div>\n        <\/div>\n        <div class=\"content\">\n            <div class=\"acf-innerblocks-container\">\n\n<h2 class=\"wp-block-heading has-text-align-left\">Votre don<\/h2>\n\n\n\n<p class=\"has-text-align-left\">Selon le proverbe, il faut tout un village pour \u00e9lever un enfant. Malheureusement, la r\u00e9alit\u00e9 est diff\u00e9rente pour de nombreux parents en Suisse :   <strong>De nombreuses m\u00e8res et de nombreux p\u00e8res sont totalement livr\u00e9s \u00e0 eux-m\u00eames. En tant que parents isol\u00e9s, ils sont responsables de tout &#8211; et ont du mal \u00e0 respirer. <\/strong><\/p>\n\n\n\n<p class=\"has-text-align-left\">A cela s&rsquo;ajoutent souvent des soucis financiers et des charges multiples. Tout cela pousse les mamans et les papas \u00e0 leurs limites. C&rsquo;est pourquoi nous nous engageons depuis 40 ans en tant que centre d&rsquo;accueil pour familles monoparentales pour les personnes concern\u00e9es.  <\/p>\n\n\n\n<div class=\"wp-block-button is-style-fill\"><a class=\"wp-block-button__link has-text-align-left wp-element-button\" href=\"https:\/\/svamv.ch\/fr\/votre-soutien\/\">faire un don maintenant<\/a><\/div>\n\n<\/div>\n        <\/div>\n    <\/div>\n<\/div>","protected":false},"excerpt":{"rendered":"","protected":false},"author":1,"featured_media":0,"parent":0,"menu_order":0,"comment_status":"closed","ping_status":"closed","template":"","meta":{"_acf_changed":false,"footnotes":""},"class_list":["post-781","page","type-page","status-publish","hentry"],"acf":[],"yoast_head":"<!-- This site is optimized with the Yoast SEO plugin v27.3 - https:\/\/yoast.com\/product\/yoast-seo-wordpress\/ -->\n<title>Page d&#039;accueil - SVAMV<\/title>\n<meta name=\"robots\" content=\"index, follow, max-snippet:-1, max-image-preview:large, max-video-preview:-1\" \/>\n<link rel=\"canonical\" href=\"https:\/\/svamv.ch\/fr\/\" \/>\n<meta property=\"og:locale\" content=\"fr_FR\" \/>\n<meta property=\"og:type\" content=\"article\" \/>\n<meta property=\"og:title\" content=\"Page d&#039;accueil - SVAMV\" \/>\n<meta property=\"og:url\" content=\"https:\/\/svamv.ch\/fr\/\" \/>\n<meta property=\"og:site_name\" content=\"SVAMV\" \/>\n<meta property=\"article:modified_time\" content=\"2026-03-17T19:44:17+00:00\" \/>\n<meta name=\"twitter:card\" content=\"summary_large_image\" \/>\n<meta name=\"twitter:label1\" content=\"Dur\u00e9e de lecture estim\u00e9e\" \/>\n\t<meta name=\"twitter:data1\" content=\"1 minute\" \/>\n<script type=\"application\/ld+json\" class=\"yoast-schema-graph\">{\"@context\":\"https:\\\/\\\/schema.org\",\"@graph\":[{\"@type\":\"WebPage\",\"@id\":\"https:\\\/\\\/svamv.ch\\\/fr\\\/\",\"url\":\"https:\\\/\\\/svamv.ch\\\/fr\\\/\",\"name\":\"Page d'accueil - SVAMV\",\"isPartOf\":{\"@id\":\"https:\\\/\\\/svamv.ch\\\/fr\\\/#website\"},\"datePublished\":\"2024-06-25T12:51:32+00:00\",\"dateModified\":\"2026-03-17T19:44:17+00:00\",\"breadcrumb\":{\"@id\":\"https:\\\/\\\/svamv.ch\\\/fr\\\/#breadcrumb\"},\"inLanguage\":\"fr-FR\",\"potentialAction\":[{\"@type\":\"ReadAction\",\"target\":[\"https:\\\/\\\/svamv.ch\\\/fr\\\/\"]}]},{\"@type\":\"BreadcrumbList\",\"@id\":\"https:\\\/\\\/svamv.ch\\\/fr\\\/#breadcrumb\",\"itemListElement\":[{\"@type\":\"ListItem\",\"position\":1,\"name\":\"Startseite\",\"item\":\"https:\\\/\\\/svamv.ch\\\/fr\\\/\"},{\"@type\":\"ListItem\",\"position\":2,\"name\":\"Page d&rsquo;accueil\"}]},{\"@type\":\"WebSite\",\"@id\":\"https:\\\/\\\/svamv.ch\\\/fr\\\/#website\",\"url\":\"https:\\\/\\\/svamv.ch\\\/fr\\\/\",\"name\":\"SVAMV\",\"description\":\"Allein erziehen einfacher gemacht\",\"potentialAction\":[{\"@type\":\"SearchAction\",\"target\":{\"@type\":\"EntryPoint\",\"urlTemplate\":\"https:\\\/\\\/svamv.ch\\\/fr\\\/?s={search_term_string}\"},\"query-input\":{\"@type\":\"PropertyValueSpecification\",\"valueRequired\":true,\"valueName\":\"search_term_string\"}}],\"inLanguage\":\"fr-FR\"}]}<\/script>\n<!-- \/ Yoast SEO plugin. -->","yoast_head_json":{"title":"Page d'accueil - SVAMV","robots":{"index":"index","follow":"follow","max-snippet":"max-snippet:-1","max-image-preview":"max-image-preview:large","max-video-preview":"max-video-preview:-1"},"canonical":"https:\/\/svamv.ch\/fr\/","og_locale":"fr_FR","og_type":"article","og_title":"Page d'accueil - SVAMV","og_url":"https:\/\/svamv.ch\/fr\/","og_site_name":"SVAMV","article_modified_time":"2026-03-17T19:44:17+00:00","twitter_card":"summary_large_image","twitter_misc":{"Dur\u00e9e de lecture estim\u00e9e":"1 minute"},"schema":{"@context":"https:\/\/schema.org","@graph":[{"@type":"WebPage","@id":"https:\/\/svamv.ch\/fr\/","url":"https:\/\/svamv.ch\/fr\/","name":"Page d'accueil - SVAMV","isPartOf":{"@id":"https:\/\/svamv.ch\/fr\/#website"},"datePublished":"2024-06-25T12:51:32+00:00","dateModified":"2026-03-17T19:44:17+00:00","breadcrumb":{"@id":"https:\/\/svamv.ch\/fr\/#breadcrumb"},"inLanguage":"fr-FR","potentialAction":[{"@type":"ReadAction","target":["https:\/\/svamv.ch\/fr\/"]}]},{"@type":"BreadcrumbList","@id":"https:\/\/svamv.ch\/fr\/#breadcrumb","itemListElement":[{"@type":"ListItem","position":1,"name":"Startseite","item":"https:\/\/svamv.ch\/fr\/"},{"@type":"ListItem","position":2,"name":"Page d&rsquo;accueil"}]},{"@type":"WebSite","@id":"https:\/\/svamv.ch\/fr\/#website","url":"https:\/\/svamv.ch\/fr\/","name":"SVAMV","description":"Allein erziehen einfacher gemacht","potentialAction":[{"@type":"SearchAction","target":{"@type":"EntryPoint","urlTemplate":"https:\/\/svamv.ch\/fr\/?s={search_term_string}"},"query-input":{"@type":"PropertyValueSpecification","valueRequired":true,"valueName":"search_term_string"}}],"inLanguage":"fr-FR"}]}},"_links":{"self":[{"href":"https:\/\/svamv.ch\/fr\/wp-json\/wp\/v2\/pages\/781","targetHints":{"allow":["GET"]}}],"collection":[{"href":"https:\/\/svamv.ch\/fr\/wp-json\/wp\/v2\/pages"}],"about":[{"href":"https:\/\/svamv.ch\/fr\/wp-json\/wp\/v2\/types\/page"}],"author":[{"embeddable":true,"href":"https:\/\/svamv.ch\/fr\/wp-json\/wp\/v2\/users\/1"}],"replies":[{"embeddable":true,"href":"https:\/\/svamv.ch\/fr\/wp-json\/wp\/v2\/comments?post=781"}],"version-history":[{"count":12,"href":"https:\/\/svamv.ch\/fr\/wp-json\/wp\/v2\/pages\/781\/revisions"}],"predecessor-version":[{"id":2395,"href":"https:\/\/svamv.ch\/fr\/wp-json\/wp\/v2\/pages\/781\/revisions\/2395"}],"wp:attachment":[{"href":"https:\/\/svamv.ch\/fr\/wp-json\/wp\/v2\/media?parent=781"}],"curies":[{"name":"wp","href":"https:\/\/api.w.org\/{rel}","templated":true}]}}