{"id":890,"date":"2024-07-25T08:53:33","date_gmt":"2024-07-25T06:53:33","guid":{"rendered":"https:\/\/svamv.site-preview.ch\/qui-sommes-nous\/"},"modified":"2026-03-17T19:23:11","modified_gmt":"2026-03-17T18:23:11","slug":"qui-sommes-nous","status":"publish","type":"page","link":"https:\/\/svamv.ch\/fr\/qui-sommes-nous\/","title":{"rendered":"Notre vision"},"content":{"rendered":"\n<h3 class=\"wp-block-heading has-text-align-center\">UNE FORTE CONFIANCE EN SOI<br\/>la monoparentalit\u00e9<\/h3>\n\n<h2 class=\"wp-block-heading\">Notre mission<\/h2>\n\n<p><strong>Depuis 1984, nous nous engageons en faveur des familles monoparentales et de leurs pr\u00e9occupations. Nous nous engageons \u00e0 fournir des conseils et un soutien aux familles monoparentales, nous nous positionnons publiquement en tant que repr\u00e9sentants des int\u00e9r\u00eats des enfants et de leurs parents c\u00e9libataires et nous nous engageons \u00e0 cr\u00e9er de bonnes conditions pour les familles monoparentales dans la soci\u00e9t\u00e9. <\/strong><\/p>\n\n<ul class=\"wp-block-list\">\n<li>Nous donnons une voix aux parents mono dans la soci\u00e9t\u00e9 et en politique.<\/li>\n\n\n\n<li>Nous mettons des informations \u00e0 disposition sur toutes les questions en lien avec la monoparentalit\u00e9.<\/li>\n\n\n\n<li>Nous apportons une aide concr\u00e8te aux parents mono dans leur quotidien. <\/li>\n\n\n\n<li>Nous conseillons les parents mono et les professionnels.<\/li>\n\n\n\n<li>Nous mettons nos organisations membres en r\u00e9seau entre elles.<\/li>\n\n\n\n<li>Nous cr\u00e9ons et utilisons des r\u00e9seaux nationaux et internationaux.<\/li>\n\n\n\n<li>Nous pla\u00e7ons le bien de l\u2019enfant au c\u0153ur de notre travail. <\/li>\n<\/ul>\n\n<h2 class=\"wp-block-heading\">Nos valeurs<\/h2>\n\n<h5 class=\"wp-block-heading\">Soutien. Comp\u00e9tence. Ind\u00e9pendance. Appr\u00e9ciation.   <\/h5>\n","protected":false},"excerpt":{"rendered":"<p>UNE FORTE CONFIANCE EN SOIla monoparentalit\u00e9 Notre mission Depuis 1984, nous nous engageons en faveur des familles monoparentales et de leurs pr\u00e9occupations. Nous nous engageons \u00e0 fournir des conseils et un soutien aux familles monoparentales, nous nous positionnons publiquement en tant que repr\u00e9sentants des int\u00e9r\u00eats des enfants et de leurs parents c\u00e9libataires et nous nous [&hellip;]<\/p>\n","protected":false},"author":1,"featured_media":0,"parent":0,"menu_order":0,"comment_status":"closed","ping_status":"closed","template":"","meta":{"_acf_changed":false,"footnotes":""},"class_list":["post-890","page","type-page","status-publish","hentry"],"acf":[],"yoast_head":"<!-- This site is optimized with the Yoast SEO plugin v27.3 - https:\/\/yoast.com\/product\/yoast-seo-wordpress\/ -->\n<title>Notre vision - SVAMV<\/title>\n<meta name=\"robots\" content=\"index, follow, max-snippet:-1, max-image-preview:large, max-video-preview:-1\" \/>\n<link rel=\"canonical\" href=\"https:\/\/svamv.ch\/fr\/qui-sommes-nous\/\" \/>\n<meta property=\"og:locale\" content=\"fr_FR\" \/>\n<meta property=\"og:type\" content=\"article\" \/>\n<meta property=\"og:title\" content=\"Notre vision - SVAMV\" \/>\n<meta property=\"og:description\" content=\"UNE FORTE CONFIANCE EN SOIla monoparentalit\u00e9 Notre mission Depuis 1984, nous nous engageons en faveur des familles monoparentales et de leurs pr\u00e9occupations. Nous nous engageons \u00e0 fournir des conseils et un soutien aux familles monoparentales, nous nous positionnons publiquement en tant que repr\u00e9sentants des int\u00e9r\u00eats des enfants et de leurs parents c\u00e9libataires et nous nous [&hellip;]\" \/>\n<meta property=\"og:url\" content=\"https:\/\/svamv.ch\/fr\/qui-sommes-nous\/\" \/>\n<meta property=\"og:site_name\" content=\"SVAMV\" \/>\n<meta property=\"article:modified_time\" content=\"2026-03-17T18:23:11+00:00\" \/>\n<meta name=\"twitter:card\" content=\"summary_large_image\" \/>\n<meta name=\"twitter:label1\" content=\"Dur\u00e9e de lecture estim\u00e9e\" \/>\n\t<meta name=\"twitter:data1\" content=\"1 minute\" \/>\n<script type=\"application\/ld+json\" class=\"yoast-schema-graph\">{\"@context\":\"https:\\\/\\\/schema.org\",\"@graph\":[{\"@type\":\"WebPage\",\"@id\":\"https:\\\/\\\/svamv.ch\\\/fr\\\/qui-sommes-nous\\\/\",\"url\":\"https:\\\/\\\/svamv.ch\\\/fr\\\/qui-sommes-nous\\\/\",\"name\":\"Notre vision - SVAMV\",\"isPartOf\":{\"@id\":\"https:\\\/\\\/svamv.ch\\\/fr\\\/#website\"},\"datePublished\":\"2024-07-25T06:53:33+00:00\",\"dateModified\":\"2026-03-17T18:23:11+00:00\",\"breadcrumb\":{\"@id\":\"https:\\\/\\\/svamv.ch\\\/fr\\\/qui-sommes-nous\\\/#breadcrumb\"},\"inLanguage\":\"fr-FR\",\"potentialAction\":[{\"@type\":\"ReadAction\",\"target\":[\"https:\\\/\\\/svamv.ch\\\/fr\\\/qui-sommes-nous\\\/\"]}]},{\"@type\":\"BreadcrumbList\",\"@id\":\"https:\\\/\\\/svamv.ch\\\/fr\\\/qui-sommes-nous\\\/#breadcrumb\",\"itemListElement\":[{\"@type\":\"ListItem\",\"position\":1,\"name\":\"Startseite\",\"item\":\"https:\\\/\\\/svamv.ch\\\/fr\\\/\"},{\"@type\":\"ListItem\",\"position\":2,\"name\":\"Notre vision\"}]},{\"@type\":\"WebSite\",\"@id\":\"https:\\\/\\\/svamv.ch\\\/fr\\\/#website\",\"url\":\"https:\\\/\\\/svamv.ch\\\/fr\\\/\",\"name\":\"SVAMV\",\"description\":\"Allein erziehen einfacher gemacht\",\"potentialAction\":[{\"@type\":\"SearchAction\",\"target\":{\"@type\":\"EntryPoint\",\"urlTemplate\":\"https:\\\/\\\/svamv.ch\\\/fr\\\/?s={search_term_string}\"},\"query-input\":{\"@type\":\"PropertyValueSpecification\",\"valueRequired\":true,\"valueName\":\"search_term_string\"}}],\"inLanguage\":\"fr-FR\"}]}<\/script>\n<!-- \/ Yoast SEO plugin. -->","yoast_head_json":{"title":"Notre vision - SVAMV","robots":{"index":"index","follow":"follow","max-snippet":"max-snippet:-1","max-image-preview":"max-image-preview:large","max-video-preview":"max-video-preview:-1"},"canonical":"https:\/\/svamv.ch\/fr\/qui-sommes-nous\/","og_locale":"fr_FR","og_type":"article","og_title":"Notre vision - SVAMV","og_description":"UNE FORTE CONFIANCE EN SOIla monoparentalit\u00e9 Notre mission Depuis 1984, nous nous engageons en faveur des familles monoparentales et de leurs pr\u00e9occupations. Nous nous engageons \u00e0 fournir des conseils et un soutien aux familles monoparentales, nous nous positionnons publiquement en tant que repr\u00e9sentants des int\u00e9r\u00eats des enfants et de leurs parents c\u00e9libataires et nous nous [&hellip;]","og_url":"https:\/\/svamv.ch\/fr\/qui-sommes-nous\/","og_site_name":"SVAMV","article_modified_time":"2026-03-17T18:23:11+00:00","twitter_card":"summary_large_image","twitter_misc":{"Dur\u00e9e de lecture estim\u00e9e":"1 minute"},"schema":{"@context":"https:\/\/schema.org","@graph":[{"@type":"WebPage","@id":"https:\/\/svamv.ch\/fr\/qui-sommes-nous\/","url":"https:\/\/svamv.ch\/fr\/qui-sommes-nous\/","name":"Notre vision - SVAMV","isPartOf":{"@id":"https:\/\/svamv.ch\/fr\/#website"},"datePublished":"2024-07-25T06:53:33+00:00","dateModified":"2026-03-17T18:23:11+00:00","breadcrumb":{"@id":"https:\/\/svamv.ch\/fr\/qui-sommes-nous\/#breadcrumb"},"inLanguage":"fr-FR","potentialAction":[{"@type":"ReadAction","target":["https:\/\/svamv.ch\/fr\/qui-sommes-nous\/"]}]},{"@type":"BreadcrumbList","@id":"https:\/\/svamv.ch\/fr\/qui-sommes-nous\/#breadcrumb","itemListElement":[{"@type":"ListItem","position":1,"name":"Startseite","item":"https:\/\/svamv.ch\/fr\/"},{"@type":"ListItem","position":2,"name":"Notre vision"}]},{"@type":"WebSite","@id":"https:\/\/svamv.ch\/fr\/#website","url":"https:\/\/svamv.ch\/fr\/","name":"SVAMV","description":"Allein erziehen einfacher gemacht","potentialAction":[{"@type":"SearchAction","target":{"@type":"EntryPoint","urlTemplate":"https:\/\/svamv.ch\/fr\/?s={search_term_string}"},"query-input":{"@type":"PropertyValueSpecification","valueRequired":true,"valueName":"search_term_string"}}],"inLanguage":"fr-FR"}]}},"_links":{"self":[{"href":"https:\/\/svamv.ch\/fr\/wp-json\/wp\/v2\/pages\/890","targetHints":{"allow":["GET"]}}],"collection":[{"href":"https:\/\/svamv.ch\/fr\/wp-json\/wp\/v2\/pages"}],"about":[{"href":"https:\/\/svamv.ch\/fr\/wp-json\/wp\/v2\/types\/page"}],"author":[{"embeddable":true,"href":"https:\/\/svamv.ch\/fr\/wp-json\/wp\/v2\/users\/1"}],"replies":[{"embeddable":true,"href":"https:\/\/svamv.ch\/fr\/wp-json\/wp\/v2\/comments?post=890"}],"version-history":[{"count":12,"href":"https:\/\/svamv.ch\/fr\/wp-json\/wp\/v2\/pages\/890\/revisions"}],"predecessor-version":[{"id":2382,"href":"https:\/\/svamv.ch\/fr\/wp-json\/wp\/v2\/pages\/890\/revisions\/2382"}],"wp:attachment":[{"href":"https:\/\/svamv.ch\/fr\/wp-json\/wp\/v2\/media?parent=890"}],"curies":[{"name":"wp","href":"https:\/\/api.w.org\/{rel}","templated":true}]}}