{"id":776,"date":"2024-06-25T14:51:32","date_gmt":"2024-06-25T12:51:32","guid":{"rendered":"https:\/\/svamv.site-preview.ch\/pagina-iniziale\/"},"modified":"2026-03-18T09:33:33","modified_gmt":"2026-03-18T08:33:33","slug":"pagina-iniziale","status":"publish","type":"page","link":"https:\/\/svamv.ch\/it\/","title":{"rendered":"Pagina iniziale"},"content":{"rendered":" <\/div>    \n\n<div class=\"indy-block-hero is-it\">\n  <div style=\"background-image: url('https:\/\/svamv.ch\/wp-content\/uploads\/2024\/10\/svamv-home-hero-1920x1280-green-3.jpg')\">\n        <div class=\"container\">\n            <div class=\"wrapper\">\n                <div class=\"text\">\n                    <h1 class=\"title\"><p><strong>FSFM<\/strong><br \/>\nGenitore singolo<br \/>FORTI E CONSAPEVOLI<\/p>\n<\/h1>\n                <\/div>\n                <div class=\"teaser-elements\">\n                                            <a href=\"https:\/\/svamv.ch\/it\/tema\/\" target=\"\" class=\"teaser-elements__item\">\n                            <div>\n                                <h3>Per 1 genitore<\/h3>\n                                <div>Consigli e informazioni<\/div>\n                            <\/div>\n                        <\/a>\n                                            <a href=\"https:\/\/svamv.ch\/it\/il-tuo-sostegno\/\" target=\"\" class=\"teaser-elements__item\">\n                            <div>\n                                <h3>Donazioni<\/h3>\n                                <div><\/div>\n                            <\/div>\n                        <\/a>\n                                            <a href=\"https:\/\/svamv.ch\/thema\/svamv-peer\/\" target=\"\" class=\"teaser-elements__item\">\n                            <div>\n                                <h3>FSFM Peer<\/h3>\n                                <div>Rete direttamente<\/div>\n                            <\/div>\n                        <\/a>\n                                            <a href=\"https:\/\/svamv.ch\/it\/per-i-professionisti\/\" target=\"\" class=\"teaser-elements__item\">\n                            <div>\n                                <h3>Per i professionisti<\/h3>\n                                <div>Letteratura e formazione continua<\/div>\n                            <\/div>\n                        <\/a>\n                                            <a href=\"https:\/\/svamv.ch\/it\/il-tuo-feedback\/\" target=\"\" class=\"teaser-elements__item\">\n                            <div>\n                                <h3>Il tuo feedback<\/h3>\n                                <div>Dopo la consulenza<\/div>\n                            <\/div>\n                        <\/a>\n                                    <\/div>\n            <\/div>\n        <\/div>\n    <\/div>\n<\/div>\n\n <div class=\"container\">    <\/div>    \n<div class=\"indy-block-background-color\" style=\"background-color: #f8f8f8\">\n    <div class=\"container\">\n        <div class=\"acf-innerblocks-container\">\n<div class=\"indy-block-news\">\n    <div class=\"wrapper\">\n        <div class=\"upper\">\n            <div class=\"title\">\n                <h2 class=\"h1\">Panorama<\/h2>\n                <a href=\"https:\/\/svamv.ch\/it\/panorama\/\" class=\"btn btn-secondary\">\n                    See all posts\n                <\/a>\n            <\/div>\n            <div class=\"subtitle\">Il nostro blog tematico con articoli specialistici, informazioni e articoli per genitori single<\/div>\n        <\/div>\n                    <div class=\"row gx-4 justify-content-center\">\n                                                            <div class=\"latest-post col-md-12\">\n                            <article class=\"tease tease-post\" id=\"tease-2237\">\n\t\t\t<div class=\"wrapper\">\n\t\t\t\t\t\t\t<div class=\"post-thumbnail\">\n\t\t\t\t\t<a href=\"https:\/\/svamv.ch\/it\/forte-autosensibilizzazione-genitori-single\/\">\n\t\t\t\t\t\t<img decoding=\"async\" src=\"https:\/\/svamv.ch\/wp-content\/uploads\/2025\/09\/father-1665532_1920-550x368-c-default.jpg\" \/>\n\t\t\t\t\t<\/a>\n\t\t\t\t<\/div>\n\t\t\t\t\t\t<div class=\"text\">\n\t\t\t\t<a href=\"https:\/\/svamv.ch\/it\/forte-autosensibilizzazione-genitori-single\/\">\n\t\t\t\t\t<h2 class=\"title h3\">FORTE &#8211; AUTOSENSIBILIZZAZIONE &#8211; genitori single<\/h2>\n\t\t\t\t<\/a>\n\t\t\t\t<p class=\"date\">28. Settembre 2025<\/p>\n\t\t\t\t<p class=\"excerpt\">In occasione della 7\u00b0 Giornata Internazionale dei Genitori Single Sette anni fa, il 28 settembre, una madre single ha lanciato la Giornata Internazionale dei Genitori&hellip;<\/p>\n\t\t\t\t<div>\n\t\t\t\t\t<a class=\"btn btn-secondary\" href=\"https:\/\/svamv.ch\/it\/forte-autosensibilizzazione-genitori-single\/\">\n\t\t\t\t\t\t\tMehr erfahren\n\t\t\t\t\t<\/a>\n\t\t\t\t<\/div>\n\t\t\t<\/div>\n\t\t<\/div>\n<\/article>\n                        <\/div>\n                                                                                <div class=\"col-md-6 col-xl-4\">\n                            <article class=\"tease tease-post\" id=\"tease-2217\">\n\t\t\t<div class=\"wrapper\">\n\t\t\t\t\t\t\t<div class=\"post-thumbnail\">\n\t\t\t\t\t<a href=\"https:\/\/svamv.ch\/it\/tempo-per-la-famiglia-perche-il-lavoro-di-cura-riguarda-tutti\/\">\n\t\t\t\t\t\t<img decoding=\"async\" src=\"https:\/\/svamv.ch\/wp-content\/uploads\/2025\/05\/Elternzeit--550x368-c-default.png\" \/>\n\t\t\t\t\t<\/a>\n\t\t\t\t<\/div>\n\t\t\t\t\t\t<div class=\"text\">\n\t\t\t\t<a href=\"https:\/\/svamv.ch\/it\/tempo-per-la-famiglia-perche-il-lavoro-di-cura-riguarda-tutti\/\">\n\t\t\t\t\t<h2 class=\"title h3\">Tempo per la famiglia, perch\u00e9 il lavoro di cura riguarda tutti<\/h2>\n\t\t\t\t<\/a>\n\t\t\t\t<p class=\"date\">25. Maggio 2025<\/p>\n\t\t\t\t<p class=\"excerpt\">Il 2 aprile \u00e8 stata lanciata l&#8217;iniziativa Family Time, sostenuta da un&#8217;ampia alleanza. Il suo obiettivo \u00e8 quello di consentire ai genitori di condividere in modo pi\u00f9 equo il lavoro retribuito e il lavoro di cura non retribuito. Ci\u00f2 richiede nuove strutture, fin dall&#8217;inizio, cio\u00e8 dalla nascita del bambino.<\/p>\n\t\t\t\t<div>\n\t\t\t\t\t<a class=\"btn btn-secondary\" href=\"https:\/\/svamv.ch\/it\/tempo-per-la-famiglia-perche-il-lavoro-di-cura-riguarda-tutti\/\">\n\t\t\t\t\t\t\tMehr erfahren\n\t\t\t\t\t<\/a>\n\t\t\t\t<\/div>\n\t\t\t<\/div>\n\t\t<\/div>\n<\/article>\n                        <\/div>\n                                                                                <div class=\"col-md-6 col-xl-4\">\n                            <article class=\"tease tease-post\" id=\"tease-1795\">\n\t\t\t<div class=\"wrapper\">\n\t\t\t\t\t\t\t<div class=\"post-thumbnail\">\n\t\t\t\t\t<a href=\"https:\/\/svamv.ch\/it\/come-e-iniziato-tutto-la-mia-storia-di-alienazione\/\">\n\t\t\t\t\t\t<img decoding=\"async\" src=\"https:\/\/svamv.ch\/wp-content\/uploads\/2024\/07\/cover-kein-marius-bild-550x368-c-default.jpg\" \/>\n\t\t\t\t\t<\/a>\n\t\t\t\t<\/div>\n\t\t\t\t\t\t<div class=\"text\">\n\t\t\t\t<a href=\"https:\/\/svamv.ch\/it\/come-e-iniziato-tutto-la-mia-storia-di-alienazione\/\">\n\t\t\t\t\t<h2 class=\"title h3\">Come \u00e8 iniziato tutto: La mia storia di alienazione<\/h2>\n\t\t\t\t<\/a>\n\t\t\t\t<p class=\"date\">24. Marzo 2024<\/p>\n\t\t\t\t<p class=\"excerpt\">Nell&#8217;anno del nostro anniversario, il 2024, lanciamo la nuova serie di blog &#8220;Esperienze di genitori single&#8221;, in cui condividiamo con te esperienze personali, richieste&hellip;<\/p>\n\t\t\t\t<div>\n\t\t\t\t\t<a class=\"btn btn-secondary\" href=\"https:\/\/svamv.ch\/it\/come-e-iniziato-tutto-la-mia-storia-di-alienazione\/\">\n\t\t\t\t\t\t\tMehr erfahren\n\t\t\t\t\t<\/a>\n\t\t\t\t<\/div>\n\t\t\t<\/div>\n\t\t<\/div>\n<\/article>\n                        <\/div>\n                                                                                <div class=\"col-md-6 col-xl-4\">\n                            <article class=\"tease tease-post\" id=\"tease-1759\">\n\t\t\t<div class=\"wrapper\">\n\t\t\t\t\t\t<div class=\"text\">\n\t\t\t\t<a href=\"https:\/\/svamv.ch\/it\/crescere-allevare-e-prendersi-cura-dei-bambini-e-divertente-faticoso-e-comporta-molto-lavoro\/\">\n\t\t\t\t\t<h2 class=\"title h3\">Crescere, allevare e prendersi cura dei bambini \u00e8 divertente, faticoso e comporta molto lavoro.<\/h2>\n\t\t\t\t<\/a>\n\t\t\t\t<p class=\"date\">18. Febbraio 2024<\/p>\n\t\t\t\t<p class=\"excerpt\">Nell&#8217;anno del nostro anniversario, il 2024, lanciamo la nuova serie di blog &#8220;Esperienze di genitori single&#8221;, in cui condividiamo con te esperienze personali, richieste&hellip;<\/p>\n\t\t\t\t<div>\n\t\t\t\t\t<a class=\"btn btn-secondary\" href=\"https:\/\/svamv.ch\/it\/crescere-allevare-e-prendersi-cura-dei-bambini-e-divertente-faticoso-e-comporta-molto-lavoro\/\">\n\t\t\t\t\t\t\tMehr erfahren\n\t\t\t\t\t<\/a>\n\t\t\t\t<\/div>\n\t\t\t<\/div>\n\t\t<\/div>\n<\/article>\n                        <\/div>\n                                                <\/div>\n            <\/div>\n    <div class=\"svg\">\n        <?xml version=\"1.0\" encoding=\"UTF-8\"?>\n<svg id=\"Layer_1\" data-name=\"Layer 1\" xmlns=\"http:\/\/www.w3.org\/2000\/svg\" version=\"1.1\" viewBox=\"0 0 1452.4 1693.3\">\n  <defs>\n    <style>\n      .cls-1 {\n        fill: #e6f1ed;\n        stroke-width: 0px;\n      }\n    <\/style>\n  <\/defs>\n  <path id=\"Path_4\" data-name=\"Path 4\" class=\"cls-1\" d=\"M1345.7,1209.3c22.3-29.6,182.7-188.9,62.4-541.8S1105.2,94.8,842.2,24.4c-263-70.5-379.9,30.3-434.6,70.3s-141.6,101.2-139.1,413.8S72.9,949.3,26.4,1109.5s-59.2,378.8,200.9,545.4,941-257,1034.3-355.4,61.8-60.7,84.1-90.2Z\"\/>\n<\/svg>    <\/div>\n<\/div>\n<\/div>\n    <\/div>\n<\/div>\n\n <div class=\"container\">   <div class=\"indy-block-teaser horizontal\">\n    <div class=\"svg\">\n        <div class=\"x\"><svg xmlns=\"http:\/\/www.w3.org\/2000\/svg\" width=\"1288.18\" height=\"706.687\" viewBox=\"0 0 1288.18 706.687\">\n  <path id=\"Path_3\" data-name=\"Path 3\" d=\"M13148.9,1865.806c-33.607-1.981-363.283-47.316-309.859-297.143s133.559-391.774,309.859-406.915,242.189,92.739,382.873,123.021,211.916-32.175,316.983-37.853,256.436,58.671,270.682,240.364-48.08,308.5-249.312,314.177-219.04-43.53-338.354-47.316-192.326,77.6-258.216,96.524S13182.51,1867.788,13148.9,1865.806Z\" transform=\"translate(-12833.201 -1160.3)\" fill=\"#e6f1ed\"\/>\n<\/svg>\n<\/div>\n        <div class=\"y\"><svg xmlns=\"http:\/\/www.w3.org\/2000\/svg\" width=\"1296.47\" height=\"1120.936\" viewBox=\"0 0 1296.47 1120.936\">\n  <path id=\"Path_8\" data-name=\"Path 8\" d=\"M-1091.61,12626.128c-44.355,60.756-221.807,269.391-160,478.851s156.236,231.779,235.213,243.8,228.346-36.054,314.19-123.615,230.063-41.207,379.431-58.375,250.665-358.827,80.694-420.636-202.592-1.718-336.509-85.845-101.287-115.345-222.114-161.631S-1047.254,12565.372-1091.61,12626.128Z\" transform=\"matrix(-0.966, 0.259, -0.259, -0.966, 3307.104, 13222.977)\" fill=\"#e6f1ed\"\/>\n<\/svg>\n<\/div>\n    <\/div>\n    <div class=\"wrapper\">\n        <div class=\"image\">\n            <div>\n                <img decoding=\"async\" src=\"https:\/\/svamv.ch\/wp-content\/uploads\/2024\/10\/svamv-home-hero-1920x1280-green-3.jpg\" alt=\"\">\n            <\/div>\n        <\/div>\n        <div class=\"content\">\n            <div class=\"acf-innerblocks-container\">\n\n<h2 class=\"wp-block-heading\">Chi siamo<\/h2>\n\n\n\n<p>FSFM \u00e8 l&#8217;organizzazione di riferimento per i genitori single e un&#8217;organizzazione specializzata per le famiglie monoparentali. Dal 1984 ci battiamo per le famiglie monoparentali e per i loro problemi. <\/p>\n\n\n\n<div class=\"wp-block-button\"><a class=\"wp-block-button__link wp-element-button\" href=\"https:\/\/svamv.ch\/it\/chi-siamo\/\">Per saperne di pi\u00f9<\/a><\/div>\n\n<\/div>\n        <\/div>\n    <\/div>\n<\/div><div class=\"indy-block-teaser vertical\">\n    <div class=\"svg\">\n        <div class=\"x\"><svg xmlns=\"http:\/\/www.w3.org\/2000\/svg\" width=\"1288.18\" height=\"706.687\" viewBox=\"0 0 1288.18 706.687\">\n  <path id=\"Path_3\" data-name=\"Path 3\" d=\"M13148.9,1865.806c-33.607-1.981-363.283-47.316-309.859-297.143s133.559-391.774,309.859-406.915,242.189,92.739,382.873,123.021,211.916-32.175,316.983-37.853,256.436,58.671,270.682,240.364-48.08,308.5-249.312,314.177-219.04-43.53-338.354-47.316-192.326,77.6-258.216,96.524S13182.51,1867.788,13148.9,1865.806Z\" transform=\"translate(-12833.201 -1160.3)\" fill=\"#e6f1ed\"\/>\n<\/svg>\n<\/div>\n        <div class=\"y\"><svg xmlns=\"http:\/\/www.w3.org\/2000\/svg\" width=\"1296.47\" height=\"1120.936\" viewBox=\"0 0 1296.47 1120.936\">\n  <path id=\"Path_8\" data-name=\"Path 8\" d=\"M-1091.61,12626.128c-44.355,60.756-221.807,269.391-160,478.851s156.236,231.779,235.213,243.8,228.346-36.054,314.19-123.615,230.063-41.207,379.431-58.375,250.665-358.827,80.694-420.636-202.592-1.718-336.509-85.845-101.287-115.345-222.114-161.631S-1047.254,12565.372-1091.61,12626.128Z\" transform=\"matrix(-0.966, 0.259, -0.259, -0.966, 3307.104, 13222.977)\" fill=\"#e6f1ed\"\/>\n<\/svg>\n<\/div>\n    <\/div>\n    <div class=\"wrapper\">\n        <div class=\"image\">\n            <div>\n                <img decoding=\"async\" src=\"https:\/\/svamv.ch\/wp-content\/uploads\/2024\/06\/bg-img3.jpeg\" alt=\"\">\n            <\/div>\n        <\/div>\n        <div class=\"content\">\n            <div class=\"acf-innerblocks-container\">\n\n<h2 class=\"wp-block-heading has-text-align-left\">La tua donazione<\/h2>\n\n\n\n<p class=\"has-text-align-left\">Come dice il proverbio, ci vuole un intero villaggio per crescere un bambino. Purtroppo la realt\u00e0 \u00e8 diversa per molti genitori in Svizzera:   <strong>Molte mamme e molti pap\u00e0 sono completamente soli. Come genitori single, sono responsabili di tutto e non possono quasi mai fare un respiro profondo. <\/strong><\/p>\n\n\n\n<p class=\"has-text-align-left\">A questo si aggiungono spesso preoccupazioni finanziarie e molteplici oneri. Tutto questo spinge le mamme e i pap\u00e0 ai loro limiti. Ecco perch\u00e9 da 40 anni siamo un punto di contatto per le famiglie monoparentali.  <\/p>\n\n\n\n<div class=\"wp-block-button is-style-fill\"><a class=\"wp-block-button__link has-text-align-left wp-element-button\" href=\"https:\/\/svamv.ch\/it\/il-tuo-sostegno\/\">dona ora<\/a><\/div>\n\n<\/div>\n        <\/div>\n    <\/div>\n<\/div>","protected":false},"excerpt":{"rendered":"","protected":false},"author":1,"featured_media":0,"parent":0,"menu_order":0,"comment_status":"closed","ping_status":"closed","template":"","meta":{"_acf_changed":false,"footnotes":""},"class_list":["post-776","page","type-page","status-publish","hentry"],"acf":[],"yoast_head":"<!-- This site is optimized with the Yoast SEO plugin v27.3 - https:\/\/yoast.com\/product\/yoast-seo-wordpress\/ -->\n<title>Pagina iniziale - SVAMV<\/title>\n<meta name=\"robots\" content=\"index, follow, max-snippet:-1, max-image-preview:large, max-video-preview:-1\" \/>\n<link rel=\"canonical\" href=\"https:\/\/svamv.ch\/it\/\" \/>\n<meta property=\"og:locale\" content=\"it_IT\" \/>\n<meta property=\"og:type\" content=\"article\" \/>\n<meta property=\"og:title\" content=\"Pagina iniziale - SVAMV\" \/>\n<meta property=\"og:url\" content=\"https:\/\/svamv.ch\/it\/\" \/>\n<meta property=\"og:site_name\" content=\"SVAMV\" \/>\n<meta property=\"article:modified_time\" content=\"2026-03-18T08:33:33+00:00\" \/>\n<meta name=\"twitter:card\" content=\"summary_large_image\" \/>\n<meta name=\"twitter:label1\" content=\"Tempo di lettura stimato\" \/>\n\t<meta name=\"twitter:data1\" content=\"1 minuto\" \/>\n<script type=\"application\/ld+json\" class=\"yoast-schema-graph\">{\"@context\":\"https:\\\/\\\/schema.org\",\"@graph\":[{\"@type\":\"WebPage\",\"@id\":\"https:\\\/\\\/svamv.ch\\\/it\\\/\",\"url\":\"https:\\\/\\\/svamv.ch\\\/it\\\/\",\"name\":\"Pagina iniziale - SVAMV\",\"isPartOf\":{\"@id\":\"https:\\\/\\\/svamv.ch\\\/it\\\/#website\"},\"datePublished\":\"2024-06-25T12:51:32+00:00\",\"dateModified\":\"2026-03-18T08:33:33+00:00\",\"breadcrumb\":{\"@id\":\"https:\\\/\\\/svamv.ch\\\/it\\\/#breadcrumb\"},\"inLanguage\":\"it-IT\",\"potentialAction\":[{\"@type\":\"ReadAction\",\"target\":[\"https:\\\/\\\/svamv.ch\\\/it\\\/\"]}]},{\"@type\":\"BreadcrumbList\",\"@id\":\"https:\\\/\\\/svamv.ch\\\/it\\\/#breadcrumb\",\"itemListElement\":[{\"@type\":\"ListItem\",\"position\":1,\"name\":\"Startseite\",\"item\":\"https:\\\/\\\/svamv.ch\\\/it\\\/\"},{\"@type\":\"ListItem\",\"position\":2,\"name\":\"Pagina iniziale\"}]},{\"@type\":\"WebSite\",\"@id\":\"https:\\\/\\\/svamv.ch\\\/it\\\/#website\",\"url\":\"https:\\\/\\\/svamv.ch\\\/it\\\/\",\"name\":\"SVAMV\",\"description\":\"Allein erziehen einfacher gemacht\",\"potentialAction\":[{\"@type\":\"SearchAction\",\"target\":{\"@type\":\"EntryPoint\",\"urlTemplate\":\"https:\\\/\\\/svamv.ch\\\/it\\\/?s={search_term_string}\"},\"query-input\":{\"@type\":\"PropertyValueSpecification\",\"valueRequired\":true,\"valueName\":\"search_term_string\"}}],\"inLanguage\":\"it-IT\"}]}<\/script>\n<!-- \/ Yoast SEO plugin. -->","yoast_head_json":{"title":"Pagina iniziale - SVAMV","robots":{"index":"index","follow":"follow","max-snippet":"max-snippet:-1","max-image-preview":"max-image-preview:large","max-video-preview":"max-video-preview:-1"},"canonical":"https:\/\/svamv.ch\/it\/","og_locale":"it_IT","og_type":"article","og_title":"Pagina iniziale - SVAMV","og_url":"https:\/\/svamv.ch\/it\/","og_site_name":"SVAMV","article_modified_time":"2026-03-18T08:33:33+00:00","twitter_card":"summary_large_image","twitter_misc":{"Tempo di lettura stimato":"1 minuto"},"schema":{"@context":"https:\/\/schema.org","@graph":[{"@type":"WebPage","@id":"https:\/\/svamv.ch\/it\/","url":"https:\/\/svamv.ch\/it\/","name":"Pagina iniziale - SVAMV","isPartOf":{"@id":"https:\/\/svamv.ch\/it\/#website"},"datePublished":"2024-06-25T12:51:32+00:00","dateModified":"2026-03-18T08:33:33+00:00","breadcrumb":{"@id":"https:\/\/svamv.ch\/it\/#breadcrumb"},"inLanguage":"it-IT","potentialAction":[{"@type":"ReadAction","target":["https:\/\/svamv.ch\/it\/"]}]},{"@type":"BreadcrumbList","@id":"https:\/\/svamv.ch\/it\/#breadcrumb","itemListElement":[{"@type":"ListItem","position":1,"name":"Startseite","item":"https:\/\/svamv.ch\/it\/"},{"@type":"ListItem","position":2,"name":"Pagina iniziale"}]},{"@type":"WebSite","@id":"https:\/\/svamv.ch\/it\/#website","url":"https:\/\/svamv.ch\/it\/","name":"SVAMV","description":"Allein erziehen einfacher gemacht","potentialAction":[{"@type":"SearchAction","target":{"@type":"EntryPoint","urlTemplate":"https:\/\/svamv.ch\/it\/?s={search_term_string}"},"query-input":{"@type":"PropertyValueSpecification","valueRequired":true,"valueName":"search_term_string"}}],"inLanguage":"it-IT"}]}},"_links":{"self":[{"href":"https:\/\/svamv.ch\/it\/wp-json\/wp\/v2\/pages\/776","targetHints":{"allow":["GET"]}}],"collection":[{"href":"https:\/\/svamv.ch\/it\/wp-json\/wp\/v2\/pages"}],"about":[{"href":"https:\/\/svamv.ch\/it\/wp-json\/wp\/v2\/types\/page"}],"author":[{"embeddable":true,"href":"https:\/\/svamv.ch\/it\/wp-json\/wp\/v2\/users\/1"}],"replies":[{"embeddable":true,"href":"https:\/\/svamv.ch\/it\/wp-json\/wp\/v2\/comments?post=776"}],"version-history":[{"count":14,"href":"https:\/\/svamv.ch\/it\/wp-json\/wp\/v2\/pages\/776\/revisions"}],"predecessor-version":[{"id":2403,"href":"https:\/\/svamv.ch\/it\/wp-json\/wp\/v2\/pages\/776\/revisions\/2403"}],"wp:attachment":[{"href":"https:\/\/svamv.ch\/it\/wp-json\/wp\/v2\/media?parent=776"}],"curies":[{"name":"wp","href":"https:\/\/api.w.org\/{rel}","templated":true}]}}